{"id":22313,"date":"2024-01-25T10:57:17","date_gmt":"2024-01-25T09:57:17","guid":{"rendered":"https:\/\/www.villaggiosanfrancesco.com\/por-fesr-region-veneto\/"},"modified":"2024-02-24T15:16:36","modified_gmt":"2024-02-24T14:16:36","slug":"por-fesr-region-veneto","status":"publish","type":"page","link":"https:\/\/www.villaggiosanfrancesco.com\/pl\/por-fesr-region-veneto\/","title":{"rendered":"FESR &#8211; PROGRAM DLA REGIONU VENETO"},"content":{"rendered":"<div  class=\"grids-section row-elenchi grids-is-advanced alignfull\" style=\"--_gs-gap-desktop:0px 0px;--_gs-m-desktop:0 0 0 0;--_gs-p-desktop:0 0 0 0;--_gs-bg-desktop:transparent none;--_gs-bg-xp-desktop:0px;--_gs-zi-desktop:auto;--_gs-d-desktop:block;--_gs-mw-desktop:calc(100% - 0 - 0);--_gs-gap-tablet:0px 0px;--_gs-m-tablet:0 0 0 0;--_gs-p-tablet:0 0 0 0;--_gs-bg-tablet:transparent none;--_gs-bg-xp-tablet:0px;--_gs-zi-tablet:auto;--_gs-d-tablet:block;--_gs-mw-tablet:calc(100% - 0 - 0);--_gs-gap-mobile:0px 0px;--_gs-m-mobile:0 0 0 0;--_gs-p-mobile:0 0 0 0;--_gs-bg-mobile:transparent none;--_gs-bg-xp-mobile:0px;--_gs-zi-mobile:auto;--_gs-d-mobile:block;--_gs-mw-mobile:calc(100% - 0 - 0);--_gs-columns:12;--_gs-rows:6\"><div class=\"grids-s-w_i\">\n<div class=\"grids-area\" style=\"--_ga-column:2\/12;--_ga-row:1\/3;--_ga-m-desktop:0 0 0 0;--_ga-p-desktop:0 0 0 0;--_ga-bg-desktop:transparent none;--_ga-zi-desktop:auto;--_ga-d-desktop:flex;--_ga-mw-desktop:calc(100% - 0 - 0);--_ga-m-tablet:0 0 0 0;--_ga-p-tablet:0 0 0 0;--_ga-bg-tablet:transparent none;--_ga-zi-tablet:auto;--_ga-d-tablet:flex;--_ga-mw-tablet:calc(100% - 0 - 0);--_ga-m-mobile:0 0 0 0;--_ga-p-mobile:0 0 0 0;--_ga-bg-mobile:transparent none;--_ga-zi-mobile:auto;--_ga-d-mobile:flex;--_ga-mw-mobile:calc(100% - 0 - 0)\">\n\n<h2 class=\"has-text-align-center wp-block-heading\">O\u015b 3 &#8222;Konkurencyjno\u015b\u0107 system\u00f3w produkcyjnych<\/h2>\n\n\n\n<h3 class=\"wp-block-heading\"><strong>DZIA\u0141ANIE 3.3.4 SUB C &#8222;WSPIERANIE KONKURENCYJNO\u015aCI PRZEDSI\u0118BIORSTW W MIEJSCOWO\u015aCIACH TURYSTYCZNYCH POPRZEZ PODNOSZENIE KWALIFIKACJI DOSTAWC\u00d3W ORAZ INNOWACJE W ZAKRESIE PRODUKT\u00d3W\/US\u0141UG, STRATEGII I ORGANIZACJI&#8221;.<\/strong><\/h3>\n\n\n\n<h3 class=\"wp-block-heading\"><strong><br\/>PROJEKT DEZYNFEKCJI O\u015aRODKA SAN FRANCESCO<\/strong><br\/><\/h3>\n\n\n\n<p>W celu <strong>powstrzymania zaka\u017ce\u0144 epidemiologicznych Covid-19<\/strong>, Biasuzzi SPA wdro\u017cy\u0142o<strong>plan <\/strong><strong>dezynfekcji<\/strong> w ramach projektu &#8222;Sanitisation of the San Francesco Village&#8221;.<\/p>\n\n\n\n<p>Interwencje zosta\u0142y ju\u017c przeprowadzone od <strong>maja 2020 r. w Caorle (Ve<\/strong> ) &#8211; Villaggio Turistico San Francesco di Duna Verde Via Stella Rosata.<\/p>\n\n\n\n<p>Obejmuje to odka\u017canie: <strong>czyszczenie wszystkich powierzchni<\/strong>, drzwi, klamek, prze\u0142\u0105cznik\u00f3w, pod\u0142\u00f3g, toalet, wyposa\u017cenia, wszystkich obecnych mebli i materia\u0142\u00f3w tekstylnych za pomoc\u0105 produkt\u00f3w odka\u017caj\u0105cych, takich jak podchlorek sodu (0,1%), etanol (62-71%) nadtlenek wodoru (0,5%) przez odpowiedni czas, za ka\u017cdym razem, gdy nast\u0119puje zmiana.<\/p>\n\n\n\n<p><strong>Okresowe<\/strong> oczyszczanie obejmuje dostarczanie ozonu 03 do <strong>wszystkich jednostek mieszkalnych<\/strong> co <strong>tydzie\u0144<\/strong> i tak cz\u0119sto, jak to konieczne, za pomoc\u0105 emitera Hdf 407 dla 7 g \/ h zgodnie z czasami wskazanymi w tabelach STD. W zale\u017cno\u015bci od rodzaju czyszczonej powierzchni (kamie\u0144, drewno, tekstylia) stosowane s\u0105 r\u00f3\u017cne detergenty i \u015brodki dezynfekuj\u0105ce. Tkaniny s\u0105 r\u00f3wnie\u017c prane w gor\u0105cej wodzie (70-90\u00b0) lub w niskiej temperaturze przy u\u017cyciu nadtlenku wodoru z odparowaniem.<\/p>\n\n\n\n<p>Interwencja ta jest zgodna z <strong>celami przetargu<\/strong>, gdy\u017c przyj\u0119te procedury maj\u0105 na celu dostosowanie obiekt\u00f3w do wymog\u00f3w higieniczno-sanitarnych okre\u015blonych w przepisach krajowych i regionalnych oraz wytycznych dotycz\u0105cych otwarcia dzia\u0142alno\u015bci turystycznej w przypadku wyst\u0105pienia stanu nadzwyczajnego. epidemiologiczne z powodu Covid-19.<\/p>\n\n\n\n<h3 class=\"wp-block-heading\"><strong>Kwota otrzymanego wsparcia 14 000,00 EUR<\/strong><\/h3>\n\n\n\n<p><strong>Nr DGR. 1391 z dnia 16\/09\/2020 r.<\/strong><\/p>\n\n<\/div>\n<\/div><\/div>","protected":false},"excerpt":{"rendered":"","protected":false},"author":1,"featured_media":22310,"parent":0,"menu_order":0,"comment_status":"closed","ping_status":"closed","template":"","meta":{"_acf_changed":false,"advgb_blocks_editor_width":"","advgb_blocks_columns_visual_guide":"","footnotes":""},"class_list":["post-22313","page","type-page","status-publish","has-post-thumbnail","hentry","entry"],"acf":[],"yoast_head":"<!-- This site is optimized with the Yoast SEO plugin v26.0 - https:\/\/yoast.com\/wordpress\/plugins\/seo\/ -->\n<title>FESR - PROGRAM DLA REGIONU VENETO - Villaggio San Francesco<\/title>\n<meta name=\"robots\" content=\"index, follow, max-snippet:-1, max-image-preview:large, max-video-preview:-1\" \/>\n<link rel=\"canonical\" href=\"https:\/\/www.villaggiosanfrancesco.com\/pl\/por-fesr-region-veneto\/\" \/>\n<meta property=\"og:locale\" content=\"pl_PL\" \/>\n<meta property=\"og:type\" content=\"article\" \/>\n<meta property=\"og:title\" content=\"FESR - PROGRAM DLA REGIONU VENETO - Villaggio San Francesco\" \/>\n<meta property=\"og:url\" content=\"https:\/\/www.villaggiosanfrancesco.com\/pl\/por-fesr-region-veneto\/\" \/>\n<meta property=\"og:site_name\" content=\"Villaggio San Francesco\" \/>\n<meta property=\"article:publisher\" content=\"https:\/\/www.facebook.com\/VillaggioSanFrancesco\/\" \/>\n<meta property=\"article:modified_time\" content=\"2024-02-24T14:16:36+00:00\" \/>\n<meta property=\"og:image\" content=\"https:\/\/www.villaggiosanfrancesco.com\/wp-content\/uploads\/2022\/08\/por_finanziamenti_regione_villaggio_san_francesco.jpg\" \/>\n\t<meta property=\"og:image:width\" content=\"1920\" \/>\n\t<meta property=\"og:image:height\" content=\"1000\" \/>\n\t<meta property=\"og:image:type\" content=\"image\/jpeg\" \/>\n<meta name=\"twitter:card\" content=\"summary_large_image\" \/>\n<meta name=\"twitter:label1\" content=\"Szacowany czas czytania\" \/>\n\t<meta name=\"twitter:data1\" content=\"1 minuta\" \/>\n<script type=\"application\/ld+json\" class=\"yoast-schema-graph\">{\"@context\":\"https:\/\/schema.org\",\"@graph\":[{\"@type\":\"WebPage\",\"@id\":\"https:\/\/www.villaggiosanfrancesco.com\/pl\/por-fesr-region-veneto\/\",\"url\":\"https:\/\/www.villaggiosanfrancesco.com\/pl\/por-fesr-region-veneto\/\",\"name\":\"FESR - PROGRAM DLA REGIONU VENETO - Villaggio San Francesco\",\"isPartOf\":{\"@id\":\"https:\/\/www.villaggiosanfrancesco.com\/pl\/#website\"},\"primaryImageOfPage\":{\"@id\":\"https:\/\/www.villaggiosanfrancesco.com\/pl\/por-fesr-region-veneto\/#primaryimage\"},\"image\":{\"@id\":\"https:\/\/www.villaggiosanfrancesco.com\/pl\/por-fesr-region-veneto\/#primaryimage\"},\"thumbnailUrl\":\"https:\/\/www.villaggiosanfrancesco.com\/wp-content\/uploads\/2022\/08\/por_finanziamenti_regione_villaggio_san_francesco.jpg\",\"datePublished\":\"2024-01-25T09:57:17+00:00\",\"dateModified\":\"2024-02-24T14:16:36+00:00\",\"breadcrumb\":{\"@id\":\"https:\/\/www.villaggiosanfrancesco.com\/pl\/por-fesr-region-veneto\/#breadcrumb\"},\"inLanguage\":\"pl-PL\",\"potentialAction\":[{\"@type\":\"ReadAction\",\"target\":[\"https:\/\/www.villaggiosanfrancesco.com\/pl\/por-fesr-region-veneto\/\"]}]},{\"@type\":\"ImageObject\",\"inLanguage\":\"pl-PL\",\"@id\":\"https:\/\/www.villaggiosanfrancesco.com\/pl\/por-fesr-region-veneto\/#primaryimage\",\"url\":\"https:\/\/www.villaggiosanfrancesco.com\/wp-content\/uploads\/2022\/08\/por_finanziamenti_regione_villaggio_san_francesco.jpg\",\"contentUrl\":\"https:\/\/www.villaggiosanfrancesco.com\/wp-content\/uploads\/2022\/08\/por_finanziamenti_regione_villaggio_san_francesco.jpg\",\"width\":1920,\"height\":1000},{\"@type\":\"BreadcrumbList\",\"@id\":\"https:\/\/www.villaggiosanfrancesco.com\/pl\/por-fesr-region-veneto\/#breadcrumb\",\"itemListElement\":[{\"@type\":\"ListItem\",\"position\":1,\"name\":\"Home\",\"item\":\"https:\/\/www.villaggiosanfrancesco.com\/pl\/\"},{\"@type\":\"ListItem\",\"position\":2,\"name\":\"FESR &#8211; PROGRAM DLA REGIONU VENETO\"}]},{\"@type\":\"WebSite\",\"@id\":\"https:\/\/www.villaggiosanfrancesco.com\/pl\/#website\",\"url\":\"https:\/\/www.villaggiosanfrancesco.com\/pl\/\",\"name\":\"Villaggio San Francesco\",\"description\":\"Caorle, VENEZIA\",\"publisher\":{\"@id\":\"https:\/\/www.villaggiosanfrancesco.com\/pl\/#organization\"},\"potentialAction\":[{\"@type\":\"SearchAction\",\"target\":{\"@type\":\"EntryPoint\",\"urlTemplate\":\"https:\/\/www.villaggiosanfrancesco.com\/pl\/?s={search_term_string}\"},\"query-input\":{\"@type\":\"PropertyValueSpecification\",\"valueRequired\":true,\"valueName\":\"search_term_string\"}}],\"inLanguage\":\"pl-PL\"},{\"@type\":\"Organization\",\"@id\":\"https:\/\/www.villaggiosanfrancesco.com\/pl\/#organization\",\"name\":\"Villaggio San Francesco\",\"url\":\"https:\/\/www.villaggiosanfrancesco.com\/pl\/\",\"logo\":{\"@type\":\"ImageObject\",\"inLanguage\":\"pl-PL\",\"@id\":\"https:\/\/www.villaggiosanfrancesco.com\/pl\/#\/schema\/logo\/image\/\",\"url\":\"https:\/\/www.villaggiosanfrancesco.com\/wp-content\/uploads\/2023\/03\/Logo-Villaggio-San-Francesco-Caorle-1.png\",\"contentUrl\":\"https:\/\/www.villaggiosanfrancesco.com\/wp-content\/uploads\/2023\/03\/Logo-Villaggio-San-Francesco-Caorle-1.png\",\"width\":1206,\"height\":356,\"caption\":\"Villaggio San Francesco\"},\"image\":{\"@id\":\"https:\/\/www.villaggiosanfrancesco.com\/pl\/#\/schema\/logo\/image\/\"},\"sameAs\":[\"https:\/\/www.facebook.com\/VillaggioSanFrancesco\/\",\"https:\/\/www.instagram.com\/villaggiosanfrancesco\/\",\"https:\/\/www.youtube.com\/channel\/UClXJoJulrb1UANfZodeHn-g\",\"https:\/\/www.tiktok.com\/@sanfrancescoresort\"]}]}<\/script>\n<!-- \/ Yoast SEO plugin. -->","yoast_head_json":{"title":"FESR - PROGRAM DLA REGIONU VENETO - Villaggio San Francesco","robots":{"index":"index","follow":"follow","max-snippet":"max-snippet:-1","max-image-preview":"max-image-preview:large","max-video-preview":"max-video-preview:-1"},"canonical":"https:\/\/www.villaggiosanfrancesco.com\/pl\/por-fesr-region-veneto\/","og_locale":"pl_PL","og_type":"article","og_title":"FESR - PROGRAM DLA REGIONU VENETO - Villaggio San Francesco","og_url":"https:\/\/www.villaggiosanfrancesco.com\/pl\/por-fesr-region-veneto\/","og_site_name":"Villaggio San Francesco","article_publisher":"https:\/\/www.facebook.com\/VillaggioSanFrancesco\/","article_modified_time":"2024-02-24T14:16:36+00:00","og_image":[{"width":1920,"height":1000,"url":"https:\/\/www.villaggiosanfrancesco.com\/wp-content\/uploads\/2022\/08\/por_finanziamenti_regione_villaggio_san_francesco.jpg","type":"image\/jpeg"}],"twitter_card":"summary_large_image","twitter_misc":{"Szacowany czas czytania":"1 minuta"},"schema":{"@context":"https:\/\/schema.org","@graph":[{"@type":"WebPage","@id":"https:\/\/www.villaggiosanfrancesco.com\/pl\/por-fesr-region-veneto\/","url":"https:\/\/www.villaggiosanfrancesco.com\/pl\/por-fesr-region-veneto\/","name":"FESR - PROGRAM DLA REGIONU VENETO - Villaggio San Francesco","isPartOf":{"@id":"https:\/\/www.villaggiosanfrancesco.com\/pl\/#website"},"primaryImageOfPage":{"@id":"https:\/\/www.villaggiosanfrancesco.com\/pl\/por-fesr-region-veneto\/#primaryimage"},"image":{"@id":"https:\/\/www.villaggiosanfrancesco.com\/pl\/por-fesr-region-veneto\/#primaryimage"},"thumbnailUrl":"https:\/\/www.villaggiosanfrancesco.com\/wp-content\/uploads\/2022\/08\/por_finanziamenti_regione_villaggio_san_francesco.jpg","datePublished":"2024-01-25T09:57:17+00:00","dateModified":"2024-02-24T14:16:36+00:00","breadcrumb":{"@id":"https:\/\/www.villaggiosanfrancesco.com\/pl\/por-fesr-region-veneto\/#breadcrumb"},"inLanguage":"pl-PL","potentialAction":[{"@type":"ReadAction","target":["https:\/\/www.villaggiosanfrancesco.com\/pl\/por-fesr-region-veneto\/"]}]},{"@type":"ImageObject","inLanguage":"pl-PL","@id":"https:\/\/www.villaggiosanfrancesco.com\/pl\/por-fesr-region-veneto\/#primaryimage","url":"https:\/\/www.villaggiosanfrancesco.com\/wp-content\/uploads\/2022\/08\/por_finanziamenti_regione_villaggio_san_francesco.jpg","contentUrl":"https:\/\/www.villaggiosanfrancesco.com\/wp-content\/uploads\/2022\/08\/por_finanziamenti_regione_villaggio_san_francesco.jpg","width":1920,"height":1000},{"@type":"BreadcrumbList","@id":"https:\/\/www.villaggiosanfrancesco.com\/pl\/por-fesr-region-veneto\/#breadcrumb","itemListElement":[{"@type":"ListItem","position":1,"name":"Home","item":"https:\/\/www.villaggiosanfrancesco.com\/pl\/"},{"@type":"ListItem","position":2,"name":"FESR &#8211; PROGRAM DLA REGIONU VENETO"}]},{"@type":"WebSite","@id":"https:\/\/www.villaggiosanfrancesco.com\/pl\/#website","url":"https:\/\/www.villaggiosanfrancesco.com\/pl\/","name":"Villaggio San Francesco","description":"Caorle, VENEZIA","publisher":{"@id":"https:\/\/www.villaggiosanfrancesco.com\/pl\/#organization"},"potentialAction":[{"@type":"SearchAction","target":{"@type":"EntryPoint","urlTemplate":"https:\/\/www.villaggiosanfrancesco.com\/pl\/?s={search_term_string}"},"query-input":{"@type":"PropertyValueSpecification","valueRequired":true,"valueName":"search_term_string"}}],"inLanguage":"pl-PL"},{"@type":"Organization","@id":"https:\/\/www.villaggiosanfrancesco.com\/pl\/#organization","name":"Villaggio San Francesco","url":"https:\/\/www.villaggiosanfrancesco.com\/pl\/","logo":{"@type":"ImageObject","inLanguage":"pl-PL","@id":"https:\/\/www.villaggiosanfrancesco.com\/pl\/#\/schema\/logo\/image\/","url":"https:\/\/www.villaggiosanfrancesco.com\/wp-content\/uploads\/2023\/03\/Logo-Villaggio-San-Francesco-Caorle-1.png","contentUrl":"https:\/\/www.villaggiosanfrancesco.com\/wp-content\/uploads\/2023\/03\/Logo-Villaggio-San-Francesco-Caorle-1.png","width":1206,"height":356,"caption":"Villaggio San Francesco"},"image":{"@id":"https:\/\/www.villaggiosanfrancesco.com\/pl\/#\/schema\/logo\/image\/"},"sameAs":["https:\/\/www.facebook.com\/VillaggioSanFrancesco\/","https:\/\/www.instagram.com\/villaggiosanfrancesco\/","https:\/\/www.youtube.com\/channel\/UClXJoJulrb1UANfZodeHn-g","https:\/\/www.tiktok.com\/@sanfrancescoresort"]}]}},"coauthors":[],"author_meta":{"author_link":"https:\/\/www.villaggiosanfrancesco.com\/pl\/news\/author\/admin\/","display_name":"admin"},"relative_dates":{"created":"Posted 2 lata ago","modified":"Updated 2 lata ago"},"absolute_dates":{"created":"Posted on 25 stycznia, 2024","modified":"Updated on 24 lutego, 2024"},"absolute_dates_time":{"created":"Posted on 25 stycznia, 2024 10:57 am","modified":"Updated on 24 lutego, 2024 3:16 pm"},"featured_img_caption":"","featured_img":"https:\/\/www.villaggiosanfrancesco.com\/wp-content\/uploads\/2022\/08\/por_finanziamenti_regione_villaggio_san_francesco-1568x817.jpg","series_order":"","_links":{"self":[{"href":"https:\/\/www.villaggiosanfrancesco.com\/pl\/wp-json\/wp\/v2\/pages\/22313","targetHints":{"allow":["GET"]}}],"collection":[{"href":"https:\/\/www.villaggiosanfrancesco.com\/pl\/wp-json\/wp\/v2\/pages"}],"about":[{"href":"https:\/\/www.villaggiosanfrancesco.com\/pl\/wp-json\/wp\/v2\/types\/page"}],"author":[{"embeddable":true,"href":"https:\/\/www.villaggiosanfrancesco.com\/pl\/wp-json\/wp\/v2\/users\/1"}],"replies":[{"embeddable":true,"href":"https:\/\/www.villaggiosanfrancesco.com\/pl\/wp-json\/wp\/v2\/comments?post=22313"}],"version-history":[{"count":0,"href":"https:\/\/www.villaggiosanfrancesco.com\/pl\/wp-json\/wp\/v2\/pages\/22313\/revisions"}],"wp:featuredmedia":[{"embeddable":true,"href":"https:\/\/www.villaggiosanfrancesco.com\/pl\/wp-json\/wp\/v2\/media\/22310"}],"wp:attachment":[{"href":"https:\/\/www.villaggiosanfrancesco.com\/pl\/wp-json\/wp\/v2\/media?parent=22313"}],"curies":[{"name":"wp","href":"https:\/\/api.w.org\/{rel}","templated":true}]}}