{"id":22309,"date":"2024-01-25T10:57:16","date_gmt":"2024-01-25T09:57:16","guid":{"rendered":"https:\/\/www.villaggiosanfrancesco.com\/por-fesr-regione-del-veneto-platformy-technologiczne\/"},"modified":"2024-02-24T16:00:54","modified_gmt":"2024-02-24T15:00:54","slug":"por-fesr-regione-del-veneto-platformy-technologiczne","status":"publish","type":"page","link":"https:\/\/www.villaggiosanfrancesco.com\/pl\/por-fesr-regione-del-veneto-platformy-technologiczne\/","title":{"rendered":"FESR REGIONE DEL VENETO &#8211; PROGRAM PLATFORMY TECHNOLOGICZNE"},"content":{"rendered":"<div  class=\"grids-section row-elenchi grids-is-advanced alignfull\" style=\"--_gs-gap-desktop:0px 0px;--_gs-m-desktop:0 0 0 0;--_gs-p-desktop:0 0 0 0;--_gs-bg-desktop:transparent none;--_gs-bg-xp-desktop:0px;--_gs-zi-desktop:auto;--_gs-d-desktop:block;--_gs-mw-desktop:calc(100% - 0 - 0);--_gs-gap-tablet:0px 0px;--_gs-m-tablet:0 0 0 0;--_gs-p-tablet:0 0 0 0;--_gs-bg-tablet:transparent none;--_gs-bg-xp-tablet:0px;--_gs-zi-tablet:auto;--_gs-d-tablet:block;--_gs-mw-tablet:calc(100% - 0 - 0);--_gs-gap-mobile:0px 0px;--_gs-m-mobile:0 0 0 0;--_gs-p-mobile:0 0 0 0;--_gs-bg-mobile:transparent none;--_gs-bg-xp-mobile:0px;--_gs-zi-mobile:auto;--_gs-d-mobile:block;--_gs-mw-mobile:calc(100% - 0 - 0);--_gs-columns:12;--_gs-rows:6\"><div class=\"grids-s-w_i\">\n<div class=\"grids-area\" style=\"--_ga-column:2\/12;--_ga-row:1\/3;--_ga-m-desktop:0 0 0 0;--_ga-p-desktop:0 0 0 0;--_ga-bg-desktop:transparent none;--_ga-zi-desktop:auto;--_ga-d-desktop:flex;--_ga-mw-desktop:calc(100% - 0 - 0);--_ga-m-tablet:0 0 0 0;--_ga-p-tablet:0 0 0 0;--_ga-bg-tablet:transparent none;--_ga-zi-tablet:auto;--_ga-d-tablet:flex;--_ga-mw-tablet:calc(100% - 0 - 0);--_ga-m-mobile:0 0 0 0;--_ga-p-mobile:0 0 0 0;--_ga-bg-mobile:transparent none;--_ga-zi-mobile:auto;--_ga-d-mobile:flex;--_ga-mw-mobile:calc(100% - 0 - 0)\">\n\n<h2 class=\"has-text-align-center wp-block-heading\">O\u015b 1 &#8222;Badania, rozw\u00f3j technologiczny i innowacje<\/h2>\n\n\n\n<p>Zaproszenie do ubiegania si\u0119 o wsparcie na zakup us\u0142ug innowacyjnych przez M\u015aP<\/p>\n\n\n\n<h3 class=\"wp-block-heading\"><strong>DZIA\u0141ANIE 1.1.2 &#8222;WSPARCIE ZAKUPU US\u0141UG NA RZECZ INNOWACJI TECHNOLOGICZNYCH, STRATEGICZNYCH, ORGANIZACYJNYCH I HANDLOWYCH PRZEDSI\u0118BIORSTW&#8221;.<\/strong><\/h3>\n\n\n\n<p><strong>Projekt<\/strong>: Platformy technologiczne Villaggio S. Francesco Caorle (VE)<\/p>\n\n\n\n<p><strong>Cel szczeg\u00f3\u0142owy<\/strong>: Zwi\u0119kszenie aktywno\u015bci innowacyjnej przedsi\u0119biorstw<\/p>\n\n\n\n<p>Firma Biasuzzi Spa zarz\u0105dza obiektem <strong>Villaggio Turistico San Francesco w Caorle (VE)<\/strong>.<\/p>\n\n\n\n<p>Projekt obejmowa\u0142 opracowanie <strong>dw\u00f3ch platform technologicznych<\/strong>, jednej po\u015bwi\u0119conej lojalno\u015bci klient\u00f3w, a drugiej zaprojektowanej w celu poprawy do\u015bwiadczenia w o\u015brodku.<\/p>\n\n\n\n<p>W celu budowania lojalno\u015bci klient\u00f3w stworzono cyfrowe portfolio dedykowane klientom o\u015brodka. Cyfrowy portfel b\u0119dzie zasilany wydatkami na us\u0142ugi w wiosce, kt\u00f3re zostan\u0105 przekszta\u0142cone w wirtualn\u0105 walut\u0119 o nazwie &#8222;Bi Coin&#8221;, kt\u00f3r\u0105 mo\u017cna wyda\u0107 w o\u015brodku lub wykorzysta\u0107 do przysz\u0142ych rezerwacji.<\/p>\n\n\n\n<p>W drugiej linii projektu opracowano platform\u0119 technologiczn\u0105, kt\u00f3ra umo\u017cliwia p\u0142ynny i uporz\u0105dkowany przep\u0142yw do basen\u00f3w, unikaj\u0105c tak bardzo obawianego t\u0142oku.<\/p>\n\n\n\n<p>Aplikacja, dzi\u0119ki zaawansowanej kamerze i algorytmowi sztucznej inteligencji, zapewni w czasie rzeczywistym stopie\u0144 zat\u0142oczenia w danej przestrzeni, oferuj\u0105c ludziom mo\u017cliwo\u015b\u0107 wyboru najbardziej odpowiedniego czasu, aby si\u0119 tam uda\u0107. Korzystaj\u0105c z algorytm\u00f3w predykcyjnych opartych na sztucznej inteligencji, b\u0119dzie mo\u017cna r\u00f3wnie\u017c przewidzie\u0107 najbardziej ruchliwe godziny, zalecaj\u0105c klientom alternatywny czas.<\/p>\n\n\n\n<h3 class=\"wp-block-heading\"><strong>Kwota otrzymanego wsparcia 15 840,00 EUR<\/strong><\/h3>\n\n\n\n<p><strong>Nr DGR. 1391 z dnia 16\/09\/2020 r.<\/strong><\/p>\n\n<\/div>\n<\/div><\/div>","protected":false},"excerpt":{"rendered":"","protected":false},"author":1,"featured_media":22310,"parent":0,"menu_order":0,"comment_status":"closed","ping_status":"closed","template":"","meta":{"_acf_changed":false,"advgb_blocks_editor_width":"","advgb_blocks_columns_visual_guide":"","footnotes":""},"class_list":["post-22309","page","type-page","status-publish","has-post-thumbnail","hentry","entry"],"acf":[],"yoast_head":"<!-- This site is optimized with the Yoast SEO plugin v26.0 - https:\/\/yoast.com\/wordpress\/plugins\/seo\/ -->\n<title>FESR REGIONE DEL VENETO - PROGRAM PLATFORMY TECHNOLOGICZNE - Villaggio San Francesco<\/title>\n<meta name=\"robots\" content=\"index, follow, max-snippet:-1, max-image-preview:large, max-video-preview:-1\" \/>\n<link rel=\"canonical\" href=\"https:\/\/www.villaggiosanfrancesco.com\/pl\/por-fesr-regione-del-veneto-platformy-technologiczne\/\" \/>\n<meta property=\"og:locale\" content=\"pl_PL\" \/>\n<meta property=\"og:type\" content=\"article\" \/>\n<meta property=\"og:title\" content=\"FESR REGIONE DEL VENETO - PROGRAM PLATFORMY TECHNOLOGICZNE - Villaggio San Francesco\" \/>\n<meta property=\"og:url\" content=\"https:\/\/www.villaggiosanfrancesco.com\/pl\/por-fesr-regione-del-veneto-platformy-technologiczne\/\" \/>\n<meta property=\"og:site_name\" content=\"Villaggio San Francesco\" \/>\n<meta property=\"article:publisher\" content=\"https:\/\/www.facebook.com\/VillaggioSanFrancesco\/\" \/>\n<meta property=\"article:modified_time\" content=\"2024-02-24T15:00:54+00:00\" \/>\n<meta property=\"og:image\" content=\"https:\/\/www.villaggiosanfrancesco.com\/wp-content\/uploads\/2022\/08\/por_finanziamenti_regione_villaggio_san_francesco.jpg\" \/>\n\t<meta property=\"og:image:width\" content=\"1920\" \/>\n\t<meta property=\"og:image:height\" content=\"1000\" \/>\n\t<meta property=\"og:image:type\" content=\"image\/jpeg\" \/>\n<meta name=\"twitter:card\" content=\"summary_large_image\" \/>\n<meta name=\"twitter:label1\" content=\"Szacowany czas czytania\" \/>\n\t<meta name=\"twitter:data1\" content=\"1 minuta\" \/>\n<script type=\"application\/ld+json\" class=\"yoast-schema-graph\">{\"@context\":\"https:\/\/schema.org\",\"@graph\":[{\"@type\":\"WebPage\",\"@id\":\"https:\/\/www.villaggiosanfrancesco.com\/pl\/por-fesr-regione-del-veneto-platformy-technologiczne\/\",\"url\":\"https:\/\/www.villaggiosanfrancesco.com\/pl\/por-fesr-regione-del-veneto-platformy-technologiczne\/\",\"name\":\"FESR REGIONE DEL VENETO - PROGRAM PLATFORMY TECHNOLOGICZNE - Villaggio San Francesco\",\"isPartOf\":{\"@id\":\"https:\/\/www.villaggiosanfrancesco.com\/pl\/#website\"},\"primaryImageOfPage\":{\"@id\":\"https:\/\/www.villaggiosanfrancesco.com\/pl\/por-fesr-regione-del-veneto-platformy-technologiczne\/#primaryimage\"},\"image\":{\"@id\":\"https:\/\/www.villaggiosanfrancesco.com\/pl\/por-fesr-regione-del-veneto-platformy-technologiczne\/#primaryimage\"},\"thumbnailUrl\":\"https:\/\/www.villaggiosanfrancesco.com\/wp-content\/uploads\/2022\/08\/por_finanziamenti_regione_villaggio_san_francesco.jpg\",\"datePublished\":\"2024-01-25T09:57:16+00:00\",\"dateModified\":\"2024-02-24T15:00:54+00:00\",\"breadcrumb\":{\"@id\":\"https:\/\/www.villaggiosanfrancesco.com\/pl\/por-fesr-regione-del-veneto-platformy-technologiczne\/#breadcrumb\"},\"inLanguage\":\"pl-PL\",\"potentialAction\":[{\"@type\":\"ReadAction\",\"target\":[\"https:\/\/www.villaggiosanfrancesco.com\/pl\/por-fesr-regione-del-veneto-platformy-technologiczne\/\"]}]},{\"@type\":\"ImageObject\",\"inLanguage\":\"pl-PL\",\"@id\":\"https:\/\/www.villaggiosanfrancesco.com\/pl\/por-fesr-regione-del-veneto-platformy-technologiczne\/#primaryimage\",\"url\":\"https:\/\/www.villaggiosanfrancesco.com\/wp-content\/uploads\/2022\/08\/por_finanziamenti_regione_villaggio_san_francesco.jpg\",\"contentUrl\":\"https:\/\/www.villaggiosanfrancesco.com\/wp-content\/uploads\/2022\/08\/por_finanziamenti_regione_villaggio_san_francesco.jpg\",\"width\":1920,\"height\":1000},{\"@type\":\"BreadcrumbList\",\"@id\":\"https:\/\/www.villaggiosanfrancesco.com\/pl\/por-fesr-regione-del-veneto-platformy-technologiczne\/#breadcrumb\",\"itemListElement\":[{\"@type\":\"ListItem\",\"position\":1,\"name\":\"Home\",\"item\":\"https:\/\/www.villaggiosanfrancesco.com\/pl\/\"},{\"@type\":\"ListItem\",\"position\":2,\"name\":\"FESR REGIONE DEL VENETO &#8211; PROGRAM PLATFORMY TECHNOLOGICZNE\"}]},{\"@type\":\"WebSite\",\"@id\":\"https:\/\/www.villaggiosanfrancesco.com\/pl\/#website\",\"url\":\"https:\/\/www.villaggiosanfrancesco.com\/pl\/\",\"name\":\"Villaggio San Francesco\",\"description\":\"Caorle, VENEZIA\",\"publisher\":{\"@id\":\"https:\/\/www.villaggiosanfrancesco.com\/pl\/#organization\"},\"potentialAction\":[{\"@type\":\"SearchAction\",\"target\":{\"@type\":\"EntryPoint\",\"urlTemplate\":\"https:\/\/www.villaggiosanfrancesco.com\/pl\/?s={search_term_string}\"},\"query-input\":{\"@type\":\"PropertyValueSpecification\",\"valueRequired\":true,\"valueName\":\"search_term_string\"}}],\"inLanguage\":\"pl-PL\"},{\"@type\":\"Organization\",\"@id\":\"https:\/\/www.villaggiosanfrancesco.com\/pl\/#organization\",\"name\":\"Villaggio San Francesco\",\"url\":\"https:\/\/www.villaggiosanfrancesco.com\/pl\/\",\"logo\":{\"@type\":\"ImageObject\",\"inLanguage\":\"pl-PL\",\"@id\":\"https:\/\/www.villaggiosanfrancesco.com\/pl\/#\/schema\/logo\/image\/\",\"url\":\"https:\/\/www.villaggiosanfrancesco.com\/wp-content\/uploads\/2023\/03\/Logo-Villaggio-San-Francesco-Caorle-1.png\",\"contentUrl\":\"https:\/\/www.villaggiosanfrancesco.com\/wp-content\/uploads\/2023\/03\/Logo-Villaggio-San-Francesco-Caorle-1.png\",\"width\":1206,\"height\":356,\"caption\":\"Villaggio San Francesco\"},\"image\":{\"@id\":\"https:\/\/www.villaggiosanfrancesco.com\/pl\/#\/schema\/logo\/image\/\"},\"sameAs\":[\"https:\/\/www.facebook.com\/VillaggioSanFrancesco\/\",\"https:\/\/www.instagram.com\/villaggiosanfrancesco\/\",\"https:\/\/www.youtube.com\/channel\/UClXJoJulrb1UANfZodeHn-g\",\"https:\/\/www.tiktok.com\/@sanfrancescoresort\"]}]}<\/script>\n<!-- \/ Yoast SEO plugin. -->","yoast_head_json":{"title":"FESR REGIONE DEL VENETO - PROGRAM PLATFORMY TECHNOLOGICZNE - Villaggio San Francesco","robots":{"index":"index","follow":"follow","max-snippet":"max-snippet:-1","max-image-preview":"max-image-preview:large","max-video-preview":"max-video-preview:-1"},"canonical":"https:\/\/www.villaggiosanfrancesco.com\/pl\/por-fesr-regione-del-veneto-platformy-technologiczne\/","og_locale":"pl_PL","og_type":"article","og_title":"FESR REGIONE DEL VENETO - PROGRAM PLATFORMY TECHNOLOGICZNE - Villaggio San Francesco","og_url":"https:\/\/www.villaggiosanfrancesco.com\/pl\/por-fesr-regione-del-veneto-platformy-technologiczne\/","og_site_name":"Villaggio San Francesco","article_publisher":"https:\/\/www.facebook.com\/VillaggioSanFrancesco\/","article_modified_time":"2024-02-24T15:00:54+00:00","og_image":[{"width":1920,"height":1000,"url":"https:\/\/www.villaggiosanfrancesco.com\/wp-content\/uploads\/2022\/08\/por_finanziamenti_regione_villaggio_san_francesco.jpg","type":"image\/jpeg"}],"twitter_card":"summary_large_image","twitter_misc":{"Szacowany czas czytania":"1 minuta"},"schema":{"@context":"https:\/\/schema.org","@graph":[{"@type":"WebPage","@id":"https:\/\/www.villaggiosanfrancesco.com\/pl\/por-fesr-regione-del-veneto-platformy-technologiczne\/","url":"https:\/\/www.villaggiosanfrancesco.com\/pl\/por-fesr-regione-del-veneto-platformy-technologiczne\/","name":"FESR REGIONE DEL VENETO - PROGRAM PLATFORMY TECHNOLOGICZNE - Villaggio San Francesco","isPartOf":{"@id":"https:\/\/www.villaggiosanfrancesco.com\/pl\/#website"},"primaryImageOfPage":{"@id":"https:\/\/www.villaggiosanfrancesco.com\/pl\/por-fesr-regione-del-veneto-platformy-technologiczne\/#primaryimage"},"image":{"@id":"https:\/\/www.villaggiosanfrancesco.com\/pl\/por-fesr-regione-del-veneto-platformy-technologiczne\/#primaryimage"},"thumbnailUrl":"https:\/\/www.villaggiosanfrancesco.com\/wp-content\/uploads\/2022\/08\/por_finanziamenti_regione_villaggio_san_francesco.jpg","datePublished":"2024-01-25T09:57:16+00:00","dateModified":"2024-02-24T15:00:54+00:00","breadcrumb":{"@id":"https:\/\/www.villaggiosanfrancesco.com\/pl\/por-fesr-regione-del-veneto-platformy-technologiczne\/#breadcrumb"},"inLanguage":"pl-PL","potentialAction":[{"@type":"ReadAction","target":["https:\/\/www.villaggiosanfrancesco.com\/pl\/por-fesr-regione-del-veneto-platformy-technologiczne\/"]}]},{"@type":"ImageObject","inLanguage":"pl-PL","@id":"https:\/\/www.villaggiosanfrancesco.com\/pl\/por-fesr-regione-del-veneto-platformy-technologiczne\/#primaryimage","url":"https:\/\/www.villaggiosanfrancesco.com\/wp-content\/uploads\/2022\/08\/por_finanziamenti_regione_villaggio_san_francesco.jpg","contentUrl":"https:\/\/www.villaggiosanfrancesco.com\/wp-content\/uploads\/2022\/08\/por_finanziamenti_regione_villaggio_san_francesco.jpg","width":1920,"height":1000},{"@type":"BreadcrumbList","@id":"https:\/\/www.villaggiosanfrancesco.com\/pl\/por-fesr-regione-del-veneto-platformy-technologiczne\/#breadcrumb","itemListElement":[{"@type":"ListItem","position":1,"name":"Home","item":"https:\/\/www.villaggiosanfrancesco.com\/pl\/"},{"@type":"ListItem","position":2,"name":"FESR REGIONE DEL VENETO &#8211; PROGRAM PLATFORMY TECHNOLOGICZNE"}]},{"@type":"WebSite","@id":"https:\/\/www.villaggiosanfrancesco.com\/pl\/#website","url":"https:\/\/www.villaggiosanfrancesco.com\/pl\/","name":"Villaggio San Francesco","description":"Caorle, VENEZIA","publisher":{"@id":"https:\/\/www.villaggiosanfrancesco.com\/pl\/#organization"},"potentialAction":[{"@type":"SearchAction","target":{"@type":"EntryPoint","urlTemplate":"https:\/\/www.villaggiosanfrancesco.com\/pl\/?s={search_term_string}"},"query-input":{"@type":"PropertyValueSpecification","valueRequired":true,"valueName":"search_term_string"}}],"inLanguage":"pl-PL"},{"@type":"Organization","@id":"https:\/\/www.villaggiosanfrancesco.com\/pl\/#organization","name":"Villaggio San Francesco","url":"https:\/\/www.villaggiosanfrancesco.com\/pl\/","logo":{"@type":"ImageObject","inLanguage":"pl-PL","@id":"https:\/\/www.villaggiosanfrancesco.com\/pl\/#\/schema\/logo\/image\/","url":"https:\/\/www.villaggiosanfrancesco.com\/wp-content\/uploads\/2023\/03\/Logo-Villaggio-San-Francesco-Caorle-1.png","contentUrl":"https:\/\/www.villaggiosanfrancesco.com\/wp-content\/uploads\/2023\/03\/Logo-Villaggio-San-Francesco-Caorle-1.png","width":1206,"height":356,"caption":"Villaggio San Francesco"},"image":{"@id":"https:\/\/www.villaggiosanfrancesco.com\/pl\/#\/schema\/logo\/image\/"},"sameAs":["https:\/\/www.facebook.com\/VillaggioSanFrancesco\/","https:\/\/www.instagram.com\/villaggiosanfrancesco\/","https:\/\/www.youtube.com\/channel\/UClXJoJulrb1UANfZodeHn-g","https:\/\/www.tiktok.com\/@sanfrancescoresort"]}]}},"coauthors":[],"author_meta":{"author_link":"https:\/\/www.villaggiosanfrancesco.com\/pl\/news\/author\/admin\/","display_name":"admin"},"relative_dates":{"created":"Posted 2 lata ago","modified":"Updated 2 lata ago"},"absolute_dates":{"created":"Posted on 25 stycznia, 2024","modified":"Updated on 24 lutego, 2024"},"absolute_dates_time":{"created":"Posted on 25 stycznia, 2024 10:57 am","modified":"Updated on 24 lutego, 2024 4:00 pm"},"featured_img_caption":"","featured_img":"https:\/\/www.villaggiosanfrancesco.com\/wp-content\/uploads\/2022\/08\/por_finanziamenti_regione_villaggio_san_francesco-1568x817.jpg","series_order":"","_links":{"self":[{"href":"https:\/\/www.villaggiosanfrancesco.com\/pl\/wp-json\/wp\/v2\/pages\/22309","targetHints":{"allow":["GET"]}}],"collection":[{"href":"https:\/\/www.villaggiosanfrancesco.com\/pl\/wp-json\/wp\/v2\/pages"}],"about":[{"href":"https:\/\/www.villaggiosanfrancesco.com\/pl\/wp-json\/wp\/v2\/types\/page"}],"author":[{"embeddable":true,"href":"https:\/\/www.villaggiosanfrancesco.com\/pl\/wp-json\/wp\/v2\/users\/1"}],"replies":[{"embeddable":true,"href":"https:\/\/www.villaggiosanfrancesco.com\/pl\/wp-json\/wp\/v2\/comments?post=22309"}],"version-history":[{"count":0,"href":"https:\/\/www.villaggiosanfrancesco.com\/pl\/wp-json\/wp\/v2\/pages\/22309\/revisions"}],"wp:featuredmedia":[{"embeddable":true,"href":"https:\/\/www.villaggiosanfrancesco.com\/pl\/wp-json\/wp\/v2\/media\/22310"}],"wp:attachment":[{"href":"https:\/\/www.villaggiosanfrancesco.com\/pl\/wp-json\/wp\/v2\/media?parent=22309"}],"curies":[{"name":"wp","href":"https:\/\/api.w.org\/{rel}","templated":true}]}}