{"id":22095,"date":"2024-01-25T10:56:40","date_gmt":"2024-01-25T09:56:40","guid":{"rendered":"https:\/\/www.villaggiosanfrancesco.com\/boiska-pilkarskie\/"},"modified":"2026-04-15T14:44:08","modified_gmt":"2026-04-15T12:44:08","slug":"boiska-pilkarskie","status":"publish","type":"page","link":"https:\/\/www.villaggiosanfrancesco.com\/pl\/boiska-pilkarskie\/","title":{"rendered":"Boiska pi\u0142karskie"},"content":{"rendered":"<div  class=\"grids-section row-elenchi grids-is-advanced alignfull\" style=\"--_gs-gap-desktop:0px 0px;--_gs-m-desktop:0 0 0 0;--_gs-p-desktop:0 0 0 0;--_gs-bg-desktop:transparent none;--_gs-bg-xp-desktop:0px;--_gs-zi-desktop:auto;--_gs-d-desktop:block;--_gs-mw-desktop:calc(100% - 0 - 0);--_gs-gap-tablet:0px 0px;--_gs-m-tablet:0 0 0 0;--_gs-p-tablet:0 0 0 0;--_gs-bg-tablet:transparent none;--_gs-bg-xp-tablet:0px;--_gs-zi-tablet:auto;--_gs-d-tablet:block;--_gs-mw-tablet:calc(100% - 0 - 0);--_gs-gap-mobile:0px 0px;--_gs-m-mobile:0 0 0 0;--_gs-p-mobile:0 0 0 0;--_gs-bg-mobile:transparent none;--_gs-bg-xp-mobile:0px;--_gs-zi-mobile:auto;--_gs-d-mobile:block;--_gs-mw-mobile:calc(100% - 0 - 0);--_gs-columns:12;--_gs-rows:6\"><div class=\"grids-s-w_i\">\n<div class=\"grids-area\" style=\"--_ga-column:2\/12;--_ga-row:1\/3;--_ga-m-desktop:0 0 0 0;--_ga-p-desktop:0 0 0 0;--_ga-bg-desktop:transparent none;--_ga-zi-desktop:auto;--_ga-d-desktop:flex;--_ga-mw-desktop:calc(100% - 0 - 0);--_ga-m-tablet:0 0 0 0;--_ga-p-tablet:0 0 0 0;--_ga-bg-tablet:transparent none;--_ga-zi-tablet:auto;--_ga-d-tablet:flex;--_ga-mw-tablet:calc(100% - 0 - 0);--_ga-m-mobile:0 0 0 0;--_ga-p-mobile:0 0 0 0;--_ga-bg-mobile:transparent none;--_ga-zi-mobile:auto;--_ga-d-mobile:flex;--_ga-mw-mobile:calc(100% - 0 - 0)\">\n\n<h2 class=\"wp-block-heading has-text-align-center\">Masz ochot\u0119 pokopa\u0107 pi\u0142k\u0119?<\/h2>\n\n\n\n<h3 class=\"wp-block-heading\">Gra w pi\u0142k\u0119 no\u017cn\u0105 na wakacjach jest w\u0142a\u015bnie tym, czego potrzebujesz!<\/h3>\n\n\n\n<p>Je\u015bli uwielbiasz gra\u0107 w pi\u0142k\u0119 no\u017cn\u0105, absolutnie nie mo\u017cesz si\u0119 jej pozbawia\u0107 podczas wakacji!<\/p>\n\n\n\n<p>W obiekcie Villaggio San Francesco znajduj\u0105 si\u0119 dwa boiska do pi\u0142ki no\u017cnej z traw\u0105 syntetyczn\u0105, na kt\u00f3rych mo\u017cna bawi\u0107 si\u0119 z przyjaci\u00f3\u0142mi lub innymi go\u015b\u0107mi.<\/p>\n\n\n\n<p>Zbierz sw\u00f3j zesp\u00f3\u0142 i b\u0105d\u017a gotowy na gwizdek rozpoczynaj\u0105cy mecz. Kto wygra ten mecz?<\/p>\n\n<\/div>\n<\/div><\/div>\n\n\t<div id=\"boxTextSlider_2\" class=\"box-text-slider-container-wrapper  \" style=\"background-image: url(https:\/\/www.villaggiosanfrancesco.com\/wp-content\/uploads\/2022\/08\/calcetto_villaggio_san_francesco.jpg);--box-text-bck-color: #000000;--box-text-color: #ffffff;\">\n\n\t\t<div class=\"box-text-slider_content\">\n\t\t\t<h3>BOISKA<\/h3>\n<h2>2 boiska do pi\u0142ki no\u017cnej<\/h2>\n<h3><span style=\"font-weight: 400;\">Biegnij w kierunku bramki, drybluj obok przeciwnika i kopnij pi\u0142k\u0119 do siatki.<br \/>\n<\/span><\/h3>\n<p>Na terenie obiektu Villaggio San Francesco dost\u0119pne s\u0105 dwa o\u015bwietlone boiska z trawy syntetycznej:<\/p>\n<ul>\n<li>Boisko 1: 20,40 x 28,00 m (571,20 m2)<\/li>\n<li>Boisko 2: 15,25 x 30,65 m (465,88 m2)<\/li>\n<\/ul>\n\t\t<\/div>\n\n\t\t\t\t\t<div class=\"box-text-slider_slider\">\n\t\t\t\t<div class=\"swiper-wrapper\">\n\t\t\t\t\t\t\t\t\t\t\t\t\t\t\t\t\t<div class=\"box-text-slider_slider_slide swiper-slide\">\n\n\t\t\t\t\t\t\t\t\t\t\t\t\t\t\t<figure class=\"full-width\" style=\"background-color: #50603c;\">\n\t\t\t\t\t\t\t\t\t<img decoding=\"async\" src=\"https:\/\/www.villaggiosanfrancesco.com\/wp-content\/uploads\/2022\/08\/calcetto_villaggio_san_francesco_01.jpg\" alt=\"\" title=\"calcetto_villaggio_san_francesco_01\" \/>\n\t\t\t\t\t\t\t\t<\/figure>\n\t\t\t\t\t\t\t\n\t\t\t\t\t\t\t\n\t\t\t\t\t\t\t\t\t\t\t\t\t\t\t\t\t<div class=\"box-text-slider_slider_slide_title\">\n\t\t\t\t\t\t\t\t\t\tBoisko\t\t\t\t\t\t\t\t\t\t\t\t\t\t\t\t\n\t\t\t\t\t\t\t\t<\/div>\n\t\t\t\t\t\t\t\t\t\t\t\t\t<\/div>\n\t\t\t\t\t\t\n\t\t\t\t\t\t\t\t\t<\/div>\n\t\t\t\t\n\t\t\t\t\t\t\t<\/div>\n\t\t\t<\/div>\n\n\t\n\n\n\n\t<div id=\"boxTextSlider_3\" class=\"box-text-slider-container-wrapper no-background \" style=\"--box-text-bck-color: #ffffff;--box-text-color: #000000;\">\n\n\t\t<div class=\"box-text-slider_content\">\n\t\t\t<h2><!-- wp:heading {\"textAlign\":\"center\",\"ifso_condition_rules\":{},\"ifso_aud_addrm\":{},\"advgbBlockControls\":[]} --><\/h2>\n<h2 class=\"wp-block-heading has-text-align-center\">Szk\u00f3\u0142ka pi\u0142karska dla dzieci<\/h2>\n<h2><!-- \/wp:heading --> <!-- wp:paragraph {\"align\":\"center\"} --><\/h2>\n<p class=\"has-text-align-center\">Czynny <strong>od czerwca do wrze\u015bnia<\/strong>, zarezerwowany dla dzieci <strong>w wieku od 3 do 12<\/strong> lat.<\/p>\n<h2><!-- \/wp:paragraph --> <!-- wp:paragraph {\"align\":\"center\"} --><\/h2>\n<p class=\"has-text-align-center\">O rejestracj\u0119 zapytaj animator\u00f3w!<\/p>\n<h2><!-- \/wp:paragraph --><\/h2>\n\t\t<\/div>\n\n\t\t\t\t\t<div class=\"box-text-slider_slider\">\n\t\t\t\t<div class=\"swiper-wrapper\">\n\t\t\t\t\t\t\t\t\t\t\t\t\t\t\t\t\t<div class=\"box-text-slider_slider_slide swiper-slide\">\n\n\t\t\t\t\t\t\t\t\t\t\t\t\t\t\t<figure class=\"full-width\" style=\"background-color: #7a7c57;\">\n\t\t\t\t\t\t\t\t\t<img decoding=\"async\" src=\"https:\/\/www.villaggiosanfrancesco.com\/wp-content\/uploads\/2023\/10\/campo-da-calcio-villaggio-sportivo-san-francesco-caorle.jpg\" alt=\"\" title=\"campo-da-calcio-villaggio-sportivo-san-francesco-caorle\" \/>\n\t\t\t\t\t\t\t\t<\/figure>\n\t\t\t\t\t\t\t\n\t\t\t\t\t\t\t\n\t\t\t\t\t\t\t\t\t\t\t\t\t\t\t\t\t<div class=\"box-text-slider_slider_slide_title\">\n\t\t\t\t\t\t\t\t\t\tMecz pi\u0142ki no\u017cnej\t\t\t\t\t\t\t\t\t\t\t\t\t\t\t\t\n\t\t\t\t\t\t\t\t<\/div>\n\t\t\t\t\t\t\t\t\t\t\t\t\t<\/div>\n\t\t\t\t\t\t\n\t\t\t\t\t\t\t\t\t\t\t\t\t\t\t\t\t<div class=\"box-text-slider_slider_slide swiper-slide\">\n\n\t\t\t\t\t\t\t\t\t\t\t\t\t\t\t<figure class=\"full-width\" style=\"background-color: #656e55;\">\n\t\t\t\t\t\t\t\t\t<img decoding=\"async\" src=\"https:\/\/www.villaggiosanfrancesco.com\/wp-content\/uploads\/2023\/10\/campi-calcio-villaggio-san-francesco.jpg\" alt=\"\" title=\"campi-calcio-villaggio-san-francesco\" \/>\n\t\t\t\t\t\t\t\t<\/figure>\n\t\t\t\t\t\t\t\n\t\t\t\t\t\t\t\n\t\t\t\t\t\t\t\t\t\t\t\t\t\t\t\t\t<div class=\"box-text-slider_slider_slide_title\">\n\t\t\t\t\t\t\t\t\t\tDzieci graj\u0105ce w pi\u0142k\u0119 no\u017cn\u0105\t\t\t\t\t\t\t\t\t\t\t\t\t\t\t\t\n\t\t\t\t\t\t\t\t<\/div>\n\t\t\t\t\t\t\t\t\t\t\t\t\t<\/div>\n\t\t\t\t\t\t\n\t\t\t\t\t\t\t\t\t<\/div>\n\t\t\t\t\n\t\t\t\t\t\t\t\t\t<div class=\"slider-list-navigation\">\n\t\t\t\t\t\t<div class=\"swiper-button-next\"><\/div>\n\t\t\t\t\t\t<div class=\"swiper-button-prev\"><\/div>\n\t\t\t\t\t<\/div>\n\t\t\t\t\t\t\t<\/div>\n\t\t\t<\/div>\n\n\t\t\t<script type=\"text\/javascript\">\n\t\t\tjQuery(document).ready(function () {\n\t\t\t\t\/\/ initialize swiper when document ready\n\t\t\t\tvar boxTextSlider_3 = new Swiper ('#boxTextSlider_3 .box-text-slider_slider', {\n\t\t\t\t\tslidesPerView: 'auto',\n\t\t\t\t\tspaceBetween: 50,\n\t\t\t\t\tobserver: true,\n\t\t\t\t\tobserveParents: true,\n\t\t\t\t\tnavigation: {\n\t\t\t\t\t\tnextEl: '#boxTextSlider_3 .box-text-slider_slider .slider-list-navigation .swiper-button-next',\n\t\t\t\t\t\tprevEl: '#boxTextSlider_3 .box-text-slider_slider .slider-list-navigation .swiper-button-prev',\n\t\t\t\t\t}\n\t\t\t\t});\n\t\t\t});\n\t\t<\/script>\n\t\n\n\n\n<div  class=\"grids-section row-information grids-is-advanced alignfull\" style=\"--_gs-gap-desktop:0px 0px;--_gs-m-desktop:0 0 0 0;--_gs-p-desktop:0 0 0 0;--_gs-bg-desktop:#64b95b none;--_gs-bg-xp-desktop:0px;--_gs-zi-desktop:auto;--_gs-d-desktop:block;--_gs-mw-desktop:calc(100% - 0 - 0);--_gs-gap-tablet:0px 0px;--_gs-m-tablet:0 0 0 0;--_gs-p-tablet:0 0 0 0;--_gs-bg-tablet:#64b95b none;--_gs-bg-xp-tablet:0px;--_gs-zi-tablet:auto;--_gs-d-tablet:block;--_gs-mw-tablet:calc(100% - 0 - 0);--_gs-gap-mobile:0px 0px;--_gs-m-mobile:0 0 0 0;--_gs-p-mobile:0 0 0 0;--_gs-bg-mobile:#64b95b none;--_gs-bg-xp-mobile:0px;--_gs-zi-mobile:auto;--_gs-d-mobile:block;--_gs-mw-mobile:calc(100% - 0 - 0);--_gs-columns:12;--_gs-rows:6\"><div class=\"grids-s-w_i\">\n<div class=\"grids-area\" style=\"--_ga-column:1\/4;--_ga-row:1\/7;--_ga-va:center;--_ga-m-desktop:0 0 0 0;--_ga-p-desktop:0 0 0 0;--_ga-bg-desktop:transparent none;--_ga-zi-desktop:auto;--_ga-d-desktop:flex;--_ga-mw-desktop:calc(100% - 0 - 0);--_ga-m-tablet:0 0 0 0;--_ga-p-tablet:0 0 0 0;--_ga-bg-tablet:transparent none;--_ga-zi-tablet:auto;--_ga-d-tablet:flex;--_ga-mw-tablet:calc(100% - 0 - 0);--_ga-m-mobile:0 0 0 0;--_ga-p-mobile:0 0 0 0;--_ga-bg-mobile:transparent none;--_ga-zi-mobile:auto;--_ga-d-mobile:flex;--_ga-mw-mobile:calc(100% - 0 - 0)\">\n\n<lord-icon src=\"https:\/\/cdn.lordicon.com\/xlmenhhh.json\" trigger=\"loop\" delay=\"2000\" colors=\"primary:#ffffff,secondary:#ffffff\" style=\"width:250px;height:250px\">\n<\/lord-icon>\n\n<\/div>\n\n<div class=\"grids-area\" style=\"--_ga-column:4\/10;--_ga-row:1\/7;--_ga-va:center;--_ga-m-desktop:0 0 0 0;--_ga-p-desktop:0 0 0 0;--_ga-bg-desktop:transparent none;--_ga-zi-desktop:auto;--_ga-d-desktop:flex;--_ga-mw-desktop:calc(100% - 0 - 0);--_ga-m-tablet:0 0 0 0;--_ga-p-tablet:0 0 0 0;--_ga-bg-tablet:transparent none;--_ga-zi-tablet:auto;--_ga-d-tablet:flex;--_ga-mw-tablet:calc(100% - 0 - 0);--_ga-m-mobile:0 0 0 0;--_ga-p-mobile:0 0 0 0;--_ga-bg-mobile:transparent none;--_ga-zi-mobile:auto;--_ga-d-mobile:flex;--_ga-mw-mobile:calc(100% - 0 - 0)\">\n\n<h2 class=\"wp-block-heading has-text-align-center\">Zarezerwuj boisko i popro\u015b o pi\u0142k\u0119<\/h2>\n\n\n\n<p class=\"has-text-align-center\">Wybierz preferowane boisko do pi\u0142ki no\u017cnej i zarezerwuj je w <strong>Biuro Animacji<\/strong>.<\/p>\n\n\n\n<p class=\"has-text-align-center\">Je\u015bli nie masz przy sobie pi\u0142ki, nie ma problemu! Zawsze mo\u017cesz poprosi\u0107 o ni\u0105 nasz personel.<\/p>\n\n<\/div>\n\n<div class=\"grids-area\" style=\"--_ga-column:10\/13;--_ga-row:1\/7;--_ga-va:center;--_ga-m-desktop:0 0 0 0;--_ga-p-desktop:0 0 0 0;--_ga-bg-desktop:transparent none;--_ga-zi-desktop:auto;--_ga-d-desktop:flex;--_ga-mw-desktop:calc(100% - 0 - 0);--_ga-m-tablet:0 0 0 0;--_ga-p-tablet:0 0 0 0;--_ga-bg-tablet:transparent none;--_ga-zi-tablet:auto;--_ga-d-tablet:flex;--_ga-mw-tablet:calc(100% - 0 - 0);--_ga-m-mobile:0 0 0 0;--_ga-p-mobile:0 0 0 0;--_ga-bg-mobile:transparent none;--_ga-zi-mobile:auto;--_ga-d-mobile:flex;--_ga-mw-mobile:calc(100% - 0 - 0)\">\n\n<lord-icon src=\"https:\/\/cdn.lordicon.com\/xlmenhhh.json\" trigger=\"loop\" delay=\"2000\" colors=\"primary:#ffffff,secondary:#ffffff\" style=\"width:250px;height:250px\">\n<\/lord-icon>\n\n<\/div>\n<\/div><\/div>\n\n<div  class=\"grids-section grids-is-advanced alignfull\" style=\"--_gs-gap-desktop:0px 0px;--_gs-m-desktop:0 0 0 0;--_gs-p-desktop:0 0 0 0;--_gs-bg-desktop:transparent none;--_gs-bg-xp-desktop:0px;--_gs-zi-desktop:auto;--_gs-d-desktop:block;--_gs-mw-desktop:calc(100% - 0 - 0);--_gs-gap-tablet:0px 0px;--_gs-m-tablet:0 0 0 0;--_gs-p-tablet:0 0 0 0;--_gs-bg-tablet:transparent none;--_gs-bg-xp-tablet:0px;--_gs-zi-tablet:auto;--_gs-d-tablet:block;--_gs-mw-tablet:calc(100% - 0 - 0);--_gs-gap-mobile:0px 0px;--_gs-m-mobile:0 0 0 0;--_gs-p-mobile:0 0 0 0;--_gs-bg-mobile:transparent none;--_gs-bg-xp-mobile:0px;--_gs-zi-mobile:auto;--_gs-d-mobile:block;--_gs-mw-mobile:calc(100% - 0 - 0);--_gs-columns:12;--_gs-rows:6\"><div class=\"grids-s-w_i\">\n<div class=\"grids-area\" style=\"--_ga-column:2\/12;--_ga-row:1\/3;--_ga-m-desktop:0 0 0 0;--_ga-p-desktop:0 0 0 0;--_ga-bg-desktop:transparent none;--_ga-zi-desktop:auto;--_ga-d-desktop:flex;--_ga-mw-desktop:calc(100% - 0 - 0);--_ga-m-tablet:0 0 0 0;--_ga-p-tablet:0 0 0 0;--_ga-bg-tablet:transparent none;--_ga-zi-tablet:auto;--_ga-d-tablet:flex;--_ga-mw-tablet:calc(100% - 0 - 0);--_ga-m-mobile:0 0 0 0;--_ga-p-mobile:0 0 0 0;--_ga-bg-mobile:transparent none;--_ga-zi-mobile:auto;--_ga-d-mobile:flex;--_ga-mw-mobile:calc(100% - 0 - 0)\">\n\n<div style=\"height:50px\" aria-hidden=\"true\" class=\"wp-block-spacer\"><\/div>\n\n\n\n<h2 class=\"wp-block-heading has-text-align-center\">We\u017a udzia\u0142 w turniejach pi\u0142ki no\u017cnej Villaggio San Francesco.<\/h2>\n\n\n\n<p>Pi\u0142ka no\u017cna jest doskona\u0142ym sportem do stymulowania ducha zespo\u0142u nawet u ma\u0142ych dzieci.<\/p>\n\n\n\n<p>Dlatego nasz personel organizuje <strong>turnieje pi\u0142ki no\u017cnej dla<\/strong> wszystkich dzieci na kempingu, aby mog\u0142y pozna\u0107 swoje narodowo\u015bci i nawi\u0105za\u0107 nowe przyja\u017anie.<\/p>\n\n\n\n<p>Aby uzyska\u0107 wi\u0119cej informacji na temat pi\u0142ki no\u017cnej, skontaktuj si\u0119 z naszym personelem ds. rozrywki.<\/p>\n\n<\/div>\n\n<div class=\"grids-area\" style=\"--_ga-column:2\/12;--_ga-row:3\/7;--_ga-m-desktop:0 0 0 0;--_ga-p-desktop:0 0 0 0;--_ga-bg-desktop:transparent none;--_ga-zi-desktop:auto;--_ga-d-desktop:flex;--_ga-mw-desktop:calc(100% - 0 - 0);--_ga-m-tablet:0 0 0 0;--_ga-p-tablet:0 0 0 0;--_ga-bg-tablet:transparent none;--_ga-zi-tablet:auto;--_ga-d-tablet:flex;--_ga-mw-tablet:calc(100% - 0 - 0);--_ga-m-mobile:0 0 0 0;--_ga-p-mobile:0 0 0 0;--_ga-bg-mobile:transparent none;--_ga-zi-mobile:auto;--_ga-d-mobile:flex;--_ga-mw-mobile:calc(100% - 0 - 0)\"><\/div>\n<\/div><\/div>","protected":false},"excerpt":{"rendered":"","protected":false},"author":1,"featured_media":22097,"parent":0,"menu_order":0,"comment_status":"closed","ping_status":"closed","template":"","meta":{"_acf_changed":false,"advgb_blocks_editor_width":"","advgb_blocks_columns_visual_guide":"","footnotes":""},"class_list":["post-22095","page","type-page","status-publish","has-post-thumbnail","hentry","entry"],"acf":[],"yoast_head":"<!-- This site is optimized with the Yoast SEO plugin v26.0 - https:\/\/yoast.com\/wordpress\/plugins\/seo\/ -->\n<title>Boiska pi\u0142karskie | O\u015brodek wakacyjny Villaggio San Francesco<\/title>\n<meta name=\"description\" content=\"Je\u015bli ch\u0119\u0107 do gry nie opuszcza Ci\u0119 nawet na wakacjach, najlepszym kempingiem z pi\u0119cioosobowymi boiskami do pi\u0142ki no\u017cnej w Caorle jest Villaggio San Francesco!\" \/>\n<meta name=\"robots\" content=\"index, follow, max-snippet:-1, max-image-preview:large, max-video-preview:-1\" \/>\n<link rel=\"canonical\" href=\"https:\/\/www.villaggiosanfrancesco.com\/pl\/boiska-pilkarskie\/\" \/>\n<meta property=\"og:locale\" content=\"pl_PL\" \/>\n<meta property=\"og:type\" content=\"article\" \/>\n<meta property=\"og:title\" content=\"Boiska pi\u0142karskie | O\u015brodek wakacyjny Villaggio San Francesco\" \/>\n<meta property=\"og:description\" content=\"Je\u015bli ch\u0119\u0107 do gry nie opuszcza Ci\u0119 nawet na wakacjach, najlepszym kempingiem z pi\u0119cioosobowymi boiskami do pi\u0142ki no\u017cnej w Caorle jest Villaggio San Francesco!\" \/>\n<meta property=\"og:url\" content=\"https:\/\/www.villaggiosanfrancesco.com\/pl\/boiska-pilkarskie\/\" \/>\n<meta property=\"og:site_name\" content=\"Villaggio San Francesco\" \/>\n<meta property=\"article:publisher\" content=\"https:\/\/www.facebook.com\/VillaggioSanFrancesco\/\" \/>\n<meta property=\"article:modified_time\" content=\"2026-04-15T12:44:08+00:00\" \/>\n<meta property=\"og:image\" content=\"https:\/\/www.villaggiosanfrancesco.com\/wp-content\/uploads\/2022\/08\/calcetto_villaggio_san_francesco.jpg\" \/>\n\t<meta property=\"og:image:width\" content=\"1920\" \/>\n\t<meta property=\"og:image:height\" content=\"1000\" \/>\n\t<meta property=\"og:image:type\" content=\"image\/jpeg\" \/>\n<meta name=\"twitter:card\" content=\"summary_large_image\" \/>\n<meta name=\"twitter:label1\" content=\"Szacowany czas czytania\" \/>\n\t<meta name=\"twitter:data1\" content=\"2 minuty\" \/>\n<script type=\"application\/ld+json\" class=\"yoast-schema-graph\">{\"@context\":\"https:\/\/schema.org\",\"@graph\":[{\"@type\":\"WebPage\",\"@id\":\"https:\/\/www.villaggiosanfrancesco.com\/pl\/boiska-pilkarskie\/\",\"url\":\"https:\/\/www.villaggiosanfrancesco.com\/pl\/boiska-pilkarskie\/\",\"name\":\"Boiska pi\u0142karskie | O\u015brodek wakacyjny Villaggio San Francesco\",\"isPartOf\":{\"@id\":\"https:\/\/www.villaggiosanfrancesco.com\/pl\/#website\"},\"primaryImageOfPage\":{\"@id\":\"https:\/\/www.villaggiosanfrancesco.com\/pl\/boiska-pilkarskie\/#primaryimage\"},\"image\":{\"@id\":\"https:\/\/www.villaggiosanfrancesco.com\/pl\/boiska-pilkarskie\/#primaryimage\"},\"thumbnailUrl\":\"https:\/\/www.villaggiosanfrancesco.com\/wp-content\/uploads\/2022\/08\/calcetto_villaggio_san_francesco.jpg\",\"datePublished\":\"2024-01-25T09:56:40+00:00\",\"dateModified\":\"2026-04-15T12:44:08+00:00\",\"description\":\"Je\u015bli ch\u0119\u0107 do gry nie opuszcza Ci\u0119 nawet na wakacjach, najlepszym kempingiem z pi\u0119cioosobowymi boiskami do pi\u0142ki no\u017cnej w Caorle jest Villaggio San Francesco!\",\"breadcrumb\":{\"@id\":\"https:\/\/www.villaggiosanfrancesco.com\/pl\/boiska-pilkarskie\/#breadcrumb\"},\"inLanguage\":\"pl-PL\",\"potentialAction\":[{\"@type\":\"ReadAction\",\"target\":[\"https:\/\/www.villaggiosanfrancesco.com\/pl\/boiska-pilkarskie\/\"]}]},{\"@type\":\"ImageObject\",\"inLanguage\":\"pl-PL\",\"@id\":\"https:\/\/www.villaggiosanfrancesco.com\/pl\/boiska-pilkarskie\/#primaryimage\",\"url\":\"https:\/\/www.villaggiosanfrancesco.com\/wp-content\/uploads\/2022\/08\/calcetto_villaggio_san_francesco.jpg\",\"contentUrl\":\"https:\/\/www.villaggiosanfrancesco.com\/wp-content\/uploads\/2022\/08\/calcetto_villaggio_san_francesco.jpg\",\"width\":1920,\"height\":1000},{\"@type\":\"BreadcrumbList\",\"@id\":\"https:\/\/www.villaggiosanfrancesco.com\/pl\/boiska-pilkarskie\/#breadcrumb\",\"itemListElement\":[{\"@type\":\"ListItem\",\"position\":1,\"name\":\"Home\",\"item\":\"https:\/\/www.villaggiosanfrancesco.com\/pl\/\"},{\"@type\":\"ListItem\",\"position\":2,\"name\":\"Boiska pi\u0142karskie\"}]},{\"@type\":\"WebSite\",\"@id\":\"https:\/\/www.villaggiosanfrancesco.com\/pl\/#website\",\"url\":\"https:\/\/www.villaggiosanfrancesco.com\/pl\/\",\"name\":\"Villaggio San Francesco\",\"description\":\"Caorle, VENEZIA\",\"publisher\":{\"@id\":\"https:\/\/www.villaggiosanfrancesco.com\/pl\/#organization\"},\"potentialAction\":[{\"@type\":\"SearchAction\",\"target\":{\"@type\":\"EntryPoint\",\"urlTemplate\":\"https:\/\/www.villaggiosanfrancesco.com\/pl\/?s={search_term_string}\"},\"query-input\":{\"@type\":\"PropertyValueSpecification\",\"valueRequired\":true,\"valueName\":\"search_term_string\"}}],\"inLanguage\":\"pl-PL\"},{\"@type\":\"Organization\",\"@id\":\"https:\/\/www.villaggiosanfrancesco.com\/pl\/#organization\",\"name\":\"Villaggio San Francesco\",\"url\":\"https:\/\/www.villaggiosanfrancesco.com\/pl\/\",\"logo\":{\"@type\":\"ImageObject\",\"inLanguage\":\"pl-PL\",\"@id\":\"https:\/\/www.villaggiosanfrancesco.com\/pl\/#\/schema\/logo\/image\/\",\"url\":\"https:\/\/www.villaggiosanfrancesco.com\/wp-content\/uploads\/2023\/03\/Logo-Villaggio-San-Francesco-Caorle-1.png\",\"contentUrl\":\"https:\/\/www.villaggiosanfrancesco.com\/wp-content\/uploads\/2023\/03\/Logo-Villaggio-San-Francesco-Caorle-1.png\",\"width\":1206,\"height\":356,\"caption\":\"Villaggio San Francesco\"},\"image\":{\"@id\":\"https:\/\/www.villaggiosanfrancesco.com\/pl\/#\/schema\/logo\/image\/\"},\"sameAs\":[\"https:\/\/www.facebook.com\/VillaggioSanFrancesco\/\",\"https:\/\/www.instagram.com\/villaggiosanfrancesco\/\",\"https:\/\/www.youtube.com\/channel\/UClXJoJulrb1UANfZodeHn-g\",\"https:\/\/www.tiktok.com\/@sanfrancescoresort\"]}]}<\/script>\n<!-- \/ Yoast SEO plugin. -->","yoast_head_json":{"title":"Boiska pi\u0142karskie | O\u015brodek wakacyjny Villaggio San Francesco","description":"Je\u015bli ch\u0119\u0107 do gry nie opuszcza Ci\u0119 nawet na wakacjach, najlepszym kempingiem z pi\u0119cioosobowymi boiskami do pi\u0142ki no\u017cnej w Caorle jest Villaggio San Francesco!","robots":{"index":"index","follow":"follow","max-snippet":"max-snippet:-1","max-image-preview":"max-image-preview:large","max-video-preview":"max-video-preview:-1"},"canonical":"https:\/\/www.villaggiosanfrancesco.com\/pl\/boiska-pilkarskie\/","og_locale":"pl_PL","og_type":"article","og_title":"Boiska pi\u0142karskie | O\u015brodek wakacyjny Villaggio San Francesco","og_description":"Je\u015bli ch\u0119\u0107 do gry nie opuszcza Ci\u0119 nawet na wakacjach, najlepszym kempingiem z pi\u0119cioosobowymi boiskami do pi\u0142ki no\u017cnej w Caorle jest Villaggio San Francesco!","og_url":"https:\/\/www.villaggiosanfrancesco.com\/pl\/boiska-pilkarskie\/","og_site_name":"Villaggio San Francesco","article_publisher":"https:\/\/www.facebook.com\/VillaggioSanFrancesco\/","article_modified_time":"2026-04-15T12:44:08+00:00","og_image":[{"width":1920,"height":1000,"url":"https:\/\/www.villaggiosanfrancesco.com\/wp-content\/uploads\/2022\/08\/calcetto_villaggio_san_francesco.jpg","type":"image\/jpeg"}],"twitter_card":"summary_large_image","twitter_misc":{"Szacowany czas czytania":"2 minuty"},"schema":{"@context":"https:\/\/schema.org","@graph":[{"@type":"WebPage","@id":"https:\/\/www.villaggiosanfrancesco.com\/pl\/boiska-pilkarskie\/","url":"https:\/\/www.villaggiosanfrancesco.com\/pl\/boiska-pilkarskie\/","name":"Boiska pi\u0142karskie | O\u015brodek wakacyjny Villaggio San Francesco","isPartOf":{"@id":"https:\/\/www.villaggiosanfrancesco.com\/pl\/#website"},"primaryImageOfPage":{"@id":"https:\/\/www.villaggiosanfrancesco.com\/pl\/boiska-pilkarskie\/#primaryimage"},"image":{"@id":"https:\/\/www.villaggiosanfrancesco.com\/pl\/boiska-pilkarskie\/#primaryimage"},"thumbnailUrl":"https:\/\/www.villaggiosanfrancesco.com\/wp-content\/uploads\/2022\/08\/calcetto_villaggio_san_francesco.jpg","datePublished":"2024-01-25T09:56:40+00:00","dateModified":"2026-04-15T12:44:08+00:00","description":"Je\u015bli ch\u0119\u0107 do gry nie opuszcza Ci\u0119 nawet na wakacjach, najlepszym kempingiem z pi\u0119cioosobowymi boiskami do pi\u0142ki no\u017cnej w Caorle jest Villaggio San Francesco!","breadcrumb":{"@id":"https:\/\/www.villaggiosanfrancesco.com\/pl\/boiska-pilkarskie\/#breadcrumb"},"inLanguage":"pl-PL","potentialAction":[{"@type":"ReadAction","target":["https:\/\/www.villaggiosanfrancesco.com\/pl\/boiska-pilkarskie\/"]}]},{"@type":"ImageObject","inLanguage":"pl-PL","@id":"https:\/\/www.villaggiosanfrancesco.com\/pl\/boiska-pilkarskie\/#primaryimage","url":"https:\/\/www.villaggiosanfrancesco.com\/wp-content\/uploads\/2022\/08\/calcetto_villaggio_san_francesco.jpg","contentUrl":"https:\/\/www.villaggiosanfrancesco.com\/wp-content\/uploads\/2022\/08\/calcetto_villaggio_san_francesco.jpg","width":1920,"height":1000},{"@type":"BreadcrumbList","@id":"https:\/\/www.villaggiosanfrancesco.com\/pl\/boiska-pilkarskie\/#breadcrumb","itemListElement":[{"@type":"ListItem","position":1,"name":"Home","item":"https:\/\/www.villaggiosanfrancesco.com\/pl\/"},{"@type":"ListItem","position":2,"name":"Boiska pi\u0142karskie"}]},{"@type":"WebSite","@id":"https:\/\/www.villaggiosanfrancesco.com\/pl\/#website","url":"https:\/\/www.villaggiosanfrancesco.com\/pl\/","name":"Villaggio San Francesco","description":"Caorle, VENEZIA","publisher":{"@id":"https:\/\/www.villaggiosanfrancesco.com\/pl\/#organization"},"potentialAction":[{"@type":"SearchAction","target":{"@type":"EntryPoint","urlTemplate":"https:\/\/www.villaggiosanfrancesco.com\/pl\/?s={search_term_string}"},"query-input":{"@type":"PropertyValueSpecification","valueRequired":true,"valueName":"search_term_string"}}],"inLanguage":"pl-PL"},{"@type":"Organization","@id":"https:\/\/www.villaggiosanfrancesco.com\/pl\/#organization","name":"Villaggio San Francesco","url":"https:\/\/www.villaggiosanfrancesco.com\/pl\/","logo":{"@type":"ImageObject","inLanguage":"pl-PL","@id":"https:\/\/www.villaggiosanfrancesco.com\/pl\/#\/schema\/logo\/image\/","url":"https:\/\/www.villaggiosanfrancesco.com\/wp-content\/uploads\/2023\/03\/Logo-Villaggio-San-Francesco-Caorle-1.png","contentUrl":"https:\/\/www.villaggiosanfrancesco.com\/wp-content\/uploads\/2023\/03\/Logo-Villaggio-San-Francesco-Caorle-1.png","width":1206,"height":356,"caption":"Villaggio San Francesco"},"image":{"@id":"https:\/\/www.villaggiosanfrancesco.com\/pl\/#\/schema\/logo\/image\/"},"sameAs":["https:\/\/www.facebook.com\/VillaggioSanFrancesco\/","https:\/\/www.instagram.com\/villaggiosanfrancesco\/","https:\/\/www.youtube.com\/channel\/UClXJoJulrb1UANfZodeHn-g","https:\/\/www.tiktok.com\/@sanfrancescoresort"]}]}},"coauthors":[],"author_meta":{"author_link":"https:\/\/www.villaggiosanfrancesco.com\/pl\/news\/author\/admin\/","display_name":"admin"},"relative_dates":{"created":"Posted 2 lata ago","modified":"Updated 2 tygodnie ago"},"absolute_dates":{"created":"Posted on 25 stycznia, 2024","modified":"Updated on 15 kwietnia, 2026"},"absolute_dates_time":{"created":"Posted on 25 stycznia, 2024 10:56 am","modified":"Updated on 15 kwietnia, 2026 2:44 pm"},"featured_img_caption":"","featured_img":"https:\/\/www.villaggiosanfrancesco.com\/wp-content\/uploads\/2022\/08\/calcetto_villaggio_san_francesco-1568x817.jpg","series_order":"","_links":{"self":[{"href":"https:\/\/www.villaggiosanfrancesco.com\/pl\/wp-json\/wp\/v2\/pages\/22095","targetHints":{"allow":["GET"]}}],"collection":[{"href":"https:\/\/www.villaggiosanfrancesco.com\/pl\/wp-json\/wp\/v2\/pages"}],"about":[{"href":"https:\/\/www.villaggiosanfrancesco.com\/pl\/wp-json\/wp\/v2\/types\/page"}],"author":[{"embeddable":true,"href":"https:\/\/www.villaggiosanfrancesco.com\/pl\/wp-json\/wp\/v2\/users\/1"}],"replies":[{"embeddable":true,"href":"https:\/\/www.villaggiosanfrancesco.com\/pl\/wp-json\/wp\/v2\/comments?post=22095"}],"version-history":[{"count":0,"href":"https:\/\/www.villaggiosanfrancesco.com\/pl\/wp-json\/wp\/v2\/pages\/22095\/revisions"}],"wp:featuredmedia":[{"embeddable":true,"href":"https:\/\/www.villaggiosanfrancesco.com\/pl\/wp-json\/wp\/v2\/media\/22097"}],"wp:attachment":[{"href":"https:\/\/www.villaggiosanfrancesco.com\/pl\/wp-json\/wp\/v2\/media?parent=22095"}],"curies":[{"name":"wp","href":"https:\/\/api.w.org\/{rel}","templated":true}]}}