{"id":21988,"date":"2024-01-25T10:56:11","date_gmt":"2024-01-25T09:56:11","guid":{"rendered":"https:\/\/www.villaggiosanfrancesco.com\/polityka-prywatnosci-formularz-wyceny\/"},"modified":"2024-04-05T13:46:37","modified_gmt":"2024-04-05T11:46:37","slug":"polityka-prywatnosci-formularz-wyceny","status":"publish","type":"page","link":"https:\/\/www.villaggiosanfrancesco.com\/pl\/polityka-prywatnosci-formularz-wyceny\/","title":{"rendered":"Polityka prywatno\u015bci &#8211; Formularz wyceny"},"content":{"rendered":"<div  class=\"grids-section grids-is-advanced alignfull\" style=\"--_gs-gap-desktop:0px 0px;--_gs-m-desktop:0 0 0 0;--_gs-p-desktop:0 0 0 0;--_gs-bg-desktop:transparent none;--_gs-bg-xp-desktop:0px;--_gs-zi-desktop:auto;--_gs-d-desktop:block;--_gs-mw-desktop:calc(100% - 0 - 0);--_gs-gap-tablet:0px 0px;--_gs-m-tablet:0 0 0 0;--_gs-p-tablet:0 0 0 0;--_gs-bg-tablet:transparent none;--_gs-bg-xp-tablet:0px;--_gs-zi-tablet:auto;--_gs-d-tablet:block;--_gs-mw-tablet:calc(100% - 0 - 0);--_gs-gap-mobile:0px 0px;--_gs-m-mobile:0 0 0 0;--_gs-p-mobile:0 0 0 0;--_gs-bg-mobile:transparent none;--_gs-bg-xp-mobile:0px;--_gs-zi-mobile:auto;--_gs-d-mobile:block;--_gs-mw-mobile:calc(100% - 0 - 0);--_gs-columns:12;--_gs-rows:6\"><div class=\"grids-s-w_i\">\n<div class=\"grids-area\" style=\"--_ga-column:2\/12;--_ga-row:1\/7;--_ga-m-desktop:0 0 0 0;--_ga-p-desktop:0 0 0 0;--_ga-bg-desktop:transparent none;--_ga-zi-desktop:auto;--_ga-d-desktop:flex;--_ga-mw-desktop:calc(100% - 0 - 0);--_ga-m-tablet:0 0 0 0;--_ga-p-tablet:0 0 0 0;--_ga-bg-tablet:transparent none;--_ga-zi-tablet:auto;--_ga-d-tablet:flex;--_ga-mw-tablet:calc(100% - 0 - 0);--_ga-m-mobile:0 0 0 0;--_ga-p-mobile:0 0 0 0;--_ga-bg-mobile:transparent none;--_ga-zi-mobile:auto;--_ga-d-mobile:flex;--_ga-mw-mobile:calc(100% - 0 - 0)\">\n\n<h2 class=\"wp-block-heading\">Informacje dotycz\u0105ce przetwarzania danych osobowych<\/h2>\n\n\n\n<h3 class=\"wp-block-heading\">1. Administrator danych<\/h3>\n\n\n\n<p>Administratorem danych osobowych jest sp\u00f3\u0142ka <strong>Biasuzzi S.p.A. &#8211; Dzia\u0142 Turystyki<\/strong> (zwana dalej r\u00f3wnie\u017c &#8222;Administratorem danych&#8221;), z siedzib\u0105 w Ponzano Veneto (TV), via Morganella Ovest n. 55 i mo\u017cna si\u0119 z nim skontaktowa\u0107 w sprawach dotycz\u0105cych ochrony danych pod adresem e-mail <a href=\"mailto:privacy@biasuzzispa.com\">privacy@biasuzzispa.com<\/a>.<\/p>\n\n\n\n<h3 class=\"wp-block-heading\">2. Zakres ujawnianych informacji<\/h3>\n\n\n\n<p>Niniejsza informacja uzupe\u0142nia procedur\u0119 przetwarzania danych osobowych Administratora opublikowan\u0105 na stronie internetowej Administratora w celu zilustrowania, w jaki spos\u00f3b dane wprowadzone w tym formularzu b\u0119d\u0105 przetwarzane. Prosimy jednak o zapoznanie si\u0119 z <a href=\"https:\/\/www.villaggiosanfrancesco.com\/nl\/privacy-policy\/\">pe\u0142nym arkuszem informacyjnym<\/a>.<\/p>\n\n\n\n<h3 class=\"wp-block-heading\">3. Kategorie przetwarzanych danych osobowych<\/h3>\n\n\n\n<p>Podczas przygotowywania oferty mog\u0105 by\u0107 przetwarzane nast\u0119puj\u0105ce kategorie danych osobowych: imi\u0119 i nazwisko, adres pocztowy, numer telefonu, adres e-mail, informacje o konkretnych osobistych potrzebach lub wymaganiach wskazanych w zapytaniu.<\/p>\n\n\n\n<h3 class=\"wp-block-heading\">4. Cel, podstawa prawna i okres przechowywania<\/h3>\n\n\n\n<p>Dane osobowe b\u0119d\u0105 przetwarzane przez Administratora w celach i na warunkach okre\u015blonych poni\u017cej.<\/p>\n\n\n\n<h4 class=\"wp-block-heading\">Cel<\/h4>\n\n\n\n<p>Sprzeda\u017c produkt\u00f3w i us\u0142ug: w celu formu\u0142owania ofert.<\/p>\n\n\n\n<h4 class=\"wp-block-heading\">Podstawa prawna<\/h4>\n\n\n\n<p>Wykonanie \u015brodk\u00f3w przedumownych.<\/p>\n\n\n\n<h4 class=\"wp-block-heading\">Okres przechowywania danych<\/h4>\n\n\n\n<p>Przez okres niezb\u0119dny do sporz\u0105dzenia oszacowania i przez kolejne maksymalnie 5 lat.<\/p>\n\n\n\n<h3 class=\"wp-block-heading\">5. Odmowa ujawnienia danych<\/h3>\n\n\n\n<p>Je\u015bli u\u017cytkownik odm\u00f3wi podania danych wymaganych w formularzu, Administrator nie b\u0119dzie m\u00f3g\u0142 przetworzy\u0107 otrzymanego wniosku.<\/p>\n\n\n\n<h3 class=\"wp-block-heading\">6. Kategorie odbiorc\u00f3w danych osobowych<\/h3>\n\n\n\n<p>W celu realizacji wy\u017cej wymienionych cel\u00f3w Administrator Danych mo\u017ce przekazywa\u0107 zebrane dane wymienionym poni\u017cej kategoriom podmiot\u00f3w: dostawcom us\u0142ug IT (np. us\u0142ug internetowych i przetwarzania w chmurze); podmiotom prowadz\u0105cym dzia\u0142alno\u015b\u0107 w zakresie obs\u0142ugi klienta. Tam, gdzie to konieczne, odbiorcy danych zostali wyznaczeni jako podmioty przetwarzaj\u0105ce dane zgodnie z postanowieniami art. 6 ust. 1 lit. a) RODO. 28 RODO.<\/p>\n\n\n\n<h3 class=\"wp-block-heading\">7. Przekazywanie danych do pa\u0144stw trzecich<\/h3>\n\n\n\n<p>Dane osobowe przetwarzane przez Administratora Danych mog\u0105 by\u0107 przekazywane, wy\u0142\u0105cznie w celu realizacji cel\u00f3w wskazanych powy\u017cej, sp\u00f3\u0142kom z siedzib\u0105 w Stanach Zjednoczonych Ameryki. Przekazanie to nast\u0105pi wy\u0142\u0105cznie po podpisaniu standardowych um\u00f3w (S.C.C.) przyj\u0119tych przez Komisj\u0119 Unii Europejskiej z firmami otrzymuj\u0105cymi dane osobowe (dawniej art. 46 ust. II lit. C i D RODO).<\/p>\n\n\n\n<h3 class=\"wp-block-heading\">8. Prawa zainteresowanych os\u00f3b<\/h3>\n\n\n\n<p>W odniesieniu do dostarczonych danych osobowych osoby, kt\u00f3rych dane dotycz\u0105, maj\u0105 prawo w dowolnym momencie za\u017c\u0105da\u0107: potwierdzenia, czy dotycz\u0105ce ich dane osobowe s\u0105 przetwarzane, a je\u015bli tak, uzyskania dost\u0119pu do tych danych i ich kopii (art. 15 RODO); sprostowania wszelkich niedok\u0142adnych danych osobowych lub w\u0142\u0105czenia niekompletnych danych (art. 16 RODO); w przypadkach wyra\u017anie przewidzianych w przepisach prawa, usuni\u0119cia danych osobowych. 15 RODO); sprostowania wszelkich niedok\u0142adnych danych osobowych lub uzupe\u0142nienia niekompletnych danych (art. 16 RODO); w przypadkach wyra\u017anie przewidzianych w przepisach, anulowania danych (art. 17 RODO), ograniczenia ich przetwarzania (art. 18 RODO) oraz sprzeciwu wobec ich przetwarzania (art. 21 RODO). Aby skorzysta\u0107 z tych praw, zainteresowane strony mog\u0105 przes\u0142a\u0107 swoje wnioski poczt\u0105 elektroniczn\u0105 do Administratora na adres <a href=\"mailto:privacy@biasuzzispa.com\">privacy@biasuzzispa.com<\/a>. Zainteresowane strony mog\u0105 r\u00f3wnie\u017c skorzysta\u0107 z adres\u00f3w pocztowych wskazanych w pkt 1 niniejszego arkusza informacyjnego. Je\u015bli osoby, kt\u00f3rych dane dotycz\u0105, uwa\u017caj\u0105, \u017ce ich prawa wynikaj\u0105ce z przepis\u00f3w o ochronie danych zosta\u0142y naruszone, mog\u0105 z\u0142o\u017cy\u0107 skarg\u0119 do w\u0142a\u015bciwego organu nadzorczego <a href=\"http:\/\/www.garanteprivacy.it\" target=\"_blank\" rel=\"noreferrer noopener\">(www.garanteprivacy.it)<\/a>.<\/p>\n\n<\/div>\n<\/div><\/div>","protected":false},"excerpt":{"rendered":"","protected":false},"author":1,"featured_media":21724,"parent":0,"menu_order":0,"comment_status":"closed","ping_status":"closed","template":"","meta":{"_acf_changed":false,"advgb_blocks_editor_width":"","advgb_blocks_columns_visual_guide":"","footnotes":""},"class_list":["post-21988","page","type-page","status-publish","has-post-thumbnail","hentry","entry"],"acf":[],"yoast_head":"<!-- This site is optimized with the Yoast SEO plugin v26.0 - https:\/\/yoast.com\/wordpress\/plugins\/seo\/ -->\n<title>Polityka prywatno\u015bci - Formularz wyceny - Villaggio San Francesco<\/title>\n<meta name=\"robots\" content=\"index, follow, max-snippet:-1, max-image-preview:large, max-video-preview:-1\" \/>\n<link rel=\"canonical\" href=\"https:\/\/www.villaggiosanfrancesco.com\/pl\/polityka-prywatnosci-formularz-wyceny\/\" \/>\n<meta property=\"og:locale\" content=\"pl_PL\" \/>\n<meta property=\"og:type\" content=\"article\" \/>\n<meta property=\"og:title\" content=\"Polityka prywatno\u015bci - Formularz wyceny - Villaggio San Francesco\" \/>\n<meta property=\"og:url\" content=\"https:\/\/www.villaggiosanfrancesco.com\/pl\/polityka-prywatnosci-formularz-wyceny\/\" \/>\n<meta property=\"og:site_name\" content=\"Villaggio San Francesco\" \/>\n<meta property=\"article:publisher\" content=\"https:\/\/www.facebook.com\/VillaggioSanFrancesco\/\" \/>\n<meta property=\"article:modified_time\" content=\"2024-04-05T11:46:37+00:00\" \/>\n<meta property=\"og:image\" content=\"https:\/\/www.villaggiosanfrancesco.com\/wp-content\/uploads\/2022\/08\/reception_VillaggioSanFrancesco.jpg\" \/>\n\t<meta property=\"og:image:width\" content=\"2000\" \/>\n\t<meta property=\"og:image:height\" content=\"870\" \/>\n\t<meta property=\"og:image:type\" content=\"image\/jpeg\" \/>\n<meta name=\"twitter:card\" content=\"summary_large_image\" \/>\n<meta name=\"twitter:label1\" content=\"Szacowany czas czytania\" \/>\n\t<meta name=\"twitter:data1\" content=\"3 minuty\" \/>\n<script type=\"application\/ld+json\" class=\"yoast-schema-graph\">{\"@context\":\"https:\/\/schema.org\",\"@graph\":[{\"@type\":\"WebPage\",\"@id\":\"https:\/\/www.villaggiosanfrancesco.com\/pl\/polityka-prywatnosci-formularz-wyceny\/\",\"url\":\"https:\/\/www.villaggiosanfrancesco.com\/pl\/polityka-prywatnosci-formularz-wyceny\/\",\"name\":\"Polityka prywatno\u015bci - Formularz wyceny - Villaggio San Francesco\",\"isPartOf\":{\"@id\":\"https:\/\/www.villaggiosanfrancesco.com\/pl\/#website\"},\"primaryImageOfPage\":{\"@id\":\"https:\/\/www.villaggiosanfrancesco.com\/pl\/polityka-prywatnosci-formularz-wyceny\/#primaryimage\"},\"image\":{\"@id\":\"https:\/\/www.villaggiosanfrancesco.com\/pl\/polityka-prywatnosci-formularz-wyceny\/#primaryimage\"},\"thumbnailUrl\":\"https:\/\/www.villaggiosanfrancesco.com\/wp-content\/uploads\/2022\/08\/reception_VillaggioSanFrancesco.jpg\",\"datePublished\":\"2024-01-25T09:56:11+00:00\",\"dateModified\":\"2024-04-05T11:46:37+00:00\",\"breadcrumb\":{\"@id\":\"https:\/\/www.villaggiosanfrancesco.com\/pl\/polityka-prywatnosci-formularz-wyceny\/#breadcrumb\"},\"inLanguage\":\"pl-PL\",\"potentialAction\":[{\"@type\":\"ReadAction\",\"target\":[\"https:\/\/www.villaggiosanfrancesco.com\/pl\/polityka-prywatnosci-formularz-wyceny\/\"]}]},{\"@type\":\"ImageObject\",\"inLanguage\":\"pl-PL\",\"@id\":\"https:\/\/www.villaggiosanfrancesco.com\/pl\/polityka-prywatnosci-formularz-wyceny\/#primaryimage\",\"url\":\"https:\/\/www.villaggiosanfrancesco.com\/wp-content\/uploads\/2022\/08\/reception_VillaggioSanFrancesco.jpg\",\"contentUrl\":\"https:\/\/www.villaggiosanfrancesco.com\/wp-content\/uploads\/2022\/08\/reception_VillaggioSanFrancesco.jpg\",\"width\":2000,\"height\":870},{\"@type\":\"BreadcrumbList\",\"@id\":\"https:\/\/www.villaggiosanfrancesco.com\/pl\/polityka-prywatnosci-formularz-wyceny\/#breadcrumb\",\"itemListElement\":[{\"@type\":\"ListItem\",\"position\":1,\"name\":\"Home\",\"item\":\"https:\/\/www.villaggiosanfrancesco.com\/pl\/\"},{\"@type\":\"ListItem\",\"position\":2,\"name\":\"Polityka prywatno\u015bci &#8211; Formularz wyceny\"}]},{\"@type\":\"WebSite\",\"@id\":\"https:\/\/www.villaggiosanfrancesco.com\/pl\/#website\",\"url\":\"https:\/\/www.villaggiosanfrancesco.com\/pl\/\",\"name\":\"Villaggio San Francesco\",\"description\":\"Caorle, VENEZIA\",\"publisher\":{\"@id\":\"https:\/\/www.villaggiosanfrancesco.com\/pl\/#organization\"},\"potentialAction\":[{\"@type\":\"SearchAction\",\"target\":{\"@type\":\"EntryPoint\",\"urlTemplate\":\"https:\/\/www.villaggiosanfrancesco.com\/pl\/?s={search_term_string}\"},\"query-input\":{\"@type\":\"PropertyValueSpecification\",\"valueRequired\":true,\"valueName\":\"search_term_string\"}}],\"inLanguage\":\"pl-PL\"},{\"@type\":\"Organization\",\"@id\":\"https:\/\/www.villaggiosanfrancesco.com\/pl\/#organization\",\"name\":\"Villaggio San Francesco\",\"url\":\"https:\/\/www.villaggiosanfrancesco.com\/pl\/\",\"logo\":{\"@type\":\"ImageObject\",\"inLanguage\":\"pl-PL\",\"@id\":\"https:\/\/www.villaggiosanfrancesco.com\/pl\/#\/schema\/logo\/image\/\",\"url\":\"https:\/\/www.villaggiosanfrancesco.com\/wp-content\/uploads\/2023\/03\/Logo-Villaggio-San-Francesco-Caorle-1.png\",\"contentUrl\":\"https:\/\/www.villaggiosanfrancesco.com\/wp-content\/uploads\/2023\/03\/Logo-Villaggio-San-Francesco-Caorle-1.png\",\"width\":1206,\"height\":356,\"caption\":\"Villaggio San Francesco\"},\"image\":{\"@id\":\"https:\/\/www.villaggiosanfrancesco.com\/pl\/#\/schema\/logo\/image\/\"},\"sameAs\":[\"https:\/\/www.facebook.com\/VillaggioSanFrancesco\/\",\"https:\/\/www.instagram.com\/villaggiosanfrancesco\/\",\"https:\/\/www.youtube.com\/channel\/UClXJoJulrb1UANfZodeHn-g\",\"https:\/\/www.tiktok.com\/@sanfrancescoresort\"]}]}<\/script>\n<!-- \/ Yoast SEO plugin. -->","yoast_head_json":{"title":"Polityka prywatno\u015bci - Formularz wyceny - Villaggio San Francesco","robots":{"index":"index","follow":"follow","max-snippet":"max-snippet:-1","max-image-preview":"max-image-preview:large","max-video-preview":"max-video-preview:-1"},"canonical":"https:\/\/www.villaggiosanfrancesco.com\/pl\/polityka-prywatnosci-formularz-wyceny\/","og_locale":"pl_PL","og_type":"article","og_title":"Polityka prywatno\u015bci - Formularz wyceny - Villaggio San Francesco","og_url":"https:\/\/www.villaggiosanfrancesco.com\/pl\/polityka-prywatnosci-formularz-wyceny\/","og_site_name":"Villaggio San Francesco","article_publisher":"https:\/\/www.facebook.com\/VillaggioSanFrancesco\/","article_modified_time":"2024-04-05T11:46:37+00:00","og_image":[{"width":2000,"height":870,"url":"https:\/\/www.villaggiosanfrancesco.com\/wp-content\/uploads\/2022\/08\/reception_VillaggioSanFrancesco.jpg","type":"image\/jpeg"}],"twitter_card":"summary_large_image","twitter_misc":{"Szacowany czas czytania":"3 minuty"},"schema":{"@context":"https:\/\/schema.org","@graph":[{"@type":"WebPage","@id":"https:\/\/www.villaggiosanfrancesco.com\/pl\/polityka-prywatnosci-formularz-wyceny\/","url":"https:\/\/www.villaggiosanfrancesco.com\/pl\/polityka-prywatnosci-formularz-wyceny\/","name":"Polityka prywatno\u015bci - Formularz wyceny - Villaggio San Francesco","isPartOf":{"@id":"https:\/\/www.villaggiosanfrancesco.com\/pl\/#website"},"primaryImageOfPage":{"@id":"https:\/\/www.villaggiosanfrancesco.com\/pl\/polityka-prywatnosci-formularz-wyceny\/#primaryimage"},"image":{"@id":"https:\/\/www.villaggiosanfrancesco.com\/pl\/polityka-prywatnosci-formularz-wyceny\/#primaryimage"},"thumbnailUrl":"https:\/\/www.villaggiosanfrancesco.com\/wp-content\/uploads\/2022\/08\/reception_VillaggioSanFrancesco.jpg","datePublished":"2024-01-25T09:56:11+00:00","dateModified":"2024-04-05T11:46:37+00:00","breadcrumb":{"@id":"https:\/\/www.villaggiosanfrancesco.com\/pl\/polityka-prywatnosci-formularz-wyceny\/#breadcrumb"},"inLanguage":"pl-PL","potentialAction":[{"@type":"ReadAction","target":["https:\/\/www.villaggiosanfrancesco.com\/pl\/polityka-prywatnosci-formularz-wyceny\/"]}]},{"@type":"ImageObject","inLanguage":"pl-PL","@id":"https:\/\/www.villaggiosanfrancesco.com\/pl\/polityka-prywatnosci-formularz-wyceny\/#primaryimage","url":"https:\/\/www.villaggiosanfrancesco.com\/wp-content\/uploads\/2022\/08\/reception_VillaggioSanFrancesco.jpg","contentUrl":"https:\/\/www.villaggiosanfrancesco.com\/wp-content\/uploads\/2022\/08\/reception_VillaggioSanFrancesco.jpg","width":2000,"height":870},{"@type":"BreadcrumbList","@id":"https:\/\/www.villaggiosanfrancesco.com\/pl\/polityka-prywatnosci-formularz-wyceny\/#breadcrumb","itemListElement":[{"@type":"ListItem","position":1,"name":"Home","item":"https:\/\/www.villaggiosanfrancesco.com\/pl\/"},{"@type":"ListItem","position":2,"name":"Polityka prywatno\u015bci &#8211; Formularz wyceny"}]},{"@type":"WebSite","@id":"https:\/\/www.villaggiosanfrancesco.com\/pl\/#website","url":"https:\/\/www.villaggiosanfrancesco.com\/pl\/","name":"Villaggio San Francesco","description":"Caorle, VENEZIA","publisher":{"@id":"https:\/\/www.villaggiosanfrancesco.com\/pl\/#organization"},"potentialAction":[{"@type":"SearchAction","target":{"@type":"EntryPoint","urlTemplate":"https:\/\/www.villaggiosanfrancesco.com\/pl\/?s={search_term_string}"},"query-input":{"@type":"PropertyValueSpecification","valueRequired":true,"valueName":"search_term_string"}}],"inLanguage":"pl-PL"},{"@type":"Organization","@id":"https:\/\/www.villaggiosanfrancesco.com\/pl\/#organization","name":"Villaggio San Francesco","url":"https:\/\/www.villaggiosanfrancesco.com\/pl\/","logo":{"@type":"ImageObject","inLanguage":"pl-PL","@id":"https:\/\/www.villaggiosanfrancesco.com\/pl\/#\/schema\/logo\/image\/","url":"https:\/\/www.villaggiosanfrancesco.com\/wp-content\/uploads\/2023\/03\/Logo-Villaggio-San-Francesco-Caorle-1.png","contentUrl":"https:\/\/www.villaggiosanfrancesco.com\/wp-content\/uploads\/2023\/03\/Logo-Villaggio-San-Francesco-Caorle-1.png","width":1206,"height":356,"caption":"Villaggio San Francesco"},"image":{"@id":"https:\/\/www.villaggiosanfrancesco.com\/pl\/#\/schema\/logo\/image\/"},"sameAs":["https:\/\/www.facebook.com\/VillaggioSanFrancesco\/","https:\/\/www.instagram.com\/villaggiosanfrancesco\/","https:\/\/www.youtube.com\/channel\/UClXJoJulrb1UANfZodeHn-g","https:\/\/www.tiktok.com\/@sanfrancescoresort"]}]}},"coauthors":[],"author_meta":{"author_link":"https:\/\/www.villaggiosanfrancesco.com\/pl\/news\/author\/admin\/","display_name":"admin"},"relative_dates":{"created":"Posted 2 lata ago","modified":"Updated 2 lata ago"},"absolute_dates":{"created":"Posted on 25 stycznia, 2024","modified":"Updated on 5 kwietnia, 2024"},"absolute_dates_time":{"created":"Posted on 25 stycznia, 2024 10:56 am","modified":"Updated on 5 kwietnia, 2024 1:46 pm"},"featured_img_caption":"","featured_img":"https:\/\/www.villaggiosanfrancesco.com\/wp-content\/uploads\/2022\/08\/reception_VillaggioSanFrancesco-1568x682.jpg","series_order":"","_links":{"self":[{"href":"https:\/\/www.villaggiosanfrancesco.com\/pl\/wp-json\/wp\/v2\/pages\/21988","targetHints":{"allow":["GET"]}}],"collection":[{"href":"https:\/\/www.villaggiosanfrancesco.com\/pl\/wp-json\/wp\/v2\/pages"}],"about":[{"href":"https:\/\/www.villaggiosanfrancesco.com\/pl\/wp-json\/wp\/v2\/types\/page"}],"author":[{"embeddable":true,"href":"https:\/\/www.villaggiosanfrancesco.com\/pl\/wp-json\/wp\/v2\/users\/1"}],"replies":[{"embeddable":true,"href":"https:\/\/www.villaggiosanfrancesco.com\/pl\/wp-json\/wp\/v2\/comments?post=21988"}],"version-history":[{"count":0,"href":"https:\/\/www.villaggiosanfrancesco.com\/pl\/wp-json\/wp\/v2\/pages\/21988\/revisions"}],"wp:featuredmedia":[{"embeddable":true,"href":"https:\/\/www.villaggiosanfrancesco.com\/pl\/wp-json\/wp\/v2\/media\/21724"}],"wp:attachment":[{"href":"https:\/\/www.villaggiosanfrancesco.com\/pl\/wp-json\/wp\/v2\/media?parent=21988"}],"curies":[{"name":"wp","href":"https:\/\/api.w.org\/{rel}","templated":true}]}}