{"id":21959,"date":"2024-01-25T10:56:01","date_gmt":"2024-01-25T09:56:01","guid":{"rendered":"https:\/\/www.villaggiosanfrancesco.com\/altino-starozytne-rzymskie-miasto\/"},"modified":"2024-02-22T18:52:35","modified_gmt":"2024-02-22T17:52:35","slug":"altino-starozytne-rzymskie-miasto","status":"publish","type":"page","link":"https:\/\/www.villaggiosanfrancesco.com\/pl\/altino-starozytne-rzymskie-miasto\/","title":{"rendered":"Altino, staro\u017cytne rzymskie miasto"},"content":{"rendered":"<div  class=\"grids-section row-elenchi grids-is-advanced alignfull\" style=\"--_gs-gap-desktop:0px 0px;--_gs-m-desktop:0 0 0 0;--_gs-p-desktop:0 0 0 0;--_gs-bg-desktop:transparent none;--_gs-bg-xp-desktop:0px;--_gs-zi-desktop:auto;--_gs-d-desktop:block;--_gs-mw-desktop:calc(100% - 0 - 0);--_gs-gap-tablet:0px 0px;--_gs-m-tablet:0 0 0 0;--_gs-p-tablet:0 0 0 0;--_gs-bg-tablet:transparent none;--_gs-bg-xp-tablet:0px;--_gs-zi-tablet:auto;--_gs-d-tablet:block;--_gs-mw-tablet:calc(100% - 0 - 0);--_gs-gap-mobile:0px 0px;--_gs-m-mobile:0 0 0 0;--_gs-p-mobile:0 0 0 0;--_gs-bg-mobile:transparent none;--_gs-bg-xp-mobile:0px;--_gs-zi-mobile:auto;--_gs-d-mobile:block;--_gs-mw-mobile:calc(100% - 0 - 0);--_gs-columns:12;--_gs-rows:6\"><div class=\"grids-s-w_i\">\n<div class=\"grids-area\" style=\"--_ga-column:2\/12;--_ga-row:1\/3;--_ga-m-desktop:0 0 0 0;--_ga-p-desktop:0 0 0 0;--_ga-bg-desktop:transparent none;--_ga-zi-desktop:auto;--_ga-d-desktop:flex;--_ga-mw-desktop:calc(100% - 0 - 0);--_ga-m-tablet:0 0 0 0;--_ga-p-tablet:0 0 0 0;--_ga-bg-tablet:transparent none;--_ga-zi-tablet:auto;--_ga-d-tablet:flex;--_ga-mw-tablet:calc(100% - 0 - 0);--_ga-m-mobile:0 0 0 0;--_ga-p-mobile:0 0 0 0;--_ga-bg-mobile:transparent none;--_ga-zi-mobile:auto;--_ga-d-mobile:flex;--_ga-mw-mobile:calc(100% - 0 - 0)\">\n\n<h2 class=\"wp-block-heading has-text-align-center advgb-dyn-9e56f067\">Odkryj nasz kurort w Caorle i odwied\u017a najpi\u0119kniejsze i najciekawsze miejsca w Wenecji Euganejskiej i okolicach!<\/h2>\n\n\n\n<p>Uczy\u0144 swoje wakacje w naszej wiosce w Caorle jeszcze pi\u0119kniejszymi: dodaj do swojego planu podr\u00f3\u017cy wizyt\u0119 w <strong>Altino<\/strong> i jego <strong>Narodowym Muzeum Archeologicznym<\/strong>, dw\u00f3ch miejscach do odwiedzenia w Wenecji Euganejskiej bogatych w histori\u0119 i kultur\u0119.<\/p>\n\n<\/div>\n<\/div><\/div>\t<div id=\"boxTextSlider_2\" class=\"box-text-slider-container-wrapper  \" style=\"background-image: url(https:\/\/www.villaggiosanfrancesco.com\/wp-content\/uploads\/2023\/01\/scavi-Altino-1.jpg);--box-text-bck-color: #000000;--box-text-color: #ffffff;\">\n\n\t\t<div class=\"box-text-slider_content\">\n\t\t\t<h3>CENTRUM Quarto d&#8217;Altino<\/h3>\n<h2>Quarto d&#8217;Altino, rzymskie Altinum<\/h2>\n<p><strong>Quarto d&#8217;Altino (rzymskie Altinum<\/strong>) nale\u017cy do ma\u0142ego wiejskiego o\u015brodka licz\u0105cego nieco ponad <strong>3000 mieszka\u0144c\u00f3w.<\/strong> Ale <strong>jego historia jest bardzo stara<\/strong>.<\/p>\n<p>Pierwsze sta\u0142e osady datowane s\u0105 na<strong>epok\u0119 br\u0105zu (XV-XVIII w. p.n.e.)<\/strong> ale w okolicach <strong>V wieku p.n.e. miasto zyska\u0142o na znaczeniu.<\/strong> W tym czasie morze zbli\u017cy\u0142o si\u0119 do niego i dwie z najwa\u017cniejszych <strong>rzymskich dr\u00f3g<\/strong>,  <strong>Via Annia,<\/strong> kt\u00f3ra bieg\u0142a wzd\u0142u\u017c weneckiego wybrze\u017ca do Akwilei, oraz Claudia Augusta, kt\u00f3ra prowadzi\u0142a handel przez Alpy do Bawarii. Miasto by\u0142o zatem szanowanym centrum handlowym.<\/p>\n<p><strong>W 452 roku Altino zosta\u0142o zniszczone przez Hun\u00f3w<\/strong> pod wodz\u0105 Attyli, a jego mieszka\u0144cy uciekli do laguny, gdzie osiedlili si\u0119, k\u0142ad\u0105c pierwsze podwaliny pod narodziny Wenecji. Gdziekolwiek jeste\u015b w Altino, patrz\u0105c w kierunku laguny, mo\u017cesz dostrzec lekko przekrzywion\u0105 sylwetk\u0119 dzwonnicy Torcello, pierwszej wyspy zamieszka\u0142ej przez uciekinier\u00f3w.<\/p>\n<p>\u00a0<\/p>\n\t\t<\/div>\n\n\t\t\t\t\t<div class=\"box-text-slider_slider\">\n\t\t\t\t<div class=\"swiper-wrapper\">\n\t\t\t\t\t\t\t\t\t\t\t\t\t\t\t\t\t<div class=\"box-text-slider_slider_slide swiper-slide\">\n\n\t\t\t\t\t\t\t\t\t\t\t\t\t\t\t<figure class=\"full-width\" style=\"background-color: #83826e;\">\n\t\t\t\t\t\t\t\t\t<img decoding=\"async\" src=\"https:\/\/www.villaggiosanfrancesco.com\/wp-content\/uploads\/2023\/01\/scavi-Altino-1.jpg\" alt=\"\" title=\"scavi-Altino\" \/>\n\t\t\t\t\t\t\t\t<\/figure>\n\t\t\t\t\t\t\t\n\t\t\t\t\t\t\t\n\t\t\t\t\t\t\t\t\t\t\t\t\t\t\t\t\t<div class=\"box-text-slider_slider_slide_title\">\n\t\t\t\t\t\t\t\t\t\tAltino, obszar archeologiczny\t\t\t\t\t\t\t\t\t\t\t\t\t\t\t\t\n\t\t\t\t\t\t\t\t<\/div>\n\t\t\t\t\t\t\t\t\t\t\t\t\t<\/div>\n\t\t\t\t\t\t\n\t\t\t\t\t\t\t\t\t<\/div>\n\t\t\t\t\n\t\t\t\t\t\t\t<\/div>\n\t\t\t<\/div>\n\n\t\n\n\t<div id=\"boxTextSlider_3\" class=\"box-text-slider-container-wrapper no-background box-text-slider-left\" style=\"--box-text-bck-color: #ffffff;--box-text-color: #000000;\">\n\n\t\t<div class=\"box-text-slider_content\">\n\t\t\t<h3>STANOWISKA ARCHEOLOGICZNE ALTINO<\/h3>\n<h2>Nowe Narodowe Muzeum Archeologiczne<\/h2>\n<p>W okolicy nie ma wielu pozosta\u0142o\u015bci staro\u017cytnego Altinum, ale koniecznie trzeba odwiedzi\u0107 <strong>nowe Narodowe Muzeum Archeologiczne<\/strong>, w kt\u00f3rym zachowa\u0142y si\u0119 r\u00f3\u017cne elementy dekoracyjne znalezione w nekropolii, takie jak bezg\u0142owy pos\u0105g Ikara.<\/p>\n<p>Znajduje si\u0119 tu r\u00f3wnie\u017c kilka <strong>kapiteli, liczne zegary s\u0142oneczne i fragment gzymsu; na uwag\u0119 zas\u0142uguje r\u00f3wnie\u017c kilka szklanych artefakt\u00f3w<\/strong>.<br \/>\nMuzeum jest otwarte codziennie, a wst\u0119p kosztuje zaledwie kilka euro.<\/p>\n<p>\u00a0<\/p>\n\t\t<\/div>\n\n\t\t\t\t\t<div class=\"box-text-slider_slider\">\n\t\t\t\t<div class=\"swiper-wrapper\">\n\t\t\t\t\t\t\t\t\t\t\t\t\t\t\t\t\t<div class=\"box-text-slider_slider_slide swiper-slide\">\n\n\t\t\t\t\t\t\t\t\t\t\t\t\t\t\t<figure class=\"full-width\" style=\"background-color: #76766c;\">\n\t\t\t\t\t\t\t\t\t<img decoding=\"async\" src=\"https:\/\/www.villaggiosanfrancesco.com\/wp-content\/uploads\/2023\/01\/museo-archeologico-nazionale-altino.jpg\" alt=\"\" title=\"museo-archeologico-nazionale-altino\" \/>\n\t\t\t\t\t\t\t\t<\/figure>\n\t\t\t\t\t\t\t\n\t\t\t\t\t\t\t\n\t\t\t\t\t\t\t\t\t\t\t\t\t\t\t\t\t<div class=\"box-text-slider_slider_slide_title\">\n\t\t\t\t\t\t\t\t\t\tNarodowe Muzeum Archeologiczne w Altino\t\t\t\t\t\t\t\t\t\t\t\t\t\t\t\t\n\t\t\t\t\t\t\t\t<\/div>\n\t\t\t\t\t\t\t\t\t\t\t\t\t<\/div>\n\t\t\t\t\t\t\n\t\t\t\t\t\t\t\t\t<\/div>\n\t\t\t\t\n\t\t\t\t\t\t\t<\/div>\n\t\t\t<\/div>\n\n\t\n\n<div  class=\"grids-section background-with-box grids-is-advanced alignfull\" style=\"--_gs-gap-desktop:0px 0px;--_gs-m-desktop:0 0 0 0;--_gs-p-desktop:0 0 0 0;--_gs-bg-desktop:transparent url(https:\/\/www.villaggiosanfrancesco.com\/wp-content\/uploads\/2022\/10\/villaggio-san-francesco-caorle-banner-preview.jpg) no-repeat 50% 50%  \/ cover;--_gs-bg-xp-desktop:0px;--_gs-zi-desktop:auto;--_gs-d-desktop:block;--_gs-mw-desktop:calc(100% - 0 - 0);--_gs-gap-tablet:0px 0px;--_gs-m-tablet:0 0 0 0;--_gs-p-tablet:0 0 0 0;--_gs-bg-tablet:transparent url(https:\/\/www.villaggiosanfrancesco.com\/wp-content\/uploads\/2022\/10\/villaggio-san-francesco-caorle-banner-preview.jpg) no-repeat 50% 50%  \/ cover;--_gs-bg-xp-tablet:0px;--_gs-zi-tablet:auto;--_gs-d-tablet:block;--_gs-mw-tablet:calc(100% - 0 - 0);--_gs-gap-mobile:0px 0px;--_gs-m-mobile:0 0 0 0;--_gs-p-mobile:0 0 0 0;--_gs-bg-mobile:transparent url(https:\/\/www.villaggiosanfrancesco.com\/wp-content\/uploads\/2022\/10\/villaggio-san-francesco-caorle-banner-preview.jpg) no-repeat 50% 50%  \/ cover;--_gs-bg-xp-mobile:0px;--_gs-zi-mobile:auto;--_gs-d-mobile:block;--_gs-mw-mobile:calc(100% - 0 - 0);--_gs-columns:12;--_gs-rows:6\"><div class=\"grids-s-w_i\">\n<div class=\"grids-area\" style=\"--_ga-column:4\/10;--_ga-row:2\/6;--_ga-m-desktop:0 0 0 0;--_ga-p-desktop:0 0 0 0;--_ga-bg-desktop:transparent none;--_ga-zi-desktop:auto;--_ga-d-desktop:flex;--_ga-mw-desktop:calc(100% - 0 - 0);--_ga-m-tablet:0 0 0 0;--_ga-p-tablet:0 0 0 0;--_ga-bg-tablet:transparent none;--_ga-zi-tablet:auto;--_ga-d-tablet:flex;--_ga-mw-tablet:calc(100% - 0 - 0);--_ga-m-mobile:0 0 0 0;--_ga-p-mobile:0 0 0 0;--_ga-bg-mobile:transparent none;--_ga-zi-mobile:auto;--_ga-d-mobile:flex;--_ga-mw-mobile:calc(100% - 0 - 0)\">\n\n<h3 class=\"wp-block-heading has-text-align-center text-bck-rainbow block-center advgb-dyn-f5a31d75\">OFERTY I CENY W VILLAGGIO SAN FRANCESCO<\/h3>\n\n\n\n<h2 class=\"wp-block-heading has-text-align-center advgb-dyn-0e983db0\">Zawsze jest odpowiedni czas na rezerwacj\u0119 wakacji<\/h2>\n\n\n\n<p class=\"has-text-align-center\">Dzi\u0119ki naszym ofertom <strong>pobyt\u00f3w wakacyjnych<\/strong>, urlop w <strong>Caorle<\/strong><br\/>b\u0119dzie jeszcze przyjemniejszy.<\/p>\n\n\n\n<div class=\"wp-block-buttons is-content-justification-center is-layout-flex wp-container-core-buttons-is-layout-16018d1d wp-block-buttons-is-layout-flex\">\n<div class=\"wp-block-button aligncenter advgb-dyn-f102aad1\"><a class=\"wp-block-button__link wp-element-button\" href=\"https:\/\/www.villaggiosanfrancesco.com\/pl\/?page_id=22349\">CENY I OFERTY<\/a><\/div>\n<\/div>\n\n<\/div>\n<\/div><\/div><div  class=\"grids-section grids-is-advanced alignwide\" style=\"--_gs-gap-desktop:0px 0px;--_gs-m-desktop:0 0 0 0;--_gs-p-desktop:0 0 0 0;--_gs-bg-desktop:transparent none;--_gs-bg-xp-desktop:0px;--_gs-zi-desktop:auto;--_gs-d-desktop:block;--_gs-mw-desktop:calc(100% - 0 - 0);--_gs-gap-tablet:0px 0px;--_gs-m-tablet:0 0 0 0;--_gs-p-tablet:0 0 0 0;--_gs-bg-tablet:transparent none;--_gs-bg-xp-tablet:0px;--_gs-zi-tablet:auto;--_gs-d-tablet:block;--_gs-mw-tablet:calc(100% - 0 - 0);--_gs-gap-mobile:0px 0px;--_gs-m-mobile:0 0 0 0;--_gs-p-mobile:0 0 0 0;--_gs-bg-mobile:transparent none;--_gs-bg-xp-mobile:0px;--_gs-zi-mobile:auto;--_gs-d-mobile:block;--_gs-mw-mobile:calc(100% - 0 - 0);--_gs-columns:12;--_gs-rows:6\"><div class=\"grids-s-w_i\">\n<div class=\"grids-area\" style=\"--_ga-column:2\/12;--_ga-row:1\/7;--_ga-m-desktop:0 0 0 0;--_ga-p-desktop:0 0 0 0;--_ga-bg-desktop:transparent none;--_ga-zi-desktop:auto;--_ga-d-desktop:flex;--_ga-mw-desktop:calc(100% - 0 - 0);--_ga-m-tablet:0 0 0 0;--_ga-p-tablet:0 0 0 0;--_ga-bg-tablet:transparent none;--_ga-zi-tablet:auto;--_ga-d-tablet:flex;--_ga-mw-tablet:calc(100% - 0 - 0);--_ga-m-mobile:0 0 0 0;--_ga-p-mobile:0 0 0 0;--_ga-bg-mobile:transparent none;--_ga-zi-mobile:auto;--_ga-d-mobile:flex;--_ga-mw-mobile:calc(100% - 0 - 0)\">\n\n                        <div class=\"related-pages-container\">\n                                                        <div class=\"single-related-page-container\">\n                        <figure class=\"full-width\" style=\"background-color: #61665c;\">\n                            <img decoding=\"async\" src=\"https:\/\/www.villaggiosanfrancesco.com\/wp-content\/uploads\/2023\/01\/ragazzi-visitano-casone-di-caorle.jpg\" height=\"734\" width=\"1100\" \/>\n                        <\/figure>\n                        <a href=\"https:\/\/www.villaggiosanfrancesco.com\/pl\/casoni-w-lagunie-caorle\/\">\n                            <h2 class=\"related-page-title\">\n                                Wyspa rybacka i chaty w lagunie Caorle                            <\/h2>\n                            <span class=\"border-bottom\"><\/span>\n                        <\/a>\n                    <\/div>\n                                                        <div class=\"single-related-page-container\">\n                        <figure class=\"full-width\" style=\"background-color: #75665c;\">\n                            <img decoding=\"async\" src=\"https:\/\/www.villaggiosanfrancesco.com\/wp-content\/uploads\/2023\/01\/Ragazza-cammina-per-il-centro.jpg\" height=\"667\" width=\"1000\" \/>\n                        <\/figure>\n                        <a href=\"https:\/\/www.villaggiosanfrancesco.com\/pl\/aquileia-i-grado-przez-marano-lagunare\/\">\n                            <h2 class=\"related-page-title\">\n                                Aquileia i Grado w gminie Marano Lagunare                            <\/h2>\n                            <span class=\"border-bottom\"><\/span>\n                        <\/a>\n                    <\/div>\n                                                        <div class=\"single-related-page-container\">\n                        <figure class=\"full-width\" style=\"background-color: #749db7;\">\n                            <img decoding=\"async\" src=\"https:\/\/www.villaggiosanfrancesco.com\/wp-content\/uploads\/2023\/01\/donna-sul-balcone-affacciata-sul-mare-trieste.jpg\" height=\"800\" width=\"1200\" \/>\n                        <\/figure>\n                        <a href=\"https:\/\/www.villaggiosanfrancesco.com\/pl\/co-zobaczyc-w-triescie-w-ciagu-jednego-dnia\/\">\n                            <h2 class=\"related-page-title\">\n                                Co zobaczy\u0107 w Trie\u015bcie w ci\u0105gu jednego dnia?                            <\/h2>\n                            <span class=\"border-bottom\"><\/span>\n                        <\/a>\n                    <\/div>\n                            <\/div>\n            \n\n<\/div>\n<\/div><\/div>","protected":false},"excerpt":{"rendered":"","protected":false},"author":1,"featured_media":21710,"parent":0,"menu_order":0,"comment_status":"closed","ping_status":"closed","template":"","meta":{"_acf_changed":false,"advgb_blocks_editor_width":"","advgb_blocks_columns_visual_guide":"","footnotes":""},"class_list":["post-21959","page","type-page","status-publish","has-post-thumbnail","hentry","entry"],"acf":[],"yoast_head":"<!-- This site is optimized with the Yoast SEO plugin v26.0 - https:\/\/yoast.com\/wordpress\/plugins\/seo\/ -->\n<title>Quarto d&#039;Altino, staro\u017cytne rzymskie miasto i jego muzeum | Villaggio San Francesco<\/title>\n<meta name=\"description\" content=\"Odwied\u017a Quarto d&#039;Altino, rzymskie Altinum, niewielkie miasteczko z nieco ponad 3000 mieszka\u0144c\u00f3w. Ale jego historia jest bardzo stara.\" \/>\n<meta name=\"robots\" content=\"index, follow, max-snippet:-1, max-image-preview:large, max-video-preview:-1\" \/>\n<link rel=\"canonical\" href=\"https:\/\/www.villaggiosanfrancesco.com\/pl\/altino-starozytne-rzymskie-miasto\/\" \/>\n<meta property=\"og:locale\" content=\"pl_PL\" \/>\n<meta property=\"og:type\" content=\"article\" \/>\n<meta property=\"og:title\" content=\"Quarto d&#039;Altino, staro\u017cytne rzymskie miasto i jego muzeum | Villaggio San Francesco\" \/>\n<meta property=\"og:description\" content=\"Odwied\u017a Quarto d&#039;Altino, rzymskie Altinum, niewielkie miasteczko z nieco ponad 3000 mieszka\u0144c\u00f3w. Ale jego historia jest bardzo stara.\" \/>\n<meta property=\"og:url\" content=\"https:\/\/www.villaggiosanfrancesco.com\/pl\/altino-starozytne-rzymskie-miasto\/\" \/>\n<meta property=\"og:site_name\" content=\"Villaggio San Francesco\" \/>\n<meta property=\"article:publisher\" content=\"https:\/\/www.facebook.com\/VillaggioSanFrancesco\/\" \/>\n<meta property=\"article:modified_time\" content=\"2024-02-22T17:52:35+00:00\" \/>\n<meta property=\"og:image\" content=\"https:\/\/www.villaggiosanfrancesco.com\/wp-content\/uploads\/2023\/01\/scavi-Altino-1.jpg\" \/>\n\t<meta property=\"og:image:width\" content=\"1200\" \/>\n\t<meta property=\"og:image:height\" content=\"800\" \/>\n\t<meta property=\"og:image:type\" content=\"image\/jpeg\" \/>\n<meta name=\"twitter:card\" content=\"summary_large_image\" \/>\n<script type=\"application\/ld+json\" class=\"yoast-schema-graph\">{\"@context\":\"https:\/\/schema.org\",\"@graph\":[{\"@type\":\"WebPage\",\"@id\":\"https:\/\/www.villaggiosanfrancesco.com\/pl\/altino-starozytne-rzymskie-miasto\/\",\"url\":\"https:\/\/www.villaggiosanfrancesco.com\/pl\/altino-starozytne-rzymskie-miasto\/\",\"name\":\"Quarto d'Altino, staro\u017cytne rzymskie miasto i jego muzeum | Villaggio San Francesco\",\"isPartOf\":{\"@id\":\"https:\/\/www.villaggiosanfrancesco.com\/pl\/#website\"},\"primaryImageOfPage\":{\"@id\":\"https:\/\/www.villaggiosanfrancesco.com\/pl\/altino-starozytne-rzymskie-miasto\/#primaryimage\"},\"image\":{\"@id\":\"https:\/\/www.villaggiosanfrancesco.com\/pl\/altino-starozytne-rzymskie-miasto\/#primaryimage\"},\"thumbnailUrl\":\"https:\/\/www.villaggiosanfrancesco.com\/wp-content\/uploads\/2023\/01\/scavi-Altino-1.jpg\",\"datePublished\":\"2024-01-25T09:56:01+00:00\",\"dateModified\":\"2024-02-22T17:52:35+00:00\",\"description\":\"Odwied\u017a Quarto d'Altino, rzymskie Altinum, niewielkie miasteczko z nieco ponad 3000 mieszka\u0144c\u00f3w. Ale jego historia jest bardzo stara.\",\"breadcrumb\":{\"@id\":\"https:\/\/www.villaggiosanfrancesco.com\/pl\/altino-starozytne-rzymskie-miasto\/#breadcrumb\"},\"inLanguage\":\"pl-PL\",\"potentialAction\":[{\"@type\":\"ReadAction\",\"target\":[\"https:\/\/www.villaggiosanfrancesco.com\/pl\/altino-starozytne-rzymskie-miasto\/\"]}]},{\"@type\":\"ImageObject\",\"inLanguage\":\"pl-PL\",\"@id\":\"https:\/\/www.villaggiosanfrancesco.com\/pl\/altino-starozytne-rzymskie-miasto\/#primaryimage\",\"url\":\"https:\/\/www.villaggiosanfrancesco.com\/wp-content\/uploads\/2023\/01\/scavi-Altino-1.jpg\",\"contentUrl\":\"https:\/\/www.villaggiosanfrancesco.com\/wp-content\/uploads\/2023\/01\/scavi-Altino-1.jpg\",\"width\":1200,\"height\":800},{\"@type\":\"BreadcrumbList\",\"@id\":\"https:\/\/www.villaggiosanfrancesco.com\/pl\/altino-starozytne-rzymskie-miasto\/#breadcrumb\",\"itemListElement\":[{\"@type\":\"ListItem\",\"position\":1,\"name\":\"Home\",\"item\":\"https:\/\/www.villaggiosanfrancesco.com\/pl\/\"},{\"@type\":\"ListItem\",\"position\":2,\"name\":\"Altino, staro\u017cytne rzymskie miasto\"}]},{\"@type\":\"WebSite\",\"@id\":\"https:\/\/www.villaggiosanfrancesco.com\/pl\/#website\",\"url\":\"https:\/\/www.villaggiosanfrancesco.com\/pl\/\",\"name\":\"Villaggio San Francesco\",\"description\":\"Caorle, VENEZIA\",\"publisher\":{\"@id\":\"https:\/\/www.villaggiosanfrancesco.com\/pl\/#organization\"},\"potentialAction\":[{\"@type\":\"SearchAction\",\"target\":{\"@type\":\"EntryPoint\",\"urlTemplate\":\"https:\/\/www.villaggiosanfrancesco.com\/pl\/?s={search_term_string}\"},\"query-input\":{\"@type\":\"PropertyValueSpecification\",\"valueRequired\":true,\"valueName\":\"search_term_string\"}}],\"inLanguage\":\"pl-PL\"},{\"@type\":\"Organization\",\"@id\":\"https:\/\/www.villaggiosanfrancesco.com\/pl\/#organization\",\"name\":\"Villaggio San Francesco\",\"url\":\"https:\/\/www.villaggiosanfrancesco.com\/pl\/\",\"logo\":{\"@type\":\"ImageObject\",\"inLanguage\":\"pl-PL\",\"@id\":\"https:\/\/www.villaggiosanfrancesco.com\/pl\/#\/schema\/logo\/image\/\",\"url\":\"https:\/\/www.villaggiosanfrancesco.com\/wp-content\/uploads\/2023\/03\/Logo-Villaggio-San-Francesco-Caorle-1.png\",\"contentUrl\":\"https:\/\/www.villaggiosanfrancesco.com\/wp-content\/uploads\/2023\/03\/Logo-Villaggio-San-Francesco-Caorle-1.png\",\"width\":1206,\"height\":356,\"caption\":\"Villaggio San Francesco\"},\"image\":{\"@id\":\"https:\/\/www.villaggiosanfrancesco.com\/pl\/#\/schema\/logo\/image\/\"},\"sameAs\":[\"https:\/\/www.facebook.com\/VillaggioSanFrancesco\/\",\"https:\/\/www.instagram.com\/villaggiosanfrancesco\/\",\"https:\/\/www.youtube.com\/channel\/UClXJoJulrb1UANfZodeHn-g\",\"https:\/\/www.tiktok.com\/@sanfrancescoresort\"]}]}<\/script>\n<!-- \/ Yoast SEO plugin. -->","yoast_head_json":{"title":"Quarto d'Altino, staro\u017cytne rzymskie miasto i jego muzeum | Villaggio San Francesco","description":"Odwied\u017a Quarto d'Altino, rzymskie Altinum, niewielkie miasteczko z nieco ponad 3000 mieszka\u0144c\u00f3w. Ale jego historia jest bardzo stara.","robots":{"index":"index","follow":"follow","max-snippet":"max-snippet:-1","max-image-preview":"max-image-preview:large","max-video-preview":"max-video-preview:-1"},"canonical":"https:\/\/www.villaggiosanfrancesco.com\/pl\/altino-starozytne-rzymskie-miasto\/","og_locale":"pl_PL","og_type":"article","og_title":"Quarto d'Altino, staro\u017cytne rzymskie miasto i jego muzeum | Villaggio San Francesco","og_description":"Odwied\u017a Quarto d'Altino, rzymskie Altinum, niewielkie miasteczko z nieco ponad 3000 mieszka\u0144c\u00f3w. Ale jego historia jest bardzo stara.","og_url":"https:\/\/www.villaggiosanfrancesco.com\/pl\/altino-starozytne-rzymskie-miasto\/","og_site_name":"Villaggio San Francesco","article_publisher":"https:\/\/www.facebook.com\/VillaggioSanFrancesco\/","article_modified_time":"2024-02-22T17:52:35+00:00","og_image":[{"width":1200,"height":800,"url":"https:\/\/www.villaggiosanfrancesco.com\/wp-content\/uploads\/2023\/01\/scavi-Altino-1.jpg","type":"image\/jpeg"}],"twitter_card":"summary_large_image","schema":{"@context":"https:\/\/schema.org","@graph":[{"@type":"WebPage","@id":"https:\/\/www.villaggiosanfrancesco.com\/pl\/altino-starozytne-rzymskie-miasto\/","url":"https:\/\/www.villaggiosanfrancesco.com\/pl\/altino-starozytne-rzymskie-miasto\/","name":"Quarto d'Altino, staro\u017cytne rzymskie miasto i jego muzeum | Villaggio San Francesco","isPartOf":{"@id":"https:\/\/www.villaggiosanfrancesco.com\/pl\/#website"},"primaryImageOfPage":{"@id":"https:\/\/www.villaggiosanfrancesco.com\/pl\/altino-starozytne-rzymskie-miasto\/#primaryimage"},"image":{"@id":"https:\/\/www.villaggiosanfrancesco.com\/pl\/altino-starozytne-rzymskie-miasto\/#primaryimage"},"thumbnailUrl":"https:\/\/www.villaggiosanfrancesco.com\/wp-content\/uploads\/2023\/01\/scavi-Altino-1.jpg","datePublished":"2024-01-25T09:56:01+00:00","dateModified":"2024-02-22T17:52:35+00:00","description":"Odwied\u017a Quarto d'Altino, rzymskie Altinum, niewielkie miasteczko z nieco ponad 3000 mieszka\u0144c\u00f3w. Ale jego historia jest bardzo stara.","breadcrumb":{"@id":"https:\/\/www.villaggiosanfrancesco.com\/pl\/altino-starozytne-rzymskie-miasto\/#breadcrumb"},"inLanguage":"pl-PL","potentialAction":[{"@type":"ReadAction","target":["https:\/\/www.villaggiosanfrancesco.com\/pl\/altino-starozytne-rzymskie-miasto\/"]}]},{"@type":"ImageObject","inLanguage":"pl-PL","@id":"https:\/\/www.villaggiosanfrancesco.com\/pl\/altino-starozytne-rzymskie-miasto\/#primaryimage","url":"https:\/\/www.villaggiosanfrancesco.com\/wp-content\/uploads\/2023\/01\/scavi-Altino-1.jpg","contentUrl":"https:\/\/www.villaggiosanfrancesco.com\/wp-content\/uploads\/2023\/01\/scavi-Altino-1.jpg","width":1200,"height":800},{"@type":"BreadcrumbList","@id":"https:\/\/www.villaggiosanfrancesco.com\/pl\/altino-starozytne-rzymskie-miasto\/#breadcrumb","itemListElement":[{"@type":"ListItem","position":1,"name":"Home","item":"https:\/\/www.villaggiosanfrancesco.com\/pl\/"},{"@type":"ListItem","position":2,"name":"Altino, staro\u017cytne rzymskie miasto"}]},{"@type":"WebSite","@id":"https:\/\/www.villaggiosanfrancesco.com\/pl\/#website","url":"https:\/\/www.villaggiosanfrancesco.com\/pl\/","name":"Villaggio San Francesco","description":"Caorle, VENEZIA","publisher":{"@id":"https:\/\/www.villaggiosanfrancesco.com\/pl\/#organization"},"potentialAction":[{"@type":"SearchAction","target":{"@type":"EntryPoint","urlTemplate":"https:\/\/www.villaggiosanfrancesco.com\/pl\/?s={search_term_string}"},"query-input":{"@type":"PropertyValueSpecification","valueRequired":true,"valueName":"search_term_string"}}],"inLanguage":"pl-PL"},{"@type":"Organization","@id":"https:\/\/www.villaggiosanfrancesco.com\/pl\/#organization","name":"Villaggio San Francesco","url":"https:\/\/www.villaggiosanfrancesco.com\/pl\/","logo":{"@type":"ImageObject","inLanguage":"pl-PL","@id":"https:\/\/www.villaggiosanfrancesco.com\/pl\/#\/schema\/logo\/image\/","url":"https:\/\/www.villaggiosanfrancesco.com\/wp-content\/uploads\/2023\/03\/Logo-Villaggio-San-Francesco-Caorle-1.png","contentUrl":"https:\/\/www.villaggiosanfrancesco.com\/wp-content\/uploads\/2023\/03\/Logo-Villaggio-San-Francesco-Caorle-1.png","width":1206,"height":356,"caption":"Villaggio San Francesco"},"image":{"@id":"https:\/\/www.villaggiosanfrancesco.com\/pl\/#\/schema\/logo\/image\/"},"sameAs":["https:\/\/www.facebook.com\/VillaggioSanFrancesco\/","https:\/\/www.instagram.com\/villaggiosanfrancesco\/","https:\/\/www.youtube.com\/channel\/UClXJoJulrb1UANfZodeHn-g","https:\/\/www.tiktok.com\/@sanfrancescoresort"]}]}},"coauthors":[],"author_meta":{"author_link":"https:\/\/www.villaggiosanfrancesco.com\/pl\/news\/author\/admin\/","display_name":"admin"},"relative_dates":{"created":"Posted 2 lata ago","modified":"Updated 2 lata ago"},"absolute_dates":{"created":"Posted on 25 stycznia, 2024","modified":"Updated on 22 lutego, 2024"},"absolute_dates_time":{"created":"Posted on 25 stycznia, 2024 10:56 am","modified":"Updated on 22 lutego, 2024 6:52 pm"},"featured_img_caption":"","featured_img":"https:\/\/www.villaggiosanfrancesco.com\/wp-content\/uploads\/2023\/01\/scavi-Altino-1.jpg","series_order":"","_links":{"self":[{"href":"https:\/\/www.villaggiosanfrancesco.com\/pl\/wp-json\/wp\/v2\/pages\/21959","targetHints":{"allow":["GET"]}}],"collection":[{"href":"https:\/\/www.villaggiosanfrancesco.com\/pl\/wp-json\/wp\/v2\/pages"}],"about":[{"href":"https:\/\/www.villaggiosanfrancesco.com\/pl\/wp-json\/wp\/v2\/types\/page"}],"author":[{"embeddable":true,"href":"https:\/\/www.villaggiosanfrancesco.com\/pl\/wp-json\/wp\/v2\/users\/1"}],"replies":[{"embeddable":true,"href":"https:\/\/www.villaggiosanfrancesco.com\/pl\/wp-json\/wp\/v2\/comments?post=21959"}],"version-history":[{"count":0,"href":"https:\/\/www.villaggiosanfrancesco.com\/pl\/wp-json\/wp\/v2\/pages\/21959\/revisions"}],"wp:featuredmedia":[{"embeddable":true,"href":"https:\/\/www.villaggiosanfrancesco.com\/pl\/wp-json\/wp\/v2\/media\/21710"}],"wp:attachment":[{"href":"https:\/\/www.villaggiosanfrancesco.com\/pl\/wp-json\/wp\/v2\/media?parent=21959"}],"curies":[{"name":"wp","href":"https:\/\/api.w.org\/{rel}","templated":true}]}}