{"id":11622,"date":"2023-01-25T15:07:34","date_gmt":"2023-01-25T14:07:34","guid":{"rendered":"https:\/\/www.villaggiosanfrancesco.com\/altino-een-oude-romeinse-stad\/"},"modified":"2023-11-03T10:06:37","modified_gmt":"2023-11-03T09:06:37","slug":"altino-een-oude-romeinse-stad","status":"publish","type":"page","link":"https:\/\/www.villaggiosanfrancesco.com\/nl\/altino-een-oude-romeinse-stad\/","title":{"rendered":"Altino, een oude Romeinse stad"},"content":{"rendered":"<div  class=\"grids-section row-elenchi grids-is-advanced alignfull\" style=\"--_gs-gap-desktop:0px 0px;--_gs-m-desktop:0 0 0 0;--_gs-p-desktop:0 0 0 0;--_gs-bg-desktop:transparent none;--_gs-bg-xp-desktop:0px;--_gs-zi-desktop:auto;--_gs-d-desktop:block;--_gs-mw-desktop:calc(100% - 0 - 0);--_gs-gap-tablet:0px 0px;--_gs-m-tablet:0 0 0 0;--_gs-p-tablet:0 0 0 0;--_gs-bg-tablet:transparent none;--_gs-bg-xp-tablet:0px;--_gs-zi-tablet:auto;--_gs-d-tablet:block;--_gs-mw-tablet:calc(100% - 0 - 0);--_gs-gap-mobile:0px 0px;--_gs-m-mobile:0 0 0 0;--_gs-p-mobile:0 0 0 0;--_gs-bg-mobile:transparent none;--_gs-bg-xp-mobile:0px;--_gs-zi-mobile:auto;--_gs-d-mobile:block;--_gs-mw-mobile:calc(100% - 0 - 0);--_gs-columns:12;--_gs-rows:6\"><div class=\"grids-s-w_i\">\n<div class=\"grids-area\" style=\"--_ga-column:2\/12;--_ga-row:1\/3;--_ga-m-desktop:0 0 0 0;--_ga-p-desktop:0 0 0 0;--_ga-bg-desktop:transparent none;--_ga-zi-desktop:auto;--_ga-d-desktop:flex;--_ga-mw-desktop:calc(100% - 0 - 0);--_ga-m-tablet:0 0 0 0;--_ga-p-tablet:0 0 0 0;--_ga-bg-tablet:transparent none;--_ga-zi-tablet:auto;--_ga-d-tablet:flex;--_ga-mw-tablet:calc(100% - 0 - 0);--_ga-m-mobile:0 0 0 0;--_ga-p-mobile:0 0 0 0;--_ga-bg-mobile:transparent none;--_ga-zi-mobile:auto;--_ga-d-mobile:flex;--_ga-mw-mobile:calc(100% - 0 - 0)\">\n\n<h2 class=\"wp-block-heading has-text-align-center advgb-dyn-75514945\">Verken ons vakantiedorp in Caorle en bezoek de mooiste en interessantste plekken in en rond Veneto!<\/h2>\n\n\n\n<p>Maak je vakantie in ons vakantiedorp in Caorle nog mooier: voeg aan je programma een bezoek toe aan <strong>Altino<\/strong> en zijn <strong>nationaal archeologisch museum<\/strong>, twee mustsee plekken in Veneto met een rijke geschiedenis en cultuur.<\/p>\n\n<\/div>\n<\/div><\/div>\n\n\t<div id=\"boxTextSlider_2\" class=\"box-text-slider-container-wrapper  \" style=\"background-image: url(https:\/\/www.villaggiosanfrancesco.com\/wp-content\/uploads\/2023\/01\/scavi-Altino-1.jpg);--box-text-bck-color: #000000;--box-text-color: #ffffff;\">\n\n\t\t<div class=\"box-text-slider_content\">\n\t\t\t<p>LANDELIJK CENTRUM VAN QUARTO D&#8217;ALTINO<br \/>\nAltino, ooit bekend als Altinum<\/p>\n<p><strong>Altino (ooit bekend als Altinum)<\/strong> valt tegenwoordig onder de gemeente <strong>Quarto d&#8217;Altino<\/strong>, een klein landelijk centrum met iets meer dan 3.000 inwoners. Maar <strong>de geschiedenis ervan is erg oud<\/strong>.<\/p>\n<p>De eerste permanente nederzettingen dateren <strong>uit de bronstijd (15e-13e eeuw voor Christus)<\/strong>, maar dat was pas rond de <strong>5e eeuw voor Christus toen de stad een betekenisvolle dimensie kreeg<\/strong>. In die tijd grensde de zee eraan en twee van de belangrijkste Romeinse wegen liepen vlakbij, de Via Annia, die langs de kust van Veneto naar Aquileia liep, en de Claudia Augusta, die werd gebruikt om handel over de Alpen naar Beieren te vervoeren. De stad was dan ook een respectabel handelscentrum.<\/p>\n<p><strong>In 452 werd Altino verwoest door de Hunnen<\/strong> onder leiding van Attila en de inwoners vluchtten naar de lagune waar ze zich vestigden en de eerste fundamenten legden voor de stad Veneti\u00eb. Waar je ook bent in Altino, kijkend naar de lagune, herken je het enigszins scheve silhouet van de klokkentoren van Torcello, het eerste eiland bewoond door de voortvluchtigen.<\/p>\n\t\t<\/div>\n\n\t\t\t\t\t<div class=\"box-text-slider_slider\">\n\t\t\t\t<div class=\"swiper-wrapper\">\n\t\t\t\t\t\t\t\t\t\t\t\t\t\t\t\t\t<div class=\"box-text-slider_slider_slide swiper-slide\">\n\n\t\t\t\t\t\t\t\t\t\t\t\t\t\t\t<figure class=\"full-width\" style=\"background-color: #83826e;\">\n\t\t\t\t\t\t\t\t\t<img decoding=\"async\" src=\"https:\/\/www.villaggiosanfrancesco.com\/wp-content\/uploads\/2023\/01\/scavi-Altino-1.jpg\" alt=\"scavi altino\" title=\"scavi-Altino\" \/>\n\t\t\t\t\t\t\t\t<\/figure>\n\t\t\t\t\t\t\t\n\t\t\t\t\t\t\t\n\t\t\t\t\t\t\t\t\t\t\t\t\t\t\t\t\t<div class=\"box-text-slider_slider_slide_title\">\n\t\t\t\t\t\t\t\t\t\tAltino, archeologisch gebied\t\t\t\t\t\t\t\t\t\t\t\t\t\t\t\t\n\t\t\t\t\t\t\t\t<\/div>\n\t\t\t\t\t\t\t\t\t\t\t\t\t<\/div>\n\t\t\t\t\t\t\n\t\t\t\t\t\t\t\t\t<\/div>\n\t\t\t\t\n\t\t\t\t\t\t\t<\/div>\n\t\t\t<\/div>\n\n\t\n\n\n\n\t<div id=\"boxTextSlider_3\" class=\"box-text-slider-container-wrapper no-background box-text-slider-left\" style=\"--box-text-bck-color: #ffffff;--box-text-color: #000000;\">\n\n\t\t<div class=\"box-text-slider_content\">\n\t\t\t<p>NAAST DE ARCHEOLOGISCHE PLAATS VAN ALTINO<br \/>\nHet nieuwe Nationaal Archeologisch Museum<\/p>\n<p>Er zijn niet veel overblijfselen van het oude Altinum in de omgeving, maar een bezoek aan het <strong>nieuwe Nationaal Archeologisch Museum<\/strong> is absoluut een must: het herbergt verschillende decoratieve elementen die in de necropolis zijn gevonden, zoals het onthoofde standbeeld van Icarus.<\/p>\n<p>Er zijn ook verschillende <strong>kapitelen, talloze zonnewijzers en een fragment van een lijst; de verschillende glasartefacten zijn ook opmerkelijk.<\/strong><br \/>\nHet museum is dagelijks geopend en de toegangsprijzen zijn zeer toegankelijk.<\/p>\n\t\t<\/div>\n\n\t\t\t\t\t<div class=\"box-text-slider_slider\">\n\t\t\t\t<div class=\"swiper-wrapper\">\n\t\t\t\t\t\t\t\t\t\t\t\t\t\t\t\t\t<div class=\"box-text-slider_slider_slide swiper-slide\">\n\n\t\t\t\t\t\t\t\t\t\t\t\t\t\t\t<figure class=\"full-width\" style=\"background-color: #76766c;\">\n\t\t\t\t\t\t\t\t\t<img decoding=\"async\" src=\"https:\/\/www.villaggiosanfrancesco.com\/wp-content\/uploads\/2023\/01\/museo-archeologico-nazionale-altino.jpg\" alt=\"museo archeologico nazionale di altino\" title=\"museo-archeologico-nazionale-altino\" \/>\n\t\t\t\t\t\t\t\t<\/figure>\n\t\t\t\t\t\t\t\n\t\t\t\t\t\t\t\n\t\t\t\t\t\t\t\t\t\t\t\t\t\t\t\t\t<div class=\"box-text-slider_slider_slide_title\">\n\t\t\t\t\t\t\t\t\t\tNationaal Archeologisch Museum van Altino\t\t\t\t\t\t\t\t\t\t\t\t\t\t\t\t\n\t\t\t\t\t\t\t\t<\/div>\n\t\t\t\t\t\t\t\t\t\t\t\t\t<\/div>\n\t\t\t\t\t\t\n\t\t\t\t\t\t\t\t\t<\/div>\n\t\t\t\t\n\t\t\t\t\t\t\t<\/div>\n\t\t\t<\/div>\n\n\t\n\n\n\n<div  class=\"grids-section background-with-box grids-is-advanced alignfull\" style=\"--_gs-gap-desktop:0px 0px;--_gs-m-desktop:0 0 0 0;--_gs-p-desktop:0 0 0 0;--_gs-bg-desktop:transparent url(https:\/\/www.villaggiosanfrancesco.com\/wp-content\/uploads\/2022\/10\/villaggio-san-francesco-caorle-banner-preview.jpg) no-repeat 50% 50%  \/ cover;--_gs-bg-xp-desktop:0px;--_gs-zi-desktop:auto;--_gs-d-desktop:block;--_gs-mw-desktop:calc(100% - 0 - 0);--_gs-gap-tablet:0px 0px;--_gs-m-tablet:0 0 0 0;--_gs-p-tablet:0 0 0 0;--_gs-bg-tablet:transparent url(https:\/\/www.villaggiosanfrancesco.com\/wp-content\/uploads\/2022\/10\/villaggio-san-francesco-caorle-banner-preview.jpg) no-repeat 50% 50%  \/ cover;--_gs-bg-xp-tablet:0px;--_gs-zi-tablet:auto;--_gs-d-tablet:block;--_gs-mw-tablet:calc(100% - 0 - 0);--_gs-gap-mobile:0px 0px;--_gs-m-mobile:0 0 0 0;--_gs-p-mobile:0 0 0 0;--_gs-bg-mobile:transparent url(https:\/\/www.villaggiosanfrancesco.com\/wp-content\/uploads\/2022\/10\/villaggio-san-francesco-caorle-banner-preview.jpg) no-repeat 50% 50%  \/ cover;--_gs-bg-xp-mobile:0px;--_gs-zi-mobile:auto;--_gs-d-mobile:block;--_gs-mw-mobile:calc(100% - 0 - 0);--_gs-columns:12;--_gs-rows:6\"><div class=\"grids-s-w_i\">\n<div class=\"grids-area\" style=\"--_ga-column:4\/10;--_ga-row:2\/6;--_ga-m-desktop:0 0 0 0;--_ga-p-desktop:0 0 0 0;--_ga-bg-desktop:transparent none;--_ga-zi-desktop:auto;--_ga-d-desktop:flex;--_ga-mw-desktop:calc(100% - 0 - 0);--_ga-m-tablet:0 0 0 0;--_ga-p-tablet:0 0 0 0;--_ga-bg-tablet:transparent none;--_ga-zi-tablet:auto;--_ga-d-tablet:flex;--_ga-mw-tablet:calc(100% - 0 - 0);--_ga-m-mobile:0 0 0 0;--_ga-p-mobile:0 0 0 0;--_ga-bg-mobile:transparent none;--_ga-zi-mobile:auto;--_ga-d-mobile:flex;--_ga-mw-mobile:calc(100% - 0 - 0)\">\n\n<h3 class=\"wp-block-heading has-text-align-center text-bck-rainbow block-center advgb-dyn-78c1c813\">AANBIEDINGEN EN PRIJZEN VAKANTIEDORP SAN FRANCESCO<\/h3>\n\n\n\n<h2 class=\"wp-block-heading has-text-align-center advgb-dyn-24f80884\">Het is altijd het juiste moment om een vakantie te boeken<\/h2>\n\n\n\n<p class=\"has-text-align-center\">Met onze aanbiedingen voor <strong>vakantiecentra<\/strong> word je verblijf in <strong>Caorle&nbsp;<\/strong>nog aangenamer.<\/p>\n\n\n\n<div class=\"wp-block-buttons is-content-justification-center is-layout-flex wp-container-core-buttons-is-layout-16018d1d wp-block-buttons-is-layout-flex\">\n<div class=\"wp-block-button aligncenter advgb-dyn-c4a24bd7\"><a class=\"wp-block-button__link wp-element-button\" href=\"https:\/\/www.villaggiosanfrancesco.com\/nl\/aanbiedingen-en-promoties\/\">PRIJZEN EN AANBIEDINGEN<\/a><\/div>\n<\/div>\n\n<\/div>\n<\/div><\/div>\n\n<div  class=\"grids-section grids-is-advanced alignwide\" style=\"--_gs-gap-desktop:0px 0px;--_gs-m-desktop:0 0 0 0;--_gs-p-desktop:0 0 0 0;--_gs-bg-desktop:transparent none;--_gs-bg-xp-desktop:0px;--_gs-zi-desktop:auto;--_gs-d-desktop:block;--_gs-mw-desktop:calc(100% - 0 - 0);--_gs-gap-tablet:0px 0px;--_gs-m-tablet:0 0 0 0;--_gs-p-tablet:0 0 0 0;--_gs-bg-tablet:transparent none;--_gs-bg-xp-tablet:0px;--_gs-zi-tablet:auto;--_gs-d-tablet:block;--_gs-mw-tablet:calc(100% - 0 - 0);--_gs-gap-mobile:0px 0px;--_gs-m-mobile:0 0 0 0;--_gs-p-mobile:0 0 0 0;--_gs-bg-mobile:transparent none;--_gs-bg-xp-mobile:0px;--_gs-zi-mobile:auto;--_gs-d-mobile:block;--_gs-mw-mobile:calc(100% - 0 - 0);--_gs-columns:12;--_gs-rows:6\"><div class=\"grids-s-w_i\">\n<div class=\"grids-area\" style=\"--_ga-column:2\/12;--_ga-row:1\/7;--_ga-m-desktop:0 0 0 0;--_ga-p-desktop:0 0 0 0;--_ga-bg-desktop:transparent none;--_ga-zi-desktop:auto;--_ga-d-desktop:flex;--_ga-mw-desktop:calc(100% - 0 - 0);--_ga-m-tablet:0 0 0 0;--_ga-p-tablet:0 0 0 0;--_ga-bg-tablet:transparent none;--_ga-zi-tablet:auto;--_ga-d-tablet:flex;--_ga-mw-tablet:calc(100% - 0 - 0);--_ga-m-mobile:0 0 0 0;--_ga-p-mobile:0 0 0 0;--_ga-bg-mobile:transparent none;--_ga-zi-mobile:auto;--_ga-d-mobile:flex;--_ga-mw-mobile:calc(100% - 0 - 0)\">\n\n                        <div class=\"related-pages-container\">\n                                                        <div class=\"single-related-page-container\">\n                        <figure class=\"full-width\" style=\"background-color: #61665c;\">\n                            <img decoding=\"async\" src=\"https:\/\/www.villaggiosanfrancesco.com\/wp-content\/uploads\/2023\/01\/ragazzi-visitano-casone-di-caorle.jpg\" height=\"734\" width=\"1100\" \/>\n                        <\/figure>\n                        <a href=\"https:\/\/www.villaggiosanfrancesco.com\/nl\/de-casoni-van-de-lagune-van-caorle\/\">\n                            <h2 class=\"related-page-title\">\n                                Het visserseiland en de 'casoni' van de lagune van Caorle                            <\/h2>\n                            <span class=\"border-bottom\"><\/span>\n                        <\/a>\n                    <\/div>\n                                                        <div class=\"single-related-page-container\">\n                        <figure class=\"full-width\" style=\"background-color: #75665c;\">\n                            <img decoding=\"async\" src=\"https:\/\/www.villaggiosanfrancesco.com\/wp-content\/uploads\/2023\/01\/Ragazza-cammina-per-il-centro.jpg\" height=\"667\" width=\"1000\" \/>\n                        <\/figure>\n                        <a href=\"https:\/\/www.villaggiosanfrancesco.com\/nl\/aquileia-en-grado-via-marano-lagunare\/\">\n                            <h2 class=\"related-page-title\">\n                                Aquileia en Grado via Marano Lagunare                            <\/h2>\n                            <span class=\"border-bottom\"><\/span>\n                        <\/a>\n                    <\/div>\n                                                        <div class=\"single-related-page-container\">\n                        <figure class=\"full-width\" style=\"background-color: #749db7;\">\n                            <img decoding=\"async\" src=\"https:\/\/www.villaggiosanfrancesco.com\/wp-content\/uploads\/2023\/01\/donna-sul-balcone-affacciata-sul-mare-trieste.jpg\" height=\"800\" width=\"1200\" \/>\n                        <\/figure>\n                        <a href=\"https:\/\/www.villaggiosanfrancesco.com\/nl\/wat-te-bezoeken-in-triest-op-een-dag\/\">\n                            <h2 class=\"related-page-title\">\n                                Wat te bezoeken in Tri\u00ebst op \u00e9\u00e9n dag                            <\/h2>\n                            <span class=\"border-bottom\"><\/span>\n                        <\/a>\n                    <\/div>\n                            <\/div>\n            \n\n<\/div>\n<\/div><\/div>","protected":false},"excerpt":{"rendered":"","protected":false},"author":1,"featured_media":9571,"parent":0,"menu_order":0,"comment_status":"closed","ping_status":"closed","template":"","meta":{"_acf_changed":false,"advgb_blocks_editor_width":"","advgb_blocks_columns_visual_guide":"","footnotes":""},"class_list":["post-11622","page","type-page","status-publish","has-post-thumbnail","hentry","entry"],"acf":[],"yoast_head":"<!-- This site is optimized with the Yoast SEO plugin v26.0 - https:\/\/yoast.com\/wordpress\/plugins\/seo\/ -->\n<title>Altino, een oude Romeinse stad en zijn museum | Vakantiedorp San Francesco<\/title>\n<meta name=\"description\" content=\"Bezoek Altino, ooit bekend als Altinum in de Romeinse tijd. Het is een klein landelijk centrum met iets meer dan 3.000 inwoners. Maar de geschiedenis ervan is erg oud.\" \/>\n<meta name=\"robots\" content=\"index, follow, max-snippet:-1, max-image-preview:large, max-video-preview:-1\" \/>\n<link rel=\"canonical\" href=\"https:\/\/www.villaggiosanfrancesco.com\/nl\/altino-een-oude-romeinse-stad\/\" \/>\n<meta property=\"og:locale\" content=\"nl_NL\" \/>\n<meta property=\"og:type\" content=\"article\" \/>\n<meta property=\"og:title\" content=\"Altino, een oude Romeinse stad en zijn museum | Vakantiedorp San Francesco\" \/>\n<meta property=\"og:description\" content=\"Bezoek Altino, ooit bekend als Altinum in de Romeinse tijd. Het is een klein landelijk centrum met iets meer dan 3.000 inwoners. Maar de geschiedenis ervan is erg oud.\" \/>\n<meta property=\"og:url\" content=\"https:\/\/www.villaggiosanfrancesco.com\/nl\/altino-een-oude-romeinse-stad\/\" \/>\n<meta property=\"og:site_name\" content=\"Villaggio San Francesco\" \/>\n<meta property=\"article:publisher\" content=\"https:\/\/www.facebook.com\/VillaggioSanFrancesco\/\" \/>\n<meta property=\"article:modified_time\" content=\"2023-11-03T09:06:37+00:00\" \/>\n<meta property=\"og:image\" content=\"https:\/\/www.villaggiosanfrancesco.com\/wp-content\/uploads\/2023\/01\/scavi-Altino-1.jpg\" \/>\n\t<meta property=\"og:image:width\" content=\"1200\" \/>\n\t<meta property=\"og:image:height\" content=\"800\" \/>\n\t<meta property=\"og:image:type\" content=\"image\/jpeg\" \/>\n<meta name=\"twitter:card\" content=\"summary_large_image\" \/>\n<meta name=\"twitter:label1\" content=\"Geschatte leestijd\" \/>\n\t<meta name=\"twitter:data1\" content=\"1 minuut\" \/>\n<script type=\"application\/ld+json\" class=\"yoast-schema-graph\">{\"@context\":\"https:\/\/schema.org\",\"@graph\":[{\"@type\":\"WebPage\",\"@id\":\"https:\/\/www.villaggiosanfrancesco.com\/nl\/altino-een-oude-romeinse-stad\/\",\"url\":\"https:\/\/www.villaggiosanfrancesco.com\/nl\/altino-een-oude-romeinse-stad\/\",\"name\":\"Altino, een oude Romeinse stad en zijn museum | Vakantiedorp San Francesco\",\"isPartOf\":{\"@id\":\"https:\/\/www.villaggiosanfrancesco.com\/nl\/#website\"},\"primaryImageOfPage\":{\"@id\":\"https:\/\/www.villaggiosanfrancesco.com\/nl\/altino-een-oude-romeinse-stad\/#primaryimage\"},\"image\":{\"@id\":\"https:\/\/www.villaggiosanfrancesco.com\/nl\/altino-een-oude-romeinse-stad\/#primaryimage\"},\"thumbnailUrl\":\"https:\/\/www.villaggiosanfrancesco.com\/wp-content\/uploads\/2023\/01\/scavi-Altino-1.jpg\",\"datePublished\":\"2023-01-25T14:07:34+00:00\",\"dateModified\":\"2023-11-03T09:06:37+00:00\",\"description\":\"Bezoek Altino, ooit bekend als Altinum in de Romeinse tijd. Het is een klein landelijk centrum met iets meer dan 3.000 inwoners. Maar de geschiedenis ervan is erg oud.\",\"breadcrumb\":{\"@id\":\"https:\/\/www.villaggiosanfrancesco.com\/nl\/altino-een-oude-romeinse-stad\/#breadcrumb\"},\"inLanguage\":\"nl-NL\",\"potentialAction\":[{\"@type\":\"ReadAction\",\"target\":[\"https:\/\/www.villaggiosanfrancesco.com\/nl\/altino-een-oude-romeinse-stad\/\"]}]},{\"@type\":\"ImageObject\",\"inLanguage\":\"nl-NL\",\"@id\":\"https:\/\/www.villaggiosanfrancesco.com\/nl\/altino-een-oude-romeinse-stad\/#primaryimage\",\"url\":\"https:\/\/www.villaggiosanfrancesco.com\/wp-content\/uploads\/2023\/01\/scavi-Altino-1.jpg\",\"contentUrl\":\"https:\/\/www.villaggiosanfrancesco.com\/wp-content\/uploads\/2023\/01\/scavi-Altino-1.jpg\",\"width\":1200,\"height\":800,\"caption\":\"scavi altino\"},{\"@type\":\"BreadcrumbList\",\"@id\":\"https:\/\/www.villaggiosanfrancesco.com\/nl\/altino-een-oude-romeinse-stad\/#breadcrumb\",\"itemListElement\":[{\"@type\":\"ListItem\",\"position\":1,\"name\":\"Home\",\"item\":\"https:\/\/www.villaggiosanfrancesco.com\/nl\/\"},{\"@type\":\"ListItem\",\"position\":2,\"name\":\"Altino, een oude Romeinse stad\"}]},{\"@type\":\"WebSite\",\"@id\":\"https:\/\/www.villaggiosanfrancesco.com\/nl\/#website\",\"url\":\"https:\/\/www.villaggiosanfrancesco.com\/nl\/\",\"name\":\"Villaggio San Francesco\",\"description\":\"Caorle, VENEZIA\",\"publisher\":{\"@id\":\"https:\/\/www.villaggiosanfrancesco.com\/nl\/#organization\"},\"potentialAction\":[{\"@type\":\"SearchAction\",\"target\":{\"@type\":\"EntryPoint\",\"urlTemplate\":\"https:\/\/www.villaggiosanfrancesco.com\/nl\/?s={search_term_string}\"},\"query-input\":{\"@type\":\"PropertyValueSpecification\",\"valueRequired\":true,\"valueName\":\"search_term_string\"}}],\"inLanguage\":\"nl-NL\"},{\"@type\":\"Organization\",\"@id\":\"https:\/\/www.villaggiosanfrancesco.com\/nl\/#organization\",\"name\":\"Villaggio San Francesco\",\"url\":\"https:\/\/www.villaggiosanfrancesco.com\/nl\/\",\"logo\":{\"@type\":\"ImageObject\",\"inLanguage\":\"nl-NL\",\"@id\":\"https:\/\/www.villaggiosanfrancesco.com\/nl\/#\/schema\/logo\/image\/\",\"url\":\"https:\/\/www.villaggiosanfrancesco.com\/wp-content\/uploads\/2023\/03\/Logo-Villaggio-San-Francesco-Caorle-1.png\",\"contentUrl\":\"https:\/\/www.villaggiosanfrancesco.com\/wp-content\/uploads\/2023\/03\/Logo-Villaggio-San-Francesco-Caorle-1.png\",\"width\":1206,\"height\":356,\"caption\":\"Villaggio San Francesco\"},\"image\":{\"@id\":\"https:\/\/www.villaggiosanfrancesco.com\/nl\/#\/schema\/logo\/image\/\"},\"sameAs\":[\"https:\/\/www.facebook.com\/VillaggioSanFrancesco\/\",\"https:\/\/www.instagram.com\/villaggiosanfrancesco\/\",\"https:\/\/www.youtube.com\/channel\/UClXJoJulrb1UANfZodeHn-g\",\"https:\/\/www.tiktok.com\/@sanfrancescoresort\"]}]}<\/script>\n<!-- \/ Yoast SEO plugin. -->","yoast_head_json":{"title":"Altino, een oude Romeinse stad en zijn museum | Vakantiedorp San Francesco","description":"Bezoek Altino, ooit bekend als Altinum in de Romeinse tijd. Het is een klein landelijk centrum met iets meer dan 3.000 inwoners. Maar de geschiedenis ervan is erg oud.","robots":{"index":"index","follow":"follow","max-snippet":"max-snippet:-1","max-image-preview":"max-image-preview:large","max-video-preview":"max-video-preview:-1"},"canonical":"https:\/\/www.villaggiosanfrancesco.com\/nl\/altino-een-oude-romeinse-stad\/","og_locale":"nl_NL","og_type":"article","og_title":"Altino, een oude Romeinse stad en zijn museum | Vakantiedorp San Francesco","og_description":"Bezoek Altino, ooit bekend als Altinum in de Romeinse tijd. Het is een klein landelijk centrum met iets meer dan 3.000 inwoners. Maar de geschiedenis ervan is erg oud.","og_url":"https:\/\/www.villaggiosanfrancesco.com\/nl\/altino-een-oude-romeinse-stad\/","og_site_name":"Villaggio San Francesco","article_publisher":"https:\/\/www.facebook.com\/VillaggioSanFrancesco\/","article_modified_time":"2023-11-03T09:06:37+00:00","og_image":[{"width":1200,"height":800,"url":"https:\/\/www.villaggiosanfrancesco.com\/wp-content\/uploads\/2023\/01\/scavi-Altino-1.jpg","type":"image\/jpeg"}],"twitter_card":"summary_large_image","twitter_misc":{"Geschatte leestijd":"1 minuut"},"schema":{"@context":"https:\/\/schema.org","@graph":[{"@type":"WebPage","@id":"https:\/\/www.villaggiosanfrancesco.com\/nl\/altino-een-oude-romeinse-stad\/","url":"https:\/\/www.villaggiosanfrancesco.com\/nl\/altino-een-oude-romeinse-stad\/","name":"Altino, een oude Romeinse stad en zijn museum | Vakantiedorp San Francesco","isPartOf":{"@id":"https:\/\/www.villaggiosanfrancesco.com\/nl\/#website"},"primaryImageOfPage":{"@id":"https:\/\/www.villaggiosanfrancesco.com\/nl\/altino-een-oude-romeinse-stad\/#primaryimage"},"image":{"@id":"https:\/\/www.villaggiosanfrancesco.com\/nl\/altino-een-oude-romeinse-stad\/#primaryimage"},"thumbnailUrl":"https:\/\/www.villaggiosanfrancesco.com\/wp-content\/uploads\/2023\/01\/scavi-Altino-1.jpg","datePublished":"2023-01-25T14:07:34+00:00","dateModified":"2023-11-03T09:06:37+00:00","description":"Bezoek Altino, ooit bekend als Altinum in de Romeinse tijd. Het is een klein landelijk centrum met iets meer dan 3.000 inwoners. Maar de geschiedenis ervan is erg oud.","breadcrumb":{"@id":"https:\/\/www.villaggiosanfrancesco.com\/nl\/altino-een-oude-romeinse-stad\/#breadcrumb"},"inLanguage":"nl-NL","potentialAction":[{"@type":"ReadAction","target":["https:\/\/www.villaggiosanfrancesco.com\/nl\/altino-een-oude-romeinse-stad\/"]}]},{"@type":"ImageObject","inLanguage":"nl-NL","@id":"https:\/\/www.villaggiosanfrancesco.com\/nl\/altino-een-oude-romeinse-stad\/#primaryimage","url":"https:\/\/www.villaggiosanfrancesco.com\/wp-content\/uploads\/2023\/01\/scavi-Altino-1.jpg","contentUrl":"https:\/\/www.villaggiosanfrancesco.com\/wp-content\/uploads\/2023\/01\/scavi-Altino-1.jpg","width":1200,"height":800,"caption":"scavi altino"},{"@type":"BreadcrumbList","@id":"https:\/\/www.villaggiosanfrancesco.com\/nl\/altino-een-oude-romeinse-stad\/#breadcrumb","itemListElement":[{"@type":"ListItem","position":1,"name":"Home","item":"https:\/\/www.villaggiosanfrancesco.com\/nl\/"},{"@type":"ListItem","position":2,"name":"Altino, een oude Romeinse stad"}]},{"@type":"WebSite","@id":"https:\/\/www.villaggiosanfrancesco.com\/nl\/#website","url":"https:\/\/www.villaggiosanfrancesco.com\/nl\/","name":"Villaggio San Francesco","description":"Caorle, VENEZIA","publisher":{"@id":"https:\/\/www.villaggiosanfrancesco.com\/nl\/#organization"},"potentialAction":[{"@type":"SearchAction","target":{"@type":"EntryPoint","urlTemplate":"https:\/\/www.villaggiosanfrancesco.com\/nl\/?s={search_term_string}"},"query-input":{"@type":"PropertyValueSpecification","valueRequired":true,"valueName":"search_term_string"}}],"inLanguage":"nl-NL"},{"@type":"Organization","@id":"https:\/\/www.villaggiosanfrancesco.com\/nl\/#organization","name":"Villaggio San Francesco","url":"https:\/\/www.villaggiosanfrancesco.com\/nl\/","logo":{"@type":"ImageObject","inLanguage":"nl-NL","@id":"https:\/\/www.villaggiosanfrancesco.com\/nl\/#\/schema\/logo\/image\/","url":"https:\/\/www.villaggiosanfrancesco.com\/wp-content\/uploads\/2023\/03\/Logo-Villaggio-San-Francesco-Caorle-1.png","contentUrl":"https:\/\/www.villaggiosanfrancesco.com\/wp-content\/uploads\/2023\/03\/Logo-Villaggio-San-Francesco-Caorle-1.png","width":1206,"height":356,"caption":"Villaggio San Francesco"},"image":{"@id":"https:\/\/www.villaggiosanfrancesco.com\/nl\/#\/schema\/logo\/image\/"},"sameAs":["https:\/\/www.facebook.com\/VillaggioSanFrancesco\/","https:\/\/www.instagram.com\/villaggiosanfrancesco\/","https:\/\/www.youtube.com\/channel\/UClXJoJulrb1UANfZodeHn-g","https:\/\/www.tiktok.com\/@sanfrancescoresort"]}]}},"coauthors":[],"author_meta":{"author_link":"https:\/\/www.villaggiosanfrancesco.com\/nl\/news\/author\/admin\/","display_name":"admin"},"relative_dates":{"created":"Posted 3 jaar ago","modified":"Updated 2 jaar ago"},"absolute_dates":{"created":"Posted on januari 25, 2023","modified":"Updated on november 3, 2023"},"absolute_dates_time":{"created":"Posted on januari 25, 2023 3:07 pm","modified":"Updated on november 3, 2023 10:06 am"},"featured_img_caption":"","featured_img":"https:\/\/www.villaggiosanfrancesco.com\/wp-content\/uploads\/2023\/01\/scavi-Altino-1.jpg","series_order":"","_links":{"self":[{"href":"https:\/\/www.villaggiosanfrancesco.com\/nl\/wp-json\/wp\/v2\/pages\/11622","targetHints":{"allow":["GET"]}}],"collection":[{"href":"https:\/\/www.villaggiosanfrancesco.com\/nl\/wp-json\/wp\/v2\/pages"}],"about":[{"href":"https:\/\/www.villaggiosanfrancesco.com\/nl\/wp-json\/wp\/v2\/types\/page"}],"author":[{"embeddable":true,"href":"https:\/\/www.villaggiosanfrancesco.com\/nl\/wp-json\/wp\/v2\/users\/1"}],"replies":[{"embeddable":true,"href":"https:\/\/www.villaggiosanfrancesco.com\/nl\/wp-json\/wp\/v2\/comments?post=11622"}],"version-history":[{"count":0,"href":"https:\/\/www.villaggiosanfrancesco.com\/nl\/wp-json\/wp\/v2\/pages\/11622\/revisions"}],"wp:featuredmedia":[{"embeddable":true,"href":"https:\/\/www.villaggiosanfrancesco.com\/nl\/wp-json\/wp\/v2\/media\/9571"}],"wp:attachment":[{"href":"https:\/\/www.villaggiosanfrancesco.com\/nl\/wp-json\/wp\/v2\/media?parent=11622"}],"curies":[{"name":"wp","href":"https:\/\/api.w.org\/{rel}","templated":true}]}}