{"id":5854,"date":"2022-08-16T08:03:34","date_gmt":"2022-08-16T06:03:34","guid":{"rendered":"https:\/\/www.villaggiosanfrancesco.com\/?page_id=5854"},"modified":"2023-03-06T10:29:51","modified_gmt":"2023-03-06T09:29:51","slug":"por-fesr-regione-del-veneto-piattaforme-tecnologiche","status":"publish","type":"page","link":"https:\/\/www.villaggiosanfrancesco.com\/it\/por-fesr-regione-del-veneto-piattaforme-tecnologiche\/","title":{"rendered":"POR FESR REGIONE DEL VENETO &#8211; PIATTAFORME TECNOLOGICHE"},"content":{"rendered":"<div  class=\"grids-section row-elenchi grids-is-advanced alignfull\" style=\"--_gs-gap-desktop:0px 0px;--_gs-m-desktop:0 0 0 0;--_gs-p-desktop:0 0 0 0;--_gs-bg-desktop:transparent none;--_gs-bg-xp-desktop:0px;--_gs-zi-desktop:auto;--_gs-d-desktop:block;--_gs-mw-desktop:calc(100% - 0 - 0);--_gs-gap-tablet:0px 0px;--_gs-m-tablet:0 0 0 0;--_gs-p-tablet:0 0 0 0;--_gs-bg-tablet:transparent none;--_gs-bg-xp-tablet:0px;--_gs-zi-tablet:auto;--_gs-d-tablet:block;--_gs-mw-tablet:calc(100% - 0 - 0);--_gs-gap-mobile:0px 0px;--_gs-m-mobile:0 0 0 0;--_gs-p-mobile:0 0 0 0;--_gs-bg-mobile:transparent none;--_gs-bg-xp-mobile:0px;--_gs-zi-mobile:auto;--_gs-d-mobile:block;--_gs-mw-mobile:calc(100% - 0 - 0);--_gs-columns:12;--_gs-rows:6\"><div class=\"grids-s-w_i\">\n<div class=\"grids-area\" style=\"--_ga-column:2\/12;--_ga-row:1\/3;--_ga-m-desktop:0 0 0 0;--_ga-p-desktop:0 0 0 0;--_ga-bg-desktop:transparent none;--_ga-zi-desktop:auto;--_ga-d-desktop:flex;--_ga-mw-desktop:calc(100% - 0 - 0);--_ga-m-tablet:0 0 0 0;--_ga-p-tablet:0 0 0 0;--_ga-bg-tablet:transparent none;--_ga-zi-tablet:auto;--_ga-d-tablet:flex;--_ga-mw-tablet:calc(100% - 0 - 0);--_ga-m-mobile:0 0 0 0;--_ga-p-mobile:0 0 0 0;--_ga-bg-mobile:transparent none;--_ga-zi-mobile:auto;--_ga-d-mobile:flex;--_ga-mw-mobile:calc(100% - 0 - 0)\">\n\n<h2 class=\"has-text-align-center wp-block-heading\">Asse 1 \u201cRicerca, sviluppo tecnologico e innovazione\u201d<\/h2>\n\n\n\n<p>Bando per il sostegno all\u2019acquisto di servizi per l\u2019innovazione da parte delle PMI<\/p>\n\n\n\n<h3 class=\"wp-block-heading\"><strong>AZIONE 1.1.2 \u201cSOSTEGNO PER L\u2019ACQUISTO DI SERVIZI PER L\u2019INNOVAZIONE TECNOLOGICA, STRATEGICA, ORGANIZZATIVA E COMMERCIALE DELLE IMPRESE\u201d.<\/strong><\/h3>\n\n\n\n<p><strong>Progetto<\/strong>: Piattaforme Tecnologiche Villaggio S. Francesco Caorle (VE)<\/p>\n\n\n\n<p><strong>Obiettivo specifico<\/strong>: Incremento dell\u2019attivit\u00e0 di innovazione delle imprese<\/p>\n\n\n\n<p>L\u2019azienda Biasuzzi Spa gestisce il&nbsp;<strong>Villaggio Turistico San Francesco a Caorle (VE)<\/strong>.<\/p>\n\n\n\n<p>Il progetto ha visto lo sviluppo di&nbsp;<strong>due piattaforme tecnologiche<\/strong>&nbsp;una dedicata alla fidelizzazione dei clienti e l\u2019altra studiata per migliorare l\u2019esperienza in villaggio.<\/p>\n\n\n\n<p>Al fine di fidelizzare la clientela si \u00e8 creato un portafoglio digitale dedicato ai clienti del villaggio. Il digital wallet verr\u00e0 alimentato tramite le spese in servizi del villaggio, spese che verranno tramutate nella valuta virtuale denominata \u201cBi Coin\u201d spendibile nel villaggio o utilizzabile per future prenotazioni.<\/p>\n\n\n\n<p>La seconda linea del progetto ha visto lo sviluppo di una piattaforma tecnologica che consente un flusso omogeneo e ordinato alle piscine evitando i tanto temuti affollamenti.<\/p>\n\n\n\n<p>L\u2019applicazione, tramite una sofisticata telecamera e un algoritmo di intelligenza artificiale, fornir\u00e0 in tempo reale, il grado di affollamento in un determinato spazio, offrendo alle persone la possibilit\u00e0 di scegliere il momento pi\u00f9 adatto per recarvisi. Utilizzando degli algoritmi predittivi basati su Intelligenza Artificiale, sar\u00e0 possibile inoltre prevedere le ore pi\u00f9 affollate consigliando alla clientela un orario alternativo.<\/p>\n\n\n\n<h3 class=\"wp-block-heading\"><strong>Importo del sostegno ricevuto \u20ac 15.840,00<\/strong><\/h3>\n\n\n\n<p><strong>DGR n. 1391 del 16\/09\/2020<\/strong><\/p>\n\n<\/div>\n<\/div><\/div>","protected":false},"excerpt":{"rendered":"","protected":false},"author":1,"featured_media":5850,"parent":0,"menu_order":0,"comment_status":"closed","ping_status":"closed","template":"","meta":{"_acf_changed":false,"advgb_blocks_editor_width":"","advgb_blocks_columns_visual_guide":"","footnotes":""},"class_list":["post-5854","page","type-page","status-publish","has-post-thumbnail","hentry","entry"],"acf":[],"yoast_head":"<!-- This site is optimized with the Yoast SEO plugin v26.0 - https:\/\/yoast.com\/wordpress\/plugins\/seo\/ -->\n<title>POR FESR REGIONE DEL VENETO - PIATTAFORME TECNOLOGICHE - Villaggio San Francesco<\/title>\n<meta name=\"robots\" content=\"index, follow, max-snippet:-1, max-image-preview:large, max-video-preview:-1\" \/>\n<link rel=\"canonical\" href=\"https:\/\/www.villaggiosanfrancesco.com\/it\/por-fesr-regione-del-veneto-piattaforme-tecnologiche\/\" \/>\n<meta property=\"og:locale\" content=\"it_IT\" \/>\n<meta property=\"og:type\" content=\"article\" \/>\n<meta property=\"og:title\" content=\"POR FESR REGIONE DEL VENETO - PIATTAFORME TECNOLOGICHE - Villaggio San Francesco\" \/>\n<meta property=\"og:url\" content=\"https:\/\/www.villaggiosanfrancesco.com\/it\/por-fesr-regione-del-veneto-piattaforme-tecnologiche\/\" \/>\n<meta property=\"og:site_name\" content=\"Villaggio San Francesco\" \/>\n<meta property=\"article:publisher\" content=\"https:\/\/www.facebook.com\/VillaggioSanFrancesco\/\" \/>\n<meta property=\"article:modified_time\" content=\"2023-03-06T09:29:51+00:00\" \/>\n<meta property=\"og:image\" content=\"https:\/\/www.villaggiosanfrancesco.com\/wp-content\/uploads\/2022\/08\/por_finanziamenti_regione_villaggio_san_francesco.jpg\" \/>\n\t<meta property=\"og:image:width\" content=\"1920\" \/>\n\t<meta property=\"og:image:height\" content=\"1000\" \/>\n\t<meta property=\"og:image:type\" content=\"image\/jpeg\" \/>\n<meta name=\"twitter:card\" content=\"summary_large_image\" \/>\n<meta name=\"twitter:label1\" content=\"Tempo di lettura stimato\" \/>\n\t<meta name=\"twitter:data1\" content=\"2 minuti\" \/>\n<script type=\"application\/ld+json\" class=\"yoast-schema-graph\">{\"@context\":\"https:\/\/schema.org\",\"@graph\":[{\"@type\":\"WebPage\",\"@id\":\"https:\/\/www.villaggiosanfrancesco.com\/it\/por-fesr-regione-del-veneto-piattaforme-tecnologiche\/\",\"url\":\"https:\/\/www.villaggiosanfrancesco.com\/it\/por-fesr-regione-del-veneto-piattaforme-tecnologiche\/\",\"name\":\"POR FESR REGIONE DEL VENETO - PIATTAFORME TECNOLOGICHE - Villaggio San Francesco\",\"isPartOf\":{\"@id\":\"https:\/\/www.villaggiosanfrancesco.com\/it\/#website\"},\"primaryImageOfPage\":{\"@id\":\"https:\/\/www.villaggiosanfrancesco.com\/it\/por-fesr-regione-del-veneto-piattaforme-tecnologiche\/#primaryimage\"},\"image\":{\"@id\":\"https:\/\/www.villaggiosanfrancesco.com\/it\/por-fesr-regione-del-veneto-piattaforme-tecnologiche\/#primaryimage\"},\"thumbnailUrl\":\"https:\/\/www.villaggiosanfrancesco.com\/wp-content\/uploads\/2022\/08\/por_finanziamenti_regione_villaggio_san_francesco.jpg\",\"datePublished\":\"2022-08-16T06:03:34+00:00\",\"dateModified\":\"2023-03-06T09:29:51+00:00\",\"breadcrumb\":{\"@id\":\"https:\/\/www.villaggiosanfrancesco.com\/it\/por-fesr-regione-del-veneto-piattaforme-tecnologiche\/#breadcrumb\"},\"inLanguage\":\"it-IT\",\"potentialAction\":[{\"@type\":\"ReadAction\",\"target\":[\"https:\/\/www.villaggiosanfrancesco.com\/it\/por-fesr-regione-del-veneto-piattaforme-tecnologiche\/\"]}]},{\"@type\":\"ImageObject\",\"inLanguage\":\"it-IT\",\"@id\":\"https:\/\/www.villaggiosanfrancesco.com\/it\/por-fesr-regione-del-veneto-piattaforme-tecnologiche\/#primaryimage\",\"url\":\"https:\/\/www.villaggiosanfrancesco.com\/wp-content\/uploads\/2022\/08\/por_finanziamenti_regione_villaggio_san_francesco.jpg\",\"contentUrl\":\"https:\/\/www.villaggiosanfrancesco.com\/wp-content\/uploads\/2022\/08\/por_finanziamenti_regione_villaggio_san_francesco.jpg\",\"width\":1920,\"height\":1000},{\"@type\":\"BreadcrumbList\",\"@id\":\"https:\/\/www.villaggiosanfrancesco.com\/it\/por-fesr-regione-del-veneto-piattaforme-tecnologiche\/#breadcrumb\",\"itemListElement\":[{\"@type\":\"ListItem\",\"position\":1,\"name\":\"Home\",\"item\":\"https:\/\/www.villaggiosanfrancesco.com\/it\/\"},{\"@type\":\"ListItem\",\"position\":2,\"name\":\"POR FESR REGIONE DEL VENETO &#8211; PIATTAFORME TECNOLOGICHE\"}]},{\"@type\":\"WebSite\",\"@id\":\"https:\/\/www.villaggiosanfrancesco.com\/it\/#website\",\"url\":\"https:\/\/www.villaggiosanfrancesco.com\/it\/\",\"name\":\"Villaggio San Francesco\",\"description\":\"Caorle, VENEZIA\",\"publisher\":{\"@id\":\"https:\/\/www.villaggiosanfrancesco.com\/it\/#organization\"},\"potentialAction\":[{\"@type\":\"SearchAction\",\"target\":{\"@type\":\"EntryPoint\",\"urlTemplate\":\"https:\/\/www.villaggiosanfrancesco.com\/it\/?s={search_term_string}\"},\"query-input\":{\"@type\":\"PropertyValueSpecification\",\"valueRequired\":true,\"valueName\":\"search_term_string\"}}],\"inLanguage\":\"it-IT\"},{\"@type\":\"Organization\",\"@id\":\"https:\/\/www.villaggiosanfrancesco.com\/it\/#organization\",\"name\":\"Villaggio San Francesco\",\"url\":\"https:\/\/www.villaggiosanfrancesco.com\/it\/\",\"logo\":{\"@type\":\"ImageObject\",\"inLanguage\":\"it-IT\",\"@id\":\"https:\/\/www.villaggiosanfrancesco.com\/it\/#\/schema\/logo\/image\/\",\"url\":\"https:\/\/www.villaggiosanfrancesco.com\/wp-content\/uploads\/2023\/03\/Logo-Villaggio-San-Francesco-Caorle-1.png\",\"contentUrl\":\"https:\/\/www.villaggiosanfrancesco.com\/wp-content\/uploads\/2023\/03\/Logo-Villaggio-San-Francesco-Caorle-1.png\",\"width\":1206,\"height\":356,\"caption\":\"Villaggio San Francesco\"},\"image\":{\"@id\":\"https:\/\/www.villaggiosanfrancesco.com\/it\/#\/schema\/logo\/image\/\"},\"sameAs\":[\"https:\/\/www.facebook.com\/VillaggioSanFrancesco\/\",\"https:\/\/www.instagram.com\/villaggiosanfrancesco\/\",\"https:\/\/www.youtube.com\/channel\/UClXJoJulrb1UANfZodeHn-g\",\"https:\/\/www.tiktok.com\/@sanfrancescoresort\"]}]}<\/script>\n<!-- \/ Yoast SEO plugin. -->","yoast_head_json":{"title":"POR FESR REGIONE DEL VENETO - PIATTAFORME TECNOLOGICHE - Villaggio San Francesco","robots":{"index":"index","follow":"follow","max-snippet":"max-snippet:-1","max-image-preview":"max-image-preview:large","max-video-preview":"max-video-preview:-1"},"canonical":"https:\/\/www.villaggiosanfrancesco.com\/it\/por-fesr-regione-del-veneto-piattaforme-tecnologiche\/","og_locale":"it_IT","og_type":"article","og_title":"POR FESR REGIONE DEL VENETO - PIATTAFORME TECNOLOGICHE - Villaggio San Francesco","og_url":"https:\/\/www.villaggiosanfrancesco.com\/it\/por-fesr-regione-del-veneto-piattaforme-tecnologiche\/","og_site_name":"Villaggio San Francesco","article_publisher":"https:\/\/www.facebook.com\/VillaggioSanFrancesco\/","article_modified_time":"2023-03-06T09:29:51+00:00","og_image":[{"width":1920,"height":1000,"url":"https:\/\/www.villaggiosanfrancesco.com\/wp-content\/uploads\/2022\/08\/por_finanziamenti_regione_villaggio_san_francesco.jpg","type":"image\/jpeg"}],"twitter_card":"summary_large_image","twitter_misc":{"Tempo di lettura stimato":"2 minuti"},"schema":{"@context":"https:\/\/schema.org","@graph":[{"@type":"WebPage","@id":"https:\/\/www.villaggiosanfrancesco.com\/it\/por-fesr-regione-del-veneto-piattaforme-tecnologiche\/","url":"https:\/\/www.villaggiosanfrancesco.com\/it\/por-fesr-regione-del-veneto-piattaforme-tecnologiche\/","name":"POR FESR REGIONE DEL VENETO - PIATTAFORME TECNOLOGICHE - Villaggio San Francesco","isPartOf":{"@id":"https:\/\/www.villaggiosanfrancesco.com\/it\/#website"},"primaryImageOfPage":{"@id":"https:\/\/www.villaggiosanfrancesco.com\/it\/por-fesr-regione-del-veneto-piattaforme-tecnologiche\/#primaryimage"},"image":{"@id":"https:\/\/www.villaggiosanfrancesco.com\/it\/por-fesr-regione-del-veneto-piattaforme-tecnologiche\/#primaryimage"},"thumbnailUrl":"https:\/\/www.villaggiosanfrancesco.com\/wp-content\/uploads\/2022\/08\/por_finanziamenti_regione_villaggio_san_francesco.jpg","datePublished":"2022-08-16T06:03:34+00:00","dateModified":"2023-03-06T09:29:51+00:00","breadcrumb":{"@id":"https:\/\/www.villaggiosanfrancesco.com\/it\/por-fesr-regione-del-veneto-piattaforme-tecnologiche\/#breadcrumb"},"inLanguage":"it-IT","potentialAction":[{"@type":"ReadAction","target":["https:\/\/www.villaggiosanfrancesco.com\/it\/por-fesr-regione-del-veneto-piattaforme-tecnologiche\/"]}]},{"@type":"ImageObject","inLanguage":"it-IT","@id":"https:\/\/www.villaggiosanfrancesco.com\/it\/por-fesr-regione-del-veneto-piattaforme-tecnologiche\/#primaryimage","url":"https:\/\/www.villaggiosanfrancesco.com\/wp-content\/uploads\/2022\/08\/por_finanziamenti_regione_villaggio_san_francesco.jpg","contentUrl":"https:\/\/www.villaggiosanfrancesco.com\/wp-content\/uploads\/2022\/08\/por_finanziamenti_regione_villaggio_san_francesco.jpg","width":1920,"height":1000},{"@type":"BreadcrumbList","@id":"https:\/\/www.villaggiosanfrancesco.com\/it\/por-fesr-regione-del-veneto-piattaforme-tecnologiche\/#breadcrumb","itemListElement":[{"@type":"ListItem","position":1,"name":"Home","item":"https:\/\/www.villaggiosanfrancesco.com\/it\/"},{"@type":"ListItem","position":2,"name":"POR FESR REGIONE DEL VENETO &#8211; PIATTAFORME TECNOLOGICHE"}]},{"@type":"WebSite","@id":"https:\/\/www.villaggiosanfrancesco.com\/it\/#website","url":"https:\/\/www.villaggiosanfrancesco.com\/it\/","name":"Villaggio San Francesco","description":"Caorle, VENEZIA","publisher":{"@id":"https:\/\/www.villaggiosanfrancesco.com\/it\/#organization"},"potentialAction":[{"@type":"SearchAction","target":{"@type":"EntryPoint","urlTemplate":"https:\/\/www.villaggiosanfrancesco.com\/it\/?s={search_term_string}"},"query-input":{"@type":"PropertyValueSpecification","valueRequired":true,"valueName":"search_term_string"}}],"inLanguage":"it-IT"},{"@type":"Organization","@id":"https:\/\/www.villaggiosanfrancesco.com\/it\/#organization","name":"Villaggio San Francesco","url":"https:\/\/www.villaggiosanfrancesco.com\/it\/","logo":{"@type":"ImageObject","inLanguage":"it-IT","@id":"https:\/\/www.villaggiosanfrancesco.com\/it\/#\/schema\/logo\/image\/","url":"https:\/\/www.villaggiosanfrancesco.com\/wp-content\/uploads\/2023\/03\/Logo-Villaggio-San-Francesco-Caorle-1.png","contentUrl":"https:\/\/www.villaggiosanfrancesco.com\/wp-content\/uploads\/2023\/03\/Logo-Villaggio-San-Francesco-Caorle-1.png","width":1206,"height":356,"caption":"Villaggio San Francesco"},"image":{"@id":"https:\/\/www.villaggiosanfrancesco.com\/it\/#\/schema\/logo\/image\/"},"sameAs":["https:\/\/www.facebook.com\/VillaggioSanFrancesco\/","https:\/\/www.instagram.com\/villaggiosanfrancesco\/","https:\/\/www.youtube.com\/channel\/UClXJoJulrb1UANfZodeHn-g","https:\/\/www.tiktok.com\/@sanfrancescoresort"]}]}},"coauthors":[],"author_meta":{"author_link":"https:\/\/www.villaggiosanfrancesco.com\/it\/news\/author\/admin\/","display_name":"admin"},"relative_dates":{"created":"Pubblicato 4 anni fa","modified":"Aggiornato 3 anni fa"},"absolute_dates":{"created":"Pubblicato il Agosto 16, 2022","modified":"Aggiornato il Marzo 6, 2023"},"absolute_dates_time":{"created":"Pubblicato il Agosto 16, 2022 8:03 am","modified":"Aggiornato il Marzo 6, 2023 10:29 am"},"featured_img_caption":"","featured_img":"https:\/\/www.villaggiosanfrancesco.com\/wp-content\/uploads\/2022\/08\/por_finanziamenti_regione_villaggio_san_francesco-1568x817.jpg","series_order":"","_links":{"self":[{"href":"https:\/\/www.villaggiosanfrancesco.com\/it\/wp-json\/wp\/v2\/pages\/5854","targetHints":{"allow":["GET"]}}],"collection":[{"href":"https:\/\/www.villaggiosanfrancesco.com\/it\/wp-json\/wp\/v2\/pages"}],"about":[{"href":"https:\/\/www.villaggiosanfrancesco.com\/it\/wp-json\/wp\/v2\/types\/page"}],"author":[{"embeddable":true,"href":"https:\/\/www.villaggiosanfrancesco.com\/it\/wp-json\/wp\/v2\/users\/1"}],"replies":[{"embeddable":true,"href":"https:\/\/www.villaggiosanfrancesco.com\/it\/wp-json\/wp\/v2\/comments?post=5854"}],"version-history":[{"count":0,"href":"https:\/\/www.villaggiosanfrancesco.com\/it\/wp-json\/wp\/v2\/pages\/5854\/revisions"}],"wp:featuredmedia":[{"embeddable":true,"href":"https:\/\/www.villaggiosanfrancesco.com\/it\/wp-json\/wp\/v2\/media\/5850"}],"wp:attachment":[{"href":"https:\/\/www.villaggiosanfrancesco.com\/it\/wp-json\/wp\/v2\/media?parent=5854"}],"curies":[{"name":"wp","href":"https:\/\/api.w.org\/{rel}","templated":true}]}}