{"id":11400,"date":"2023-01-24T09:33:50","date_gmt":"2023-01-24T08:33:50","guid":{"rendered":"https:\/\/www.villaggiosanfrancesco.com\/altino-eine-antike-roemische-stadt\/"},"modified":"2023-11-03T10:06:19","modified_gmt":"2023-11-03T09:06:19","slug":"altino-eine-antike-roemische-stadt","status":"publish","type":"page","link":"https:\/\/www.villaggiosanfrancesco.com\/de\/altino-eine-antike-roemische-stadt\/","title":{"rendered":"Altino, eine antike r\u00f6mische Stadt"},"content":{"rendered":"<div  class=\"grids-section row-elenchi grids-is-advanced alignfull\" style=\"--_gs-gap-desktop:0px 0px;--_gs-m-desktop:0 0 0 0;--_gs-p-desktop:0 0 0 0;--_gs-bg-desktop:transparent none;--_gs-bg-xp-desktop:0px;--_gs-zi-desktop:auto;--_gs-d-desktop:block;--_gs-mw-desktop:calc(100% - 0 - 0);--_gs-gap-tablet:0px 0px;--_gs-m-tablet:0 0 0 0;--_gs-p-tablet:0 0 0 0;--_gs-bg-tablet:transparent none;--_gs-bg-xp-tablet:0px;--_gs-zi-tablet:auto;--_gs-d-tablet:block;--_gs-mw-tablet:calc(100% - 0 - 0);--_gs-gap-mobile:0px 0px;--_gs-m-mobile:0 0 0 0;--_gs-p-mobile:0 0 0 0;--_gs-bg-mobile:transparent none;--_gs-bg-xp-mobile:0px;--_gs-zi-mobile:auto;--_gs-d-mobile:block;--_gs-mw-mobile:calc(100% - 0 - 0);--_gs-columns:12;--_gs-rows:6\"><div class=\"grids-s-w_i\">\n<div class=\"grids-area\" style=\"--_ga-column:2\/12;--_ga-row:1\/3;--_ga-m-desktop:0 0 0 0;--_ga-p-desktop:0 0 0 0;--_ga-bg-desktop:transparent none;--_ga-zi-desktop:auto;--_ga-d-desktop:flex;--_ga-mw-desktop:calc(100% - 0 - 0);--_ga-m-tablet:0 0 0 0;--_ga-p-tablet:0 0 0 0;--_ga-bg-tablet:transparent none;--_ga-zi-tablet:auto;--_ga-d-tablet:flex;--_ga-mw-tablet:calc(100% - 0 - 0);--_ga-m-mobile:0 0 0 0;--_ga-p-mobile:0 0 0 0;--_ga-bg-mobile:transparent none;--_ga-zi-mobile:auto;--_ga-d-mobile:flex;--_ga-mw-mobile:calc(100% - 0 - 0)\">\n\n<h2 class=\"wp-block-heading has-text-align-center advgb-dyn-41d53f01\">Entdecken Sie unser Feriendorf in Caorle und besichtigen Sie die sch\u00f6nsten und interessantesten Orte in und um Venetien!<\/h2>\n\n\n\n<p>Machen Sie Ihren Urlaub in unserem Feriendorf in Caorle noch sch\u00f6ner: f\u00fcgen Sie Ihrer Reiseroute eine Besichtigung von <strong>Altino<\/strong> und seinem <strong>Arch\u00e4ologischen Nationalmuseum<\/strong> hinzu, zwei Orte in Venetien, die reich an Geschichte und Kultur sind.<\/p>\n\n<\/div>\n<\/div><\/div>\n\n\t<div id=\"boxTextSlider_2\" class=\"box-text-slider-container-wrapper  \" style=\"background-image: url(https:\/\/www.villaggiosanfrancesco.com\/wp-content\/uploads\/2023\/01\/scavi-Altino-1.jpg);--box-text-bck-color: #000000;--box-text-color: #ffffff;\">\n\n\t\t<div class=\"box-text-slider_content\">\n\t\t\t<h3>L\u00c4NDLICHES ZENTRUM VON QUARTO D&#8217;ALTINO<\/h3>\n<h2>Altino, einst bekannt als Altinum<\/h2>\n<p><strong>Altino (einst als Altinum<\/strong> bekannt) geh\u00f6rt heute zur Gemeinde <strong>Quarto d&#8217;Altino<\/strong>, einem kleinen l\u00e4ndlichen Zentrum mit etwas mehr als 3.000 Einwohnern. Dennoch ist <strong>seine Geschichte sehr alt.<\/strong><\/p>\n<p>Die ersten dauerhaften Siedlungen gehen auf die <strong>Bronzezeit (15.\u201313. Jahrhundert v. Chr.)<\/strong> zur\u00fcck, aber erst um das <strong>5. Jahrhundert v. Chr. herum erlangte die Stadt eine wichtige Bedeutung. <\/strong> Zu dieser Zeit grenzte sie an das Meer und zwei der wichtigsten <strong>r\u00f6mischen Stra\u00dfen<\/strong> verliefen in der N\u00e4he, die <strong>Via Annia<\/strong>, die entlang der venezianischen K\u00fcste nach Aquileia f\u00fchrte, und die Claudia Augusta, \u00fcber die der Handel \u00fcber die Alpen und nach Bayern geleitet wurde. Die Stadt war also ein angesehenes Handelszentrum.<\/p>\n<p><strong>Im Jahr 452 wurde Altino von den Hunnen<\/strong> unter der F\u00fchrung von Attila zerst\u00f6rt und die Einwohner flohen in die Lagune, wo sie sich niederlie\u00dfen und den ersten Grundstein f\u00fcr die Stadt Venedig legten. Wo auch immer Sie sich in Altino befinden und in Richtung Lagune blicken, k\u00f6nnen Sie die leicht schiefe Silhouette des Glockenturms von Torcello erkennen, der ersten Insel, die von den Fl\u00fcchtlingen bewohnt wurde.<\/p>\n\t\t<\/div>\n\n\t\t\t\t\t<div class=\"box-text-slider_slider\">\n\t\t\t\t<div class=\"swiper-wrapper\">\n\t\t\t\t\t\t\t\t\t\t\t\t\t\t\t\t\t<div class=\"box-text-slider_slider_slide swiper-slide\">\n\n\t\t\t\t\t\t\t\t\t\t\t\t\t\t\t<figure class=\"full-width\" style=\"background-color: #83826e;\">\n\t\t\t\t\t\t\t\t\t<img decoding=\"async\" src=\"https:\/\/www.villaggiosanfrancesco.com\/wp-content\/uploads\/2023\/01\/scavi-Altino-1.jpg\" alt=\"scavi altino\" title=\"scavi-Altino\" \/>\n\t\t\t\t\t\t\t\t<\/figure>\n\t\t\t\t\t\t\t\n\t\t\t\t\t\t\t\n\t\t\t\t\t\t\t\t\t\t\t\t\t\t\t\t\t<div class=\"box-text-slider_slider_slide_title\">\n\t\t\t\t\t\t\t\t\t\tAltino, arch\u00e4ologisches Gebiet\t\t\t\t\t\t\t\t\t\t\t\t\t\t\t\t\n\t\t\t\t\t\t\t\t<\/div>\n\t\t\t\t\t\t\t\t\t\t\t\t\t<\/div>\n\t\t\t\t\t\t\n\t\t\t\t\t\t\t\t\t<\/div>\n\t\t\t\t\n\t\t\t\t\t\t\t<\/div>\n\t\t\t<\/div>\n\n\t\n\n\n\n\t<div id=\"boxTextSlider_3\" class=\"box-text-slider-container-wrapper no-background box-text-slider-left\" style=\"--box-text-bck-color: #ffffff;--box-text-color: #000000;\">\n\n\t\t<div class=\"box-text-slider_content\">\n\t\t\t<h3>NEBEN DER ARCH\u00c4OLOGISCHEN ST\u00c4TTE VON ALTINO<\/h3>\n<h2>Das neue Arch\u00e4ologische Nationalmuseum<\/h2>\n<p>Es gibt nicht viele Ruinen des antiken Altinum in der Umgebung, aber eine Besichtigung des <strong>neuen Arch\u00e4ologischen Nationalmuseums<\/strong> ist ein absolutes Muss: es beherbergt verschiedene dekorative Elemente, die in der Nekropole gefunden wurden, wie die kopflose Statue des Ikarus.<\/p>\n<p>Au\u00dferdem gibt es mehrere <strong>Kapitelle, zahlreiche Sonnenuhren und ein Fragment eines Rahmens; bemerkenswert sind auch einige Glasartefakte<\/strong>.<br \/>\nDas Museum ist t\u00e4glich ge\u00f6ffnet und die Eintrittskosten sind sehr niedrig.<\/p>\n\t\t<\/div>\n\n\t\t\t\t\t<div class=\"box-text-slider_slider\">\n\t\t\t\t<div class=\"swiper-wrapper\">\n\t\t\t\t\t\t\t\t\t\t\t\t\t\t\t\t\t<div class=\"box-text-slider_slider_slide swiper-slide\">\n\n\t\t\t\t\t\t\t\t\t\t\t\t\t\t\t<figure class=\"full-width\" style=\"background-color: #76766c;\">\n\t\t\t\t\t\t\t\t\t<img decoding=\"async\" src=\"https:\/\/www.villaggiosanfrancesco.com\/wp-content\/uploads\/2023\/01\/museo-archeologico-nazionale-altino.jpg\" alt=\"museo archeologico nazionale di altino\" title=\"museo-archeologico-nazionale-altino\" \/>\n\t\t\t\t\t\t\t\t<\/figure>\n\t\t\t\t\t\t\t\n\t\t\t\t\t\t\t\n\t\t\t\t\t\t\t\t\t\t\t\t\t\t\t\t\t<div class=\"box-text-slider_slider_slide_title\">\n\t\t\t\t\t\t\t\t\t\tArch\u00e4ologisches Nationalmuseum von Altino\t\t\t\t\t\t\t\t\t\t\t\t\t\t\t\t\n\t\t\t\t\t\t\t\t<\/div>\n\t\t\t\t\t\t\t\t\t\t\t\t\t<\/div>\n\t\t\t\t\t\t\n\t\t\t\t\t\t\t\t\t<\/div>\n\t\t\t\t\n\t\t\t\t\t\t\t<\/div>\n\t\t\t<\/div>\n\n\t\n\n\n\n<div  class=\"grids-section background-with-box grids-is-advanced alignfull\" style=\"--_gs-gap-desktop:0px 0px;--_gs-m-desktop:0 0 0 0;--_gs-p-desktop:0 0 0 0;--_gs-bg-desktop:transparent url(https:\/\/www.villaggiosanfrancesco.com\/wp-content\/uploads\/2022\/10\/villaggio-san-francesco-caorle-banner-preview.jpg) no-repeat 50% 50%  \/ cover;--_gs-bg-xp-desktop:0px;--_gs-zi-desktop:auto;--_gs-d-desktop:block;--_gs-mw-desktop:calc(100% - 0 - 0);--_gs-gap-tablet:0px 0px;--_gs-m-tablet:0 0 0 0;--_gs-p-tablet:0 0 0 0;--_gs-bg-tablet:transparent url(https:\/\/www.villaggiosanfrancesco.com\/wp-content\/uploads\/2022\/10\/villaggio-san-francesco-caorle-banner-preview.jpg) no-repeat 50% 50%  \/ cover;--_gs-bg-xp-tablet:0px;--_gs-zi-tablet:auto;--_gs-d-tablet:block;--_gs-mw-tablet:calc(100% - 0 - 0);--_gs-gap-mobile:0px 0px;--_gs-m-mobile:0 0 0 0;--_gs-p-mobile:0 0 0 0;--_gs-bg-mobile:transparent url(https:\/\/www.villaggiosanfrancesco.com\/wp-content\/uploads\/2022\/10\/villaggio-san-francesco-caorle-banner-preview.jpg) no-repeat 50% 50%  \/ cover;--_gs-bg-xp-mobile:0px;--_gs-zi-mobile:auto;--_gs-d-mobile:block;--_gs-mw-mobile:calc(100% - 0 - 0);--_gs-columns:12;--_gs-rows:6\"><div class=\"grids-s-w_i\">\n<div class=\"grids-area\" style=\"--_ga-column:4\/10;--_ga-row:2\/6;--_ga-m-desktop:0 0 0 0;--_ga-p-desktop:0 0 0 0;--_ga-bg-desktop:transparent none;--_ga-zi-desktop:auto;--_ga-d-desktop:flex;--_ga-mw-desktop:calc(100% - 0 - 0);--_ga-m-tablet:0 0 0 0;--_ga-p-tablet:0 0 0 0;--_ga-bg-tablet:transparent none;--_ga-zi-tablet:auto;--_ga-d-tablet:flex;--_ga-mw-tablet:calc(100% - 0 - 0);--_ga-m-mobile:0 0 0 0;--_ga-p-mobile:0 0 0 0;--_ga-bg-mobile:transparent none;--_ga-zi-mobile:auto;--_ga-d-mobile:flex;--_ga-mw-mobile:calc(100% - 0 - 0)\">\n\n<h3 class=\"wp-block-heading has-text-align-center text-bck-rainbow block-center advgb-dyn-804f8ebb\">ANGEBOTE UND PREISE F\u00dcR DAS FERIENDORF SAN FRANCESCO<\/h3>\n\n\n\n<h2 class=\"wp-block-heading has-text-align-center advgb-dyn-ec6f33d2\">Es ist immer der richtige Zeitpunkt, um einen Urlaub zu buchen<\/h2>\n\n\n\n<p class=\"has-text-align-center\">Mit den Angeboten unseres <strong>Ferienzentrums<\/strong> wird Ihr Aufenthalt in <strong>Caorle<\/strong> noch angenehmer sein.<\/p>\n\n\n\n<div class=\"wp-block-buttons is-content-justification-center is-layout-flex wp-container-core-buttons-is-layout-16018d1d wp-block-buttons-is-layout-flex\">\n<div class=\"wp-block-button aligncenter advgb-dyn-a2baa2ad\"><a class=\"wp-block-button__link wp-element-button\" href=\"https:\/\/www.villaggiosanfrancesco.com\/de\/angebote-und-promotionen\/\">PREISE UND ANGEBOTE<\/a><\/div>\n<\/div>\n\n<\/div>\n<\/div><\/div>\n\n<div  class=\"grids-section grids-is-advanced alignwide\" style=\"--_gs-gap-desktop:0px 0px;--_gs-m-desktop:0 0 0 0;--_gs-p-desktop:0 0 0 0;--_gs-bg-desktop:transparent none;--_gs-bg-xp-desktop:0px;--_gs-zi-desktop:auto;--_gs-d-desktop:block;--_gs-mw-desktop:calc(100% - 0 - 0);--_gs-gap-tablet:0px 0px;--_gs-m-tablet:0 0 0 0;--_gs-p-tablet:0 0 0 0;--_gs-bg-tablet:transparent none;--_gs-bg-xp-tablet:0px;--_gs-zi-tablet:auto;--_gs-d-tablet:block;--_gs-mw-tablet:calc(100% - 0 - 0);--_gs-gap-mobile:0px 0px;--_gs-m-mobile:0 0 0 0;--_gs-p-mobile:0 0 0 0;--_gs-bg-mobile:transparent none;--_gs-bg-xp-mobile:0px;--_gs-zi-mobile:auto;--_gs-d-mobile:block;--_gs-mw-mobile:calc(100% - 0 - 0);--_gs-columns:12;--_gs-rows:6\"><div class=\"grids-s-w_i\">\n<div class=\"grids-area\" style=\"--_ga-column:2\/12;--_ga-row:1\/7;--_ga-m-desktop:0 0 0 0;--_ga-p-desktop:0 0 0 0;--_ga-bg-desktop:transparent none;--_ga-zi-desktop:auto;--_ga-d-desktop:flex;--_ga-mw-desktop:calc(100% - 0 - 0);--_ga-m-tablet:0 0 0 0;--_ga-p-tablet:0 0 0 0;--_ga-bg-tablet:transparent none;--_ga-zi-tablet:auto;--_ga-d-tablet:flex;--_ga-mw-tablet:calc(100% - 0 - 0);--_ga-m-mobile:0 0 0 0;--_ga-p-mobile:0 0 0 0;--_ga-bg-mobile:transparent none;--_ga-zi-mobile:auto;--_ga-d-mobile:flex;--_ga-mw-mobile:calc(100% - 0 - 0)\">\n\n                        <div class=\"related-pages-container\">\n                                                        <div class=\"single-related-page-container\">\n                        <figure class=\"full-width\" style=\"background-color: #61665c;\">\n                            <img decoding=\"async\" src=\"https:\/\/www.villaggiosanfrancesco.com\/wp-content\/uploads\/2023\/01\/ragazzi-visitano-casone-di-caorle.jpg\" height=\"734\" width=\"1100\" \/>\n                        <\/figure>\n                        <a href=\"https:\/\/www.villaggiosanfrancesco.com\/de\/die-casoni-der-lagune-von-caorle\/\">\n                            <h2 class=\"related-page-title\">\n                                Die Fischerinsel und die \u201eCasoni\u201c in der Lagune von Caorle                            <\/h2>\n                            <span class=\"border-bottom\"><\/span>\n                        <\/a>\n                    <\/div>\n                                                        <div class=\"single-related-page-container\">\n                        <figure class=\"full-width\" style=\"background-color: #75665c;\">\n                            <img decoding=\"async\" src=\"https:\/\/www.villaggiosanfrancesco.com\/wp-content\/uploads\/2023\/01\/Ragazza-cammina-per-il-centro.jpg\" height=\"667\" width=\"1000\" \/>\n                        <\/figure>\n                        <a href=\"https:\/\/www.villaggiosanfrancesco.com\/de\/aquileia-und-grado-ueber-marano-lagunare\/\">\n                            <h2 class=\"related-page-title\">\n                                Aquileia und Grado \u00fcber Marano Lagunare                            <\/h2>\n                            <span class=\"border-bottom\"><\/span>\n                        <\/a>\n                    <\/div>\n                                                        <div class=\"single-related-page-container\">\n                        <figure class=\"full-width\" style=\"background-color: #749db7;\">\n                            <img decoding=\"async\" src=\"https:\/\/www.villaggiosanfrancesco.com\/wp-content\/uploads\/2023\/01\/donna-sul-balcone-affacciata-sul-mare-trieste.jpg\" height=\"800\" width=\"1200\" \/>\n                        <\/figure>\n                        <a href=\"https:\/\/www.villaggiosanfrancesco.com\/de\/was-man-in-triest-an-einem-tag-besichtigen-kann\/\">\n                            <h2 class=\"related-page-title\">\n                                Was man in Triest an einem Tag besichtigen kann                            <\/h2>\n                            <span class=\"border-bottom\"><\/span>\n                        <\/a>\n                    <\/div>\n                            <\/div>\n            \n\n<\/div>\n<\/div><\/div>","protected":false},"excerpt":{"rendered":"","protected":false},"author":1,"featured_media":9573,"parent":0,"menu_order":0,"comment_status":"closed","ping_status":"closed","template":"","meta":{"_acf_changed":false,"advgb_blocks_editor_width":"","advgb_blocks_columns_visual_guide":"","footnotes":""},"class_list":["post-11400","page","type-page","status-publish","has-post-thumbnail","hentry","entry"],"acf":[],"yoast_head":"<!-- This site is optimized with the Yoast SEO plugin v26.0 - https:\/\/yoast.com\/wordpress\/plugins\/seo\/ -->\n<title>Altino, eine alte r\u00f6mische Stadt und ihr Museum | Feriendorf San Francesco<\/title>\n<meta name=\"description\" content=\"Besuchen Sie Altino, das zur Zeit der R\u00f6mer Altinum hie\u00df. Es ist ein kleines l\u00e4ndliches Zentrum mit etwas mehr als 3.000 Einwohnern. Dennoch ist seine Geschichte sehr alt.\" \/>\n<meta name=\"robots\" content=\"index, follow, max-snippet:-1, max-image-preview:large, max-video-preview:-1\" \/>\n<link rel=\"canonical\" href=\"https:\/\/www.villaggiosanfrancesco.com\/de\/altino-eine-antike-roemische-stadt\/\" \/>\n<meta property=\"og:locale\" content=\"de_DE\" \/>\n<meta property=\"og:type\" content=\"article\" \/>\n<meta property=\"og:title\" content=\"Altino, eine alte r\u00f6mische Stadt und ihr Museum | Feriendorf San Francesco\" \/>\n<meta property=\"og:description\" content=\"Besuchen Sie Altino, das zur Zeit der R\u00f6mer Altinum hie\u00df. Es ist ein kleines l\u00e4ndliches Zentrum mit etwas mehr als 3.000 Einwohnern. Dennoch ist seine Geschichte sehr alt.\" \/>\n<meta property=\"og:url\" content=\"https:\/\/www.villaggiosanfrancesco.com\/de\/altino-eine-antike-roemische-stadt\/\" \/>\n<meta property=\"og:site_name\" content=\"Villaggio San Francesco\" \/>\n<meta property=\"article:publisher\" content=\"https:\/\/www.facebook.com\/VillaggioSanFrancesco\/\" \/>\n<meta property=\"article:modified_time\" content=\"2023-11-03T09:06:19+00:00\" \/>\n<meta property=\"og:image\" content=\"https:\/\/www.villaggiosanfrancesco.com\/wp-content\/uploads\/2023\/01\/scavi-Altino-1.jpg\" \/>\n\t<meta property=\"og:image:width\" content=\"1200\" \/>\n\t<meta property=\"og:image:height\" content=\"800\" \/>\n\t<meta property=\"og:image:type\" content=\"image\/jpeg\" \/>\n<meta name=\"twitter:card\" content=\"summary_large_image\" \/>\n<meta name=\"twitter:label1\" content=\"Gesch\u00e4tzte Lesezeit\" \/>\n\t<meta name=\"twitter:data1\" content=\"1\u00a0Minute\" \/>\n<script type=\"application\/ld+json\" class=\"yoast-schema-graph\">{\"@context\":\"https:\/\/schema.org\",\"@graph\":[{\"@type\":\"WebPage\",\"@id\":\"https:\/\/www.villaggiosanfrancesco.com\/de\/altino-eine-antike-roemische-stadt\/\",\"url\":\"https:\/\/www.villaggiosanfrancesco.com\/de\/altino-eine-antike-roemische-stadt\/\",\"name\":\"Altino, eine alte r\u00f6mische Stadt und ihr Museum | Feriendorf San Francesco\",\"isPartOf\":{\"@id\":\"https:\/\/www.villaggiosanfrancesco.com\/de\/#website\"},\"primaryImageOfPage\":{\"@id\":\"https:\/\/www.villaggiosanfrancesco.com\/de\/altino-eine-antike-roemische-stadt\/#primaryimage\"},\"image\":{\"@id\":\"https:\/\/www.villaggiosanfrancesco.com\/de\/altino-eine-antike-roemische-stadt\/#primaryimage\"},\"thumbnailUrl\":\"https:\/\/www.villaggiosanfrancesco.com\/wp-content\/uploads\/2023\/01\/scavi-Altino-1.jpg\",\"datePublished\":\"2023-01-24T08:33:50+00:00\",\"dateModified\":\"2023-11-03T09:06:19+00:00\",\"description\":\"Besuchen Sie Altino, das zur Zeit der R\u00f6mer Altinum hie\u00df. Es ist ein kleines l\u00e4ndliches Zentrum mit etwas mehr als 3.000 Einwohnern. Dennoch ist seine Geschichte sehr alt.\",\"breadcrumb\":{\"@id\":\"https:\/\/www.villaggiosanfrancesco.com\/de\/altino-eine-antike-roemische-stadt\/#breadcrumb\"},\"inLanguage\":\"de\",\"potentialAction\":[{\"@type\":\"ReadAction\",\"target\":[\"https:\/\/www.villaggiosanfrancesco.com\/de\/altino-eine-antike-roemische-stadt\/\"]}]},{\"@type\":\"ImageObject\",\"inLanguage\":\"de\",\"@id\":\"https:\/\/www.villaggiosanfrancesco.com\/de\/altino-eine-antike-roemische-stadt\/#primaryimage\",\"url\":\"https:\/\/www.villaggiosanfrancesco.com\/wp-content\/uploads\/2023\/01\/scavi-Altino-1.jpg\",\"contentUrl\":\"https:\/\/www.villaggiosanfrancesco.com\/wp-content\/uploads\/2023\/01\/scavi-Altino-1.jpg\",\"width\":1200,\"height\":800,\"caption\":\"scavi altino\"},{\"@type\":\"BreadcrumbList\",\"@id\":\"https:\/\/www.villaggiosanfrancesco.com\/de\/altino-eine-antike-roemische-stadt\/#breadcrumb\",\"itemListElement\":[{\"@type\":\"ListItem\",\"position\":1,\"name\":\"Home\",\"item\":\"https:\/\/www.villaggiosanfrancesco.com\/de\/\"},{\"@type\":\"ListItem\",\"position\":2,\"name\":\"Altino, eine antike r\u00f6mische Stadt\"}]},{\"@type\":\"WebSite\",\"@id\":\"https:\/\/www.villaggiosanfrancesco.com\/de\/#website\",\"url\":\"https:\/\/www.villaggiosanfrancesco.com\/de\/\",\"name\":\"Villaggio San Francesco\",\"description\":\"Caorle, VENEZIA\",\"publisher\":{\"@id\":\"https:\/\/www.villaggiosanfrancesco.com\/de\/#organization\"},\"potentialAction\":[{\"@type\":\"SearchAction\",\"target\":{\"@type\":\"EntryPoint\",\"urlTemplate\":\"https:\/\/www.villaggiosanfrancesco.com\/de\/?s={search_term_string}\"},\"query-input\":{\"@type\":\"PropertyValueSpecification\",\"valueRequired\":true,\"valueName\":\"search_term_string\"}}],\"inLanguage\":\"de\"},{\"@type\":\"Organization\",\"@id\":\"https:\/\/www.villaggiosanfrancesco.com\/de\/#organization\",\"name\":\"Villaggio San Francesco\",\"url\":\"https:\/\/www.villaggiosanfrancesco.com\/de\/\",\"logo\":{\"@type\":\"ImageObject\",\"inLanguage\":\"de\",\"@id\":\"https:\/\/www.villaggiosanfrancesco.com\/de\/#\/schema\/logo\/image\/\",\"url\":\"https:\/\/www.villaggiosanfrancesco.com\/wp-content\/uploads\/2023\/03\/Logo-Villaggio-San-Francesco-Caorle-1.png\",\"contentUrl\":\"https:\/\/www.villaggiosanfrancesco.com\/wp-content\/uploads\/2023\/03\/Logo-Villaggio-San-Francesco-Caorle-1.png\",\"width\":1206,\"height\":356,\"caption\":\"Villaggio San Francesco\"},\"image\":{\"@id\":\"https:\/\/www.villaggiosanfrancesco.com\/de\/#\/schema\/logo\/image\/\"},\"sameAs\":[\"https:\/\/www.facebook.com\/VillaggioSanFrancesco\/\",\"https:\/\/www.instagram.com\/villaggiosanfrancesco\/\",\"https:\/\/www.youtube.com\/channel\/UClXJoJulrb1UANfZodeHn-g\",\"https:\/\/www.tiktok.com\/@sanfrancescoresort\"]}]}<\/script>\n<!-- \/ Yoast SEO plugin. -->","yoast_head_json":{"title":"Altino, eine alte r\u00f6mische Stadt und ihr Museum | Feriendorf San Francesco","description":"Besuchen Sie Altino, das zur Zeit der R\u00f6mer Altinum hie\u00df. Es ist ein kleines l\u00e4ndliches Zentrum mit etwas mehr als 3.000 Einwohnern. Dennoch ist seine Geschichte sehr alt.","robots":{"index":"index","follow":"follow","max-snippet":"max-snippet:-1","max-image-preview":"max-image-preview:large","max-video-preview":"max-video-preview:-1"},"canonical":"https:\/\/www.villaggiosanfrancesco.com\/de\/altino-eine-antike-roemische-stadt\/","og_locale":"de_DE","og_type":"article","og_title":"Altino, eine alte r\u00f6mische Stadt und ihr Museum | Feriendorf San Francesco","og_description":"Besuchen Sie Altino, das zur Zeit der R\u00f6mer Altinum hie\u00df. Es ist ein kleines l\u00e4ndliches Zentrum mit etwas mehr als 3.000 Einwohnern. Dennoch ist seine Geschichte sehr alt.","og_url":"https:\/\/www.villaggiosanfrancesco.com\/de\/altino-eine-antike-roemische-stadt\/","og_site_name":"Villaggio San Francesco","article_publisher":"https:\/\/www.facebook.com\/VillaggioSanFrancesco\/","article_modified_time":"2023-11-03T09:06:19+00:00","og_image":[{"width":1200,"height":800,"url":"https:\/\/www.villaggiosanfrancesco.com\/wp-content\/uploads\/2023\/01\/scavi-Altino-1.jpg","type":"image\/jpeg"}],"twitter_card":"summary_large_image","twitter_misc":{"Gesch\u00e4tzte Lesezeit":"1\u00a0Minute"},"schema":{"@context":"https:\/\/schema.org","@graph":[{"@type":"WebPage","@id":"https:\/\/www.villaggiosanfrancesco.com\/de\/altino-eine-antike-roemische-stadt\/","url":"https:\/\/www.villaggiosanfrancesco.com\/de\/altino-eine-antike-roemische-stadt\/","name":"Altino, eine alte r\u00f6mische Stadt und ihr Museum | Feriendorf San Francesco","isPartOf":{"@id":"https:\/\/www.villaggiosanfrancesco.com\/de\/#website"},"primaryImageOfPage":{"@id":"https:\/\/www.villaggiosanfrancesco.com\/de\/altino-eine-antike-roemische-stadt\/#primaryimage"},"image":{"@id":"https:\/\/www.villaggiosanfrancesco.com\/de\/altino-eine-antike-roemische-stadt\/#primaryimage"},"thumbnailUrl":"https:\/\/www.villaggiosanfrancesco.com\/wp-content\/uploads\/2023\/01\/scavi-Altino-1.jpg","datePublished":"2023-01-24T08:33:50+00:00","dateModified":"2023-11-03T09:06:19+00:00","description":"Besuchen Sie Altino, das zur Zeit der R\u00f6mer Altinum hie\u00df. Es ist ein kleines l\u00e4ndliches Zentrum mit etwas mehr als 3.000 Einwohnern. Dennoch ist seine Geschichte sehr alt.","breadcrumb":{"@id":"https:\/\/www.villaggiosanfrancesco.com\/de\/altino-eine-antike-roemische-stadt\/#breadcrumb"},"inLanguage":"de","potentialAction":[{"@type":"ReadAction","target":["https:\/\/www.villaggiosanfrancesco.com\/de\/altino-eine-antike-roemische-stadt\/"]}]},{"@type":"ImageObject","inLanguage":"de","@id":"https:\/\/www.villaggiosanfrancesco.com\/de\/altino-eine-antike-roemische-stadt\/#primaryimage","url":"https:\/\/www.villaggiosanfrancesco.com\/wp-content\/uploads\/2023\/01\/scavi-Altino-1.jpg","contentUrl":"https:\/\/www.villaggiosanfrancesco.com\/wp-content\/uploads\/2023\/01\/scavi-Altino-1.jpg","width":1200,"height":800,"caption":"scavi altino"},{"@type":"BreadcrumbList","@id":"https:\/\/www.villaggiosanfrancesco.com\/de\/altino-eine-antike-roemische-stadt\/#breadcrumb","itemListElement":[{"@type":"ListItem","position":1,"name":"Home","item":"https:\/\/www.villaggiosanfrancesco.com\/de\/"},{"@type":"ListItem","position":2,"name":"Altino, eine antike r\u00f6mische Stadt"}]},{"@type":"WebSite","@id":"https:\/\/www.villaggiosanfrancesco.com\/de\/#website","url":"https:\/\/www.villaggiosanfrancesco.com\/de\/","name":"Villaggio San Francesco","description":"Caorle, VENEZIA","publisher":{"@id":"https:\/\/www.villaggiosanfrancesco.com\/de\/#organization"},"potentialAction":[{"@type":"SearchAction","target":{"@type":"EntryPoint","urlTemplate":"https:\/\/www.villaggiosanfrancesco.com\/de\/?s={search_term_string}"},"query-input":{"@type":"PropertyValueSpecification","valueRequired":true,"valueName":"search_term_string"}}],"inLanguage":"de"},{"@type":"Organization","@id":"https:\/\/www.villaggiosanfrancesco.com\/de\/#organization","name":"Villaggio San Francesco","url":"https:\/\/www.villaggiosanfrancesco.com\/de\/","logo":{"@type":"ImageObject","inLanguage":"de","@id":"https:\/\/www.villaggiosanfrancesco.com\/de\/#\/schema\/logo\/image\/","url":"https:\/\/www.villaggiosanfrancesco.com\/wp-content\/uploads\/2023\/03\/Logo-Villaggio-San-Francesco-Caorle-1.png","contentUrl":"https:\/\/www.villaggiosanfrancesco.com\/wp-content\/uploads\/2023\/03\/Logo-Villaggio-San-Francesco-Caorle-1.png","width":1206,"height":356,"caption":"Villaggio San Francesco"},"image":{"@id":"https:\/\/www.villaggiosanfrancesco.com\/de\/#\/schema\/logo\/image\/"},"sameAs":["https:\/\/www.facebook.com\/VillaggioSanFrancesco\/","https:\/\/www.instagram.com\/villaggiosanfrancesco\/","https:\/\/www.youtube.com\/channel\/UClXJoJulrb1UANfZodeHn-g","https:\/\/www.tiktok.com\/@sanfrancescoresort"]}]}},"coauthors":[],"author_meta":{"author_link":"https:\/\/www.villaggiosanfrancesco.com\/de\/news\/author\/admin\/","display_name":"admin"},"relative_dates":{"created":"Posted 3\u00a0Jahren ago","modified":"Updated 3\u00a0Jahren ago"},"absolute_dates":{"created":"Posted on Januar 24, 2023","modified":"Updated on November 3, 2023"},"absolute_dates_time":{"created":"Posted on Januar 24, 2023 9:33 a.m.","modified":"Updated on November 3, 2023 10:06 a.m."},"featured_img_caption":"","featured_img":"https:\/\/www.villaggiosanfrancesco.com\/wp-content\/uploads\/2023\/01\/scavi-Altino-1.jpg","series_order":"","_links":{"self":[{"href":"https:\/\/www.villaggiosanfrancesco.com\/de\/wp-json\/wp\/v2\/pages\/11400","targetHints":{"allow":["GET"]}}],"collection":[{"href":"https:\/\/www.villaggiosanfrancesco.com\/de\/wp-json\/wp\/v2\/pages"}],"about":[{"href":"https:\/\/www.villaggiosanfrancesco.com\/de\/wp-json\/wp\/v2\/types\/page"}],"author":[{"embeddable":true,"href":"https:\/\/www.villaggiosanfrancesco.com\/de\/wp-json\/wp\/v2\/users\/1"}],"replies":[{"embeddable":true,"href":"https:\/\/www.villaggiosanfrancesco.com\/de\/wp-json\/wp\/v2\/comments?post=11400"}],"version-history":[{"count":0,"href":"https:\/\/www.villaggiosanfrancesco.com\/de\/wp-json\/wp\/v2\/pages\/11400\/revisions"}],"wp:featuredmedia":[{"embeddable":true,"href":"https:\/\/www.villaggiosanfrancesco.com\/de\/wp-json\/wp\/v2\/media\/9573"}],"wp:attachment":[{"href":"https:\/\/www.villaggiosanfrancesco.com\/de\/wp-json\/wp\/v2\/media?parent=11400"}],"curies":[{"name":"wp","href":"https:\/\/api.w.org\/{rel}","templated":true}]}}