{"id":11274,"date":"2023-01-22T23:24:33","date_gmt":"2023-01-22T22:24:33","guid":{"rendered":"https:\/\/www.villaggiosanfrancesco.com\/basketballplaetze\/"},"modified":"2026-04-15T14:40:50","modified_gmt":"2026-04-15T12:40:50","slug":"basketballplaetze","status":"publish","type":"page","link":"https:\/\/www.villaggiosanfrancesco.com\/de\/basketballplaetze\/","title":{"rendered":"Basketballpl\u00e4tze"},"content":{"rendered":"<div  class=\"grids-section row-elenchi grids-is-advanced alignfull\" style=\"--_gs-gap-desktop:0px 0px;--_gs-m-desktop:0 0 0 0;--_gs-p-desktop:0 0 0 0;--_gs-bg-desktop:transparent none;--_gs-bg-xp-desktop:0px;--_gs-zi-desktop:auto;--_gs-d-desktop:block;--_gs-mw-desktop:calc(100% - 0 - 0);--_gs-gap-tablet:0px 0px;--_gs-m-tablet:0 0 0 0;--_gs-p-tablet:0 0 0 0;--_gs-bg-tablet:transparent none;--_gs-bg-xp-tablet:0px;--_gs-zi-tablet:auto;--_gs-d-tablet:block;--_gs-mw-tablet:calc(100% - 0 - 0);--_gs-gap-mobile:0px 0px;--_gs-m-mobile:0 0 0 0;--_gs-p-mobile:0 0 0 0;--_gs-bg-mobile:transparent none;--_gs-bg-xp-mobile:0px;--_gs-zi-mobile:auto;--_gs-d-mobile:block;--_gs-mw-mobile:calc(100% - 0 - 0);--_gs-columns:12;--_gs-rows:6\"><div class=\"grids-s-w_i\">\n<div class=\"grids-area\" style=\"--_ga-column:2\/12;--_ga-row:1\/3;--_ga-m-desktop:0 0 0 0;--_ga-p-desktop:0 0 0 0;--_ga-bg-desktop:transparent none;--_ga-zi-desktop:auto;--_ga-d-desktop:flex;--_ga-mw-desktop:calc(100% - 0 - 0);--_ga-m-tablet:0 0 0 0;--_ga-p-tablet:0 0 0 0;--_ga-bg-tablet:transparent none;--_ga-zi-tablet:auto;--_ga-d-tablet:flex;--_ga-mw-tablet:calc(100% - 0 - 0);--_ga-m-mobile:0 0 0 0;--_ga-p-mobile:0 0 0 0;--_ga-bg-mobile:transparent none;--_ga-zi-mobile:auto;--_ga-d-mobile:flex;--_ga-mw-mobile:calc(100% - 0 - 0)\">\n\n<h2 class=\"wp-block-heading has-text-align-center\">Ein Basketballspiel im San Francesco<\/h2>\n\n\n\n<h3 class=\"wp-block-heading\">Sind Sie bereit, ein paar K\u00f6rbe zu werfen?<\/h3>\n\n\n\n<p>Basketball ist ein sehr dynamischer Sport, mit dem Sie w\u00e4hrend Ihres Campingurlaubs aktiv bleiben k\u00f6nnen. Die Basketballpl\u00e4tze im Feriendorf San Francesco sind der ideale Ort, um beim Camping in Caorle eine Partie mit Freunden zu spielen.<\/p>\n\n\n\n<p>Mit welcher Strategie werden Sie Ihre Gegenspieler schlagen? Werden Sie versuchen, die meisten Punkte direkt unter dem Korb zu erzielen oder werden Sie es wagen, ein paar Drei-Punkte-W\u00fcrfe zu machen? Finden Sie es auf unseren Basketballpl\u00e4tzen heraus.<\/p>\n\n<\/div>\n<\/div><\/div>\n\n\t<div id=\"boxTextSlider_2\" class=\"box-text-slider-container-wrapper  \" style=\"background-image: url(https:\/\/www.villaggiosanfrancesco.com\/wp-content\/uploads\/2022\/08\/basket_villaggio_san_francesco.jpg);--box-text-bck-color: #000000;--box-text-color: #ffffff;\">\n\n\t\t<div class=\"box-text-slider_content\">\n\t\t\t<h3>DIE SPORTPL\u00c4TZE<\/h3>\n<h2>2 Basketballpl\u00e4tze<\/h2>\n<h3><span style=\"font-weight: 400;\">Sowohl f\u00fcr erfahrene Spieler als auch f\u00fcr Anf\u00e4nger<\/span><\/h3>\n<p><span style=\"font-weight: 400;\">Im Feriendorf San Francesco finden Sie:<\/span><\/p>\n<ul>\n<li><span style=\"font-weight: 400;\">3 betonierte Basketballpl\u00e4tze mit Beleuchtung: 30,00 x18,00 m (540,00 m2)<\/span><\/li>\n<li><span style=\"font-weight: 400;\">1 Mehrzweck-Basketball-\/-Volleyballplatz, aus Bitumen\/Harz mit Beleuchtung (3 x 19 x 32 m &gt; 1824 m2)<\/span><\/li>\n<\/ul>\n\t\t<\/div>\n\n\t\t\t\t\t<div class=\"box-text-slider_slider\">\n\t\t\t\t<div class=\"swiper-wrapper\">\n\t\t\t\t\t\t\t\t\t\t\t\t\t\t\t\t\t<div class=\"box-text-slider_slider_slide swiper-slide\">\n\n\t\t\t\t\t\t\t\t\t\t\t\t\t\t\t<figure class=\"full-width\" style=\"background-color: #73b5d9;\">\n\t\t\t\t\t\t\t\t\t<img decoding=\"async\" src=\"https:\/\/www.villaggiosanfrancesco.com\/wp-content\/uploads\/2022\/08\/basket_villaggio_san_francesco_01.jpg\" alt=\"campo da basket del villaggio san francesco a caorle\" title=\"basket_villaggio_san_francesco_01\" \/>\n\t\t\t\t\t\t\t\t<\/figure>\n\t\t\t\t\t\t\t\n\t\t\t\t\t\t\t\n\t\t\t\t\t\t\t\t\t\t\t\t\t\t\t\t\t<div class=\"box-text-slider_slider_slide_title\">\n\t\t\t\t\t\t\t\t\t\tBasketballplatz\t\t\t\t\t\t\t\t\t\t\t\t\t\t\t\t\n\t\t\t\t\t\t\t\t<\/div>\n\t\t\t\t\t\t\t\t\t\t\t\t\t<\/div>\n\t\t\t\t\t\t\n\t\t\t\t\t\t\t\t\t<\/div>\n\t\t\t\t\n\t\t\t\t\t\t\t<\/div>\n\t\t\t<\/div>\n\n\t\n\n\n\n<div  class=\"grids-section row-information grids-is-advanced alignfull\" style=\"--_gs-gap-desktop:0px 0px;--_gs-m-desktop:0 0 0 0;--_gs-p-desktop:0 0 0 0;--_gs-bg-desktop:#64b95b none;--_gs-bg-xp-desktop:0px;--_gs-zi-desktop:auto;--_gs-d-desktop:block;--_gs-mw-desktop:calc(100% - 0 - 0);--_gs-gap-tablet:0px 0px;--_gs-m-tablet:0 0 0 0;--_gs-p-tablet:0 0 0 0;--_gs-bg-tablet:#64b95b none;--_gs-bg-xp-tablet:0px;--_gs-zi-tablet:auto;--_gs-d-tablet:block;--_gs-mw-tablet:calc(100% - 0 - 0);--_gs-gap-mobile:0px 0px;--_gs-m-mobile:0 0 0 0;--_gs-p-mobile:0 0 0 0;--_gs-bg-mobile:#64b95b none;--_gs-bg-xp-mobile:0px;--_gs-zi-mobile:auto;--_gs-d-mobile:block;--_gs-mw-mobile:calc(100% - 0 - 0);--_gs-columns:12;--_gs-rows:6\"><div class=\"grids-s-w_i\">\n<div class=\"grids-area\" style=\"--_ga-column:1\/4;--_ga-row:1\/7;--_ga-va:center;--_ga-m-desktop:0 0 0 0;--_ga-p-desktop:0 0 0 0;--_ga-bg-desktop:transparent none;--_ga-zi-desktop:auto;--_ga-d-desktop:flex;--_ga-mw-desktop:calc(100% - 0 - 0);--_ga-m-tablet:0 0 0 0;--_ga-p-tablet:0 0 0 0;--_ga-bg-tablet:transparent none;--_ga-zi-tablet:auto;--_ga-d-tablet:flex;--_ga-mw-tablet:calc(100% - 0 - 0);--_ga-m-mobile:0 0 0 0;--_ga-p-mobile:0 0 0 0;--_ga-bg-mobile:transparent none;--_ga-zi-mobile:auto;--_ga-d-mobile:flex;--_ga-mw-mobile:calc(100% - 0 - 0)\">\n\n<lord-icon src=\"https:\/\/cdn.lordicon.com\/enhpydev.json\" trigger=\"loop\" delay=\"2000\" colors=\"primary:#ffffff,secondary:#ffffff\" style=\"width:250px;height:250px\">\n<\/lord-icon>\n\n<\/div>\n\n<div class=\"grids-area\" style=\"--_ga-column:4\/10;--_ga-row:1\/7;--_ga-va:center;--_ga-m-desktop:0 0 0 0;--_ga-p-desktop:0 0 0 0;--_ga-bg-desktop:transparent none;--_ga-zi-desktop:auto;--_ga-d-desktop:flex;--_ga-mw-desktop:calc(100% - 0 - 0);--_ga-m-tablet:0 0 0 0;--_ga-p-tablet:0 0 0 0;--_ga-bg-tablet:transparent none;--_ga-zi-tablet:auto;--_ga-d-tablet:flex;--_ga-mw-tablet:calc(100% - 0 - 0);--_ga-m-mobile:0 0 0 0;--_ga-p-mobile:0 0 0 0;--_ga-bg-mobile:transparent none;--_ga-zi-mobile:auto;--_ga-d-mobile:flex;--_ga-mw-mobile:calc(100% - 0 - 0)\">\n\n<h2 class=\"wp-block-heading has-text-align-center\">Buchen Sie das Feld und fragen Sie nach den Ball<\/h2>\n\n\n\n<p class=\"has-text-align-center\">Suchen Sie sich Ihren Lieblingsbasketballplatz aus und buchen Sie ihn am <strong>Animationb\u00fcro<\/strong>.<\/p>\n\n\n\n<p class=\"has-text-align-center\">Wenn Sie keinen Ball dabei haben, kein Problem! Sie k\u00f6nnen danach jederzeit bei unseren Mitarbeitern fragen.<\/p>\n\n<\/div>\n\n<div class=\"grids-area\" style=\"--_ga-column:10\/13;--_ga-row:1\/7;--_ga-va:center;--_ga-m-desktop:0 0 0 0;--_ga-p-desktop:0 0 0 0;--_ga-bg-desktop:transparent none;--_ga-zi-desktop:auto;--_ga-d-desktop:flex;--_ga-mw-desktop:calc(100% - 0 - 0);--_ga-m-tablet:0 0 0 0;--_ga-p-tablet:0 0 0 0;--_ga-bg-tablet:transparent none;--_ga-zi-tablet:auto;--_ga-d-tablet:flex;--_ga-mw-tablet:calc(100% - 0 - 0);--_ga-m-mobile:0 0 0 0;--_ga-p-mobile:0 0 0 0;--_ga-bg-mobile:transparent none;--_ga-zi-mobile:auto;--_ga-d-mobile:flex;--_ga-mw-mobile:calc(100% - 0 - 0)\">\n\n<lord-icon src=\"https:\/\/cdn.lordicon.com\/enhpydev.json\" trigger=\"loop\" delay=\"2000\" colors=\"primary:#ffffff,secondary:#ffffff\" style=\"width:250px;height:250px\">\n<\/lord-icon>\n\n<\/div>\n<\/div><\/div>\n\n<div  class=\"grids-section grids-is-advanced alignfull\" style=\"--_gs-gap-desktop:0px 0px;--_gs-m-desktop:0 0 0 0;--_gs-p-desktop:0 0 0 0;--_gs-bg-desktop:transparent none;--_gs-bg-xp-desktop:0px;--_gs-zi-desktop:auto;--_gs-d-desktop:block;--_gs-mw-desktop:calc(100% - 0 - 0);--_gs-gap-tablet:0px 0px;--_gs-m-tablet:0 0 0 0;--_gs-p-tablet:0 0 0 0;--_gs-bg-tablet:transparent none;--_gs-bg-xp-tablet:0px;--_gs-zi-tablet:auto;--_gs-d-tablet:block;--_gs-mw-tablet:calc(100% - 0 - 0);--_gs-gap-mobile:0px 0px;--_gs-m-mobile:0 0 0 0;--_gs-p-mobile:0 0 0 0;--_gs-bg-mobile:transparent none;--_gs-bg-xp-mobile:0px;--_gs-zi-mobile:auto;--_gs-d-mobile:block;--_gs-mw-mobile:calc(100% - 0 - 0);--_gs-columns:12;--_gs-rows:6\"><div class=\"grids-s-w_i\">\n<div class=\"grids-area\" style=\"--_ga-column:2\/12;--_ga-row:1\/3;--_ga-m-desktop:0 0 0 0;--_ga-p-desktop:0 0 0 0;--_ga-bg-desktop:transparent none;--_ga-zi-desktop:auto;--_ga-d-desktop:flex;--_ga-mw-desktop:calc(100% - 0 - 0);--_ga-m-tablet:0 0 0 0;--_ga-p-tablet:0 0 0 0;--_ga-bg-tablet:transparent none;--_ga-zi-tablet:auto;--_ga-d-tablet:flex;--_ga-mw-tablet:calc(100% - 0 - 0);--_ga-m-mobile:0 0 0 0;--_ga-p-mobile:0 0 0 0;--_ga-bg-mobile:transparent none;--_ga-zi-mobile:auto;--_ga-d-mobile:flex;--_ga-mw-mobile:calc(100% - 0 - 0)\">\n\n<div style=\"height:50px\" aria-hidden=\"true\" class=\"wp-block-spacer\"><\/div>\n\n\n\n<h2 class=\"wp-block-heading has-text-align-center\">Basketballkurse f\u00fcr Anf\u00e4nger<\/h2>\n\n\n\n<p>Selbst die j\u00fcngsten Kinder k\u00f6nnen dank der Basketballkurse im Feriendorf San Francesco lernen, wie man K\u00f6rbe wirft.<\/p>\n\n\n\n<p>Unsere Trainer bringen schon den j\u00fcngsten Kindern die richtigen Techniken beim Schie\u00dfen, Dribbeln und Passen bei.&nbsp;<\/p>\n\n\n\n<p>Versuchen Sie einige freie W\u00fcrfe oder sogar Drei-Punkt-W\u00fcrfe zu machen. Auf dem Campingplatz San Francesco in Caorle lernen Sie die Grundlagen des Basketballs und werden von Tag zu Tag besser.<\/p>\n\n<\/div>\n\n<div class=\"grids-area\" style=\"--_ga-column:2\/12;--_ga-row:3\/7;--_ga-m-desktop:0 0 0 0;--_ga-p-desktop:0 0 0 0;--_ga-bg-desktop:transparent none;--_ga-zi-desktop:auto;--_ga-d-desktop:flex;--_ga-mw-desktop:calc(100% - 0 - 0);--_ga-m-tablet:0 0 0 0;--_ga-p-tablet:0 0 0 0;--_ga-bg-tablet:transparent none;--_ga-zi-tablet:auto;--_ga-d-tablet:flex;--_ga-mw-tablet:calc(100% - 0 - 0);--_ga-m-mobile:0 0 0 0;--_ga-p-mobile:0 0 0 0;--_ga-bg-mobile:transparent none;--_ga-zi-mobile:auto;--_ga-d-mobile:flex;--_ga-mw-mobile:calc(100% - 0 - 0)\"><\/div>\n<\/div><\/div>","protected":false},"excerpt":{"rendered":"","protected":false},"author":1,"featured_media":6496,"parent":0,"menu_order":0,"comment_status":"closed","ping_status":"closed","template":"","meta":{"_acf_changed":false,"advgb_blocks_editor_width":"","advgb_blocks_columns_visual_guide":"","footnotes":""},"class_list":["post-11274","page","type-page","status-publish","has-post-thumbnail","hentry","entry"],"acf":[],"yoast_head":"<!-- This site is optimized with the Yoast SEO plugin v26.0 - https:\/\/yoast.com\/wordpress\/plugins\/seo\/ -->\n<title>Basketballpl\u00e4tze | Feriendorf San Francesco<\/title>\n<meta name=\"description\" content=\"Werfen Sie K\u00f6rbe und bleiben Sie fit dank der Basketballpl\u00e4tze, die im Feriendorf San Francesco in Caorle zur Verf\u00fcgung stehen.\" \/>\n<meta name=\"robots\" content=\"index, follow, max-snippet:-1, max-image-preview:large, max-video-preview:-1\" \/>\n<link rel=\"canonical\" href=\"https:\/\/www.villaggiosanfrancesco.com\/de\/basketballplaetze\/\" \/>\n<meta property=\"og:locale\" content=\"de_DE\" \/>\n<meta property=\"og:type\" content=\"article\" \/>\n<meta property=\"og:title\" content=\"Basketballpl\u00e4tze | Feriendorf San Francesco\" \/>\n<meta property=\"og:description\" content=\"Werfen Sie K\u00f6rbe und bleiben Sie fit dank der Basketballpl\u00e4tze, die im Feriendorf San Francesco in Caorle zur Verf\u00fcgung stehen.\" \/>\n<meta property=\"og:url\" content=\"https:\/\/www.villaggiosanfrancesco.com\/de\/basketballplaetze\/\" \/>\n<meta property=\"og:site_name\" content=\"Villaggio San Francesco\" \/>\n<meta property=\"article:publisher\" content=\"https:\/\/www.facebook.com\/VillaggioSanFrancesco\/\" \/>\n<meta property=\"article:modified_time\" content=\"2026-04-15T12:40:50+00:00\" \/>\n<meta property=\"og:image\" content=\"https:\/\/www.villaggiosanfrancesco.com\/wp-content\/uploads\/2022\/08\/basket_villaggio_san_francesco.jpg\" \/>\n\t<meta property=\"og:image:width\" content=\"1280\" \/>\n\t<meta property=\"og:image:height\" content=\"666\" \/>\n\t<meta property=\"og:image:type\" content=\"image\/jpeg\" \/>\n<meta name=\"twitter:card\" content=\"summary_large_image\" \/>\n<meta name=\"twitter:label1\" content=\"Gesch\u00e4tzte Lesezeit\" \/>\n\t<meta name=\"twitter:data1\" content=\"2\u00a0Minuten\" \/>\n<script type=\"application\/ld+json\" class=\"yoast-schema-graph\">{\"@context\":\"https:\/\/schema.org\",\"@graph\":[{\"@type\":\"WebPage\",\"@id\":\"https:\/\/www.villaggiosanfrancesco.com\/de\/basketballplaetze\/\",\"url\":\"https:\/\/www.villaggiosanfrancesco.com\/de\/basketballplaetze\/\",\"name\":\"Basketballpl\u00e4tze | Feriendorf San Francesco\",\"isPartOf\":{\"@id\":\"https:\/\/www.villaggiosanfrancesco.com\/de\/#website\"},\"primaryImageOfPage\":{\"@id\":\"https:\/\/www.villaggiosanfrancesco.com\/de\/basketballplaetze\/#primaryimage\"},\"image\":{\"@id\":\"https:\/\/www.villaggiosanfrancesco.com\/de\/basketballplaetze\/#primaryimage\"},\"thumbnailUrl\":\"https:\/\/www.villaggiosanfrancesco.com\/wp-content\/uploads\/2022\/08\/basket_villaggio_san_francesco.jpg\",\"datePublished\":\"2023-01-22T22:24:33+00:00\",\"dateModified\":\"2026-04-15T12:40:50+00:00\",\"description\":\"Werfen Sie K\u00f6rbe und bleiben Sie fit dank der Basketballpl\u00e4tze, die im Feriendorf San Francesco in Caorle zur Verf\u00fcgung stehen.\",\"breadcrumb\":{\"@id\":\"https:\/\/www.villaggiosanfrancesco.com\/de\/basketballplaetze\/#breadcrumb\"},\"inLanguage\":\"de\",\"potentialAction\":[{\"@type\":\"ReadAction\",\"target\":[\"https:\/\/www.villaggiosanfrancesco.com\/de\/basketballplaetze\/\"]}]},{\"@type\":\"ImageObject\",\"inLanguage\":\"de\",\"@id\":\"https:\/\/www.villaggiosanfrancesco.com\/de\/basketballplaetze\/#primaryimage\",\"url\":\"https:\/\/www.villaggiosanfrancesco.com\/wp-content\/uploads\/2022\/08\/basket_villaggio_san_francesco.jpg\",\"contentUrl\":\"https:\/\/www.villaggiosanfrancesco.com\/wp-content\/uploads\/2022\/08\/basket_villaggio_san_francesco.jpg\",\"width\":1280,\"height\":666,\"caption\":\"canestro campi da basket al villaggio san francesco\"},{\"@type\":\"BreadcrumbList\",\"@id\":\"https:\/\/www.villaggiosanfrancesco.com\/de\/basketballplaetze\/#breadcrumb\",\"itemListElement\":[{\"@type\":\"ListItem\",\"position\":1,\"name\":\"Home\",\"item\":\"https:\/\/www.villaggiosanfrancesco.com\/de\/\"},{\"@type\":\"ListItem\",\"position\":2,\"name\":\"Basketballpl\u00e4tze\"}]},{\"@type\":\"WebSite\",\"@id\":\"https:\/\/www.villaggiosanfrancesco.com\/de\/#website\",\"url\":\"https:\/\/www.villaggiosanfrancesco.com\/de\/\",\"name\":\"Villaggio San Francesco\",\"description\":\"Caorle, VENEZIA\",\"publisher\":{\"@id\":\"https:\/\/www.villaggiosanfrancesco.com\/de\/#organization\"},\"potentialAction\":[{\"@type\":\"SearchAction\",\"target\":{\"@type\":\"EntryPoint\",\"urlTemplate\":\"https:\/\/www.villaggiosanfrancesco.com\/de\/?s={search_term_string}\"},\"query-input\":{\"@type\":\"PropertyValueSpecification\",\"valueRequired\":true,\"valueName\":\"search_term_string\"}}],\"inLanguage\":\"de\"},{\"@type\":\"Organization\",\"@id\":\"https:\/\/www.villaggiosanfrancesco.com\/de\/#organization\",\"name\":\"Villaggio San Francesco\",\"url\":\"https:\/\/www.villaggiosanfrancesco.com\/de\/\",\"logo\":{\"@type\":\"ImageObject\",\"inLanguage\":\"de\",\"@id\":\"https:\/\/www.villaggiosanfrancesco.com\/de\/#\/schema\/logo\/image\/\",\"url\":\"https:\/\/www.villaggiosanfrancesco.com\/wp-content\/uploads\/2023\/03\/Logo-Villaggio-San-Francesco-Caorle-1.png\",\"contentUrl\":\"https:\/\/www.villaggiosanfrancesco.com\/wp-content\/uploads\/2023\/03\/Logo-Villaggio-San-Francesco-Caorle-1.png\",\"width\":1206,\"height\":356,\"caption\":\"Villaggio San Francesco\"},\"image\":{\"@id\":\"https:\/\/www.villaggiosanfrancesco.com\/de\/#\/schema\/logo\/image\/\"},\"sameAs\":[\"https:\/\/www.facebook.com\/VillaggioSanFrancesco\/\",\"https:\/\/www.instagram.com\/villaggiosanfrancesco\/\",\"https:\/\/www.youtube.com\/channel\/UClXJoJulrb1UANfZodeHn-g\",\"https:\/\/www.tiktok.com\/@sanfrancescoresort\"]}]}<\/script>\n<!-- \/ Yoast SEO plugin. -->","yoast_head_json":{"title":"Basketballpl\u00e4tze | Feriendorf San Francesco","description":"Werfen Sie K\u00f6rbe und bleiben Sie fit dank der Basketballpl\u00e4tze, die im Feriendorf San Francesco in Caorle zur Verf\u00fcgung stehen.","robots":{"index":"index","follow":"follow","max-snippet":"max-snippet:-1","max-image-preview":"max-image-preview:large","max-video-preview":"max-video-preview:-1"},"canonical":"https:\/\/www.villaggiosanfrancesco.com\/de\/basketballplaetze\/","og_locale":"de_DE","og_type":"article","og_title":"Basketballpl\u00e4tze | Feriendorf San Francesco","og_description":"Werfen Sie K\u00f6rbe und bleiben Sie fit dank der Basketballpl\u00e4tze, die im Feriendorf San Francesco in Caorle zur Verf\u00fcgung stehen.","og_url":"https:\/\/www.villaggiosanfrancesco.com\/de\/basketballplaetze\/","og_site_name":"Villaggio San Francesco","article_publisher":"https:\/\/www.facebook.com\/VillaggioSanFrancesco\/","article_modified_time":"2026-04-15T12:40:50+00:00","og_image":[{"width":1280,"height":666,"url":"https:\/\/www.villaggiosanfrancesco.com\/wp-content\/uploads\/2022\/08\/basket_villaggio_san_francesco.jpg","type":"image\/jpeg"}],"twitter_card":"summary_large_image","twitter_misc":{"Gesch\u00e4tzte Lesezeit":"2\u00a0Minuten"},"schema":{"@context":"https:\/\/schema.org","@graph":[{"@type":"WebPage","@id":"https:\/\/www.villaggiosanfrancesco.com\/de\/basketballplaetze\/","url":"https:\/\/www.villaggiosanfrancesco.com\/de\/basketballplaetze\/","name":"Basketballpl\u00e4tze | Feriendorf San Francesco","isPartOf":{"@id":"https:\/\/www.villaggiosanfrancesco.com\/de\/#website"},"primaryImageOfPage":{"@id":"https:\/\/www.villaggiosanfrancesco.com\/de\/basketballplaetze\/#primaryimage"},"image":{"@id":"https:\/\/www.villaggiosanfrancesco.com\/de\/basketballplaetze\/#primaryimage"},"thumbnailUrl":"https:\/\/www.villaggiosanfrancesco.com\/wp-content\/uploads\/2022\/08\/basket_villaggio_san_francesco.jpg","datePublished":"2023-01-22T22:24:33+00:00","dateModified":"2026-04-15T12:40:50+00:00","description":"Werfen Sie K\u00f6rbe und bleiben Sie fit dank der Basketballpl\u00e4tze, die im Feriendorf San Francesco in Caorle zur Verf\u00fcgung stehen.","breadcrumb":{"@id":"https:\/\/www.villaggiosanfrancesco.com\/de\/basketballplaetze\/#breadcrumb"},"inLanguage":"de","potentialAction":[{"@type":"ReadAction","target":["https:\/\/www.villaggiosanfrancesco.com\/de\/basketballplaetze\/"]}]},{"@type":"ImageObject","inLanguage":"de","@id":"https:\/\/www.villaggiosanfrancesco.com\/de\/basketballplaetze\/#primaryimage","url":"https:\/\/www.villaggiosanfrancesco.com\/wp-content\/uploads\/2022\/08\/basket_villaggio_san_francesco.jpg","contentUrl":"https:\/\/www.villaggiosanfrancesco.com\/wp-content\/uploads\/2022\/08\/basket_villaggio_san_francesco.jpg","width":1280,"height":666,"caption":"canestro campi da basket al villaggio san francesco"},{"@type":"BreadcrumbList","@id":"https:\/\/www.villaggiosanfrancesco.com\/de\/basketballplaetze\/#breadcrumb","itemListElement":[{"@type":"ListItem","position":1,"name":"Home","item":"https:\/\/www.villaggiosanfrancesco.com\/de\/"},{"@type":"ListItem","position":2,"name":"Basketballpl\u00e4tze"}]},{"@type":"WebSite","@id":"https:\/\/www.villaggiosanfrancesco.com\/de\/#website","url":"https:\/\/www.villaggiosanfrancesco.com\/de\/","name":"Villaggio San Francesco","description":"Caorle, VENEZIA","publisher":{"@id":"https:\/\/www.villaggiosanfrancesco.com\/de\/#organization"},"potentialAction":[{"@type":"SearchAction","target":{"@type":"EntryPoint","urlTemplate":"https:\/\/www.villaggiosanfrancesco.com\/de\/?s={search_term_string}"},"query-input":{"@type":"PropertyValueSpecification","valueRequired":true,"valueName":"search_term_string"}}],"inLanguage":"de"},{"@type":"Organization","@id":"https:\/\/www.villaggiosanfrancesco.com\/de\/#organization","name":"Villaggio San Francesco","url":"https:\/\/www.villaggiosanfrancesco.com\/de\/","logo":{"@type":"ImageObject","inLanguage":"de","@id":"https:\/\/www.villaggiosanfrancesco.com\/de\/#\/schema\/logo\/image\/","url":"https:\/\/www.villaggiosanfrancesco.com\/wp-content\/uploads\/2023\/03\/Logo-Villaggio-San-Francesco-Caorle-1.png","contentUrl":"https:\/\/www.villaggiosanfrancesco.com\/wp-content\/uploads\/2023\/03\/Logo-Villaggio-San-Francesco-Caorle-1.png","width":1206,"height":356,"caption":"Villaggio San Francesco"},"image":{"@id":"https:\/\/www.villaggiosanfrancesco.com\/de\/#\/schema\/logo\/image\/"},"sameAs":["https:\/\/www.facebook.com\/VillaggioSanFrancesco\/","https:\/\/www.instagram.com\/villaggiosanfrancesco\/","https:\/\/www.youtube.com\/channel\/UClXJoJulrb1UANfZodeHn-g","https:\/\/www.tiktok.com\/@sanfrancescoresort"]}]}},"coauthors":[],"author_meta":{"author_link":"https:\/\/www.villaggiosanfrancesco.com\/de\/news\/author\/admin\/","display_name":"admin"},"relative_dates":{"created":"Posted 3\u00a0Jahren ago","modified":"Updated 1\u00a0Tag ago"},"absolute_dates":{"created":"Posted on Januar 22, 2023","modified":"Updated on April 15, 2026"},"absolute_dates_time":{"created":"Posted on Januar 22, 2023 11:24 p.m.","modified":"Updated on April 15, 2026 2:40 p.m."},"featured_img_caption":"","featured_img":"https:\/\/www.villaggiosanfrancesco.com\/wp-content\/uploads\/2022\/08\/basket_villaggio_san_francesco.jpg","series_order":"","_links":{"self":[{"href":"https:\/\/www.villaggiosanfrancesco.com\/de\/wp-json\/wp\/v2\/pages\/11274","targetHints":{"allow":["GET"]}}],"collection":[{"href":"https:\/\/www.villaggiosanfrancesco.com\/de\/wp-json\/wp\/v2\/pages"}],"about":[{"href":"https:\/\/www.villaggiosanfrancesco.com\/de\/wp-json\/wp\/v2\/types\/page"}],"author":[{"embeddable":true,"href":"https:\/\/www.villaggiosanfrancesco.com\/de\/wp-json\/wp\/v2\/users\/1"}],"replies":[{"embeddable":true,"href":"https:\/\/www.villaggiosanfrancesco.com\/de\/wp-json\/wp\/v2\/comments?post=11274"}],"version-history":[{"count":1,"href":"https:\/\/www.villaggiosanfrancesco.com\/de\/wp-json\/wp\/v2\/pages\/11274\/revisions"}],"predecessor-version":[{"id":41483,"href":"https:\/\/www.villaggiosanfrancesco.com\/de\/wp-json\/wp\/v2\/pages\/11274\/revisions\/41483"}],"wp:featuredmedia":[{"embeddable":true,"href":"https:\/\/www.villaggiosanfrancesco.com\/de\/wp-json\/wp\/v2\/media\/6496"}],"wp:attachment":[{"href":"https:\/\/www.villaggiosanfrancesco.com\/de\/wp-json\/wp\/v2\/media?parent=11274"}],"curies":[{"name":"wp","href":"https:\/\/api.w.org\/{rel}","templated":true}]}}